{"id":39320,"date":"2025-12-25T00:00:00","date_gmt":"2025-12-24T21:00:00","guid":{"rendered":"https:\/\/www.gasia.com.tr\/?post_type=product&#038;p=39320"},"modified":"2026-03-30T16:38:49","modified_gmt":"2026-03-30T13:38:49","slug":"zambak-motifli-tasli-sallantili-kupe","status":"publish","type":"product","link":"https:\/\/www.gasia.com.tr\/en\/collections\/zambak-motifli-tasli-sallantili-kupe\/","title":{"rendered":"Zambak Motifli Ta\u015fl\u0131 Sallant\u0131l\u0131 K\u00fcpe"},"content":{"rendered":"<ul>\n<li>14 Ayar Alt\u0131n<\/li>\n<li>0.51 ct P\u0131rlanta<\/li>\n<li>K\u00fcpemiz \u00c7ift olarak sat\u0131lmaktad\u0131r<\/li>\n<\/ul>\n<p>Zambak motifli p\u0131rlanta detayl\u0131 sallant\u0131l\u0131 k\u00fcpe. Zarif ve dikkat \u00e7ekici tasar\u0131m\u0131yla klasik ve modern tarz\u0131 bir araya getiren \u015f\u0131k bir m\u00fccevher.<\/p>","protected":false},"excerpt":{"rendered":"<p>14 Ayar Alt\u0131n 0.51 ct P\u0131rlanta K\u00fcpemiz \u00c7ift olarak sat\u0131lmaktad\u0131r Zambak motifli p\u0131rlanta detayl\u0131 sallant\u0131l\u0131 k\u00fcpe. Zarif ve dikkat \u00e7ekici<\/p>","protected":false},"featured_media":39321,"comment_status":"open","ping_status":"closed","template":"","meta":[],"product_brand":[],"product_cat":[249,74],"product_tag":[906,910,903,902,901,905,899,909,395,904,900,814,908,815,813,907,898],"class_list":{"0":"post-39320","1":"product","2":"type-product","3":"status-publish","4":"has-post-thumbnail","6":"product_cat-fleur-de-lis-koleksiyonu","7":"product_cat-kupe-modelleri","8":"product_tag-designer-fleur-de-lis-earrings","9":"product_tag-fleur-de-lis-charm-earrings","10":"product_tag-fleur-de-lis-dangle-earrings","11":"product_tag-fleur-de-lis-drop-earrings","12":"product_tag-fleur-de-lis-earrings","13":"product_tag-fleur-de-lis-jewelry","14":"product_tag-fleur-de-lis-kupe","15":"product_tag-gold-fleur-de-lis-earrings","16":"product_tag-kadin-kupe","17":"product_tag-lily-symbol-earrings","18":"product_tag-motifli-kupe","19":"product_tag-sallantili-kupe","20":"product_tag-statement-fleur-de-lis-earrings","21":"product_tag-tasarim-kupe","22":"product_tag-tasli-kupe","23":"product_tag-vintage-fleur-de-lis-earrings","24":"product_tag-zambak-motifli-kupe","25":"pa_cinsiyet-kadin","27":"first","28":"instock","29":"sale","30":"shipping-taxable","31":"purchasable","32":"product-type-simple"},"_links":{"self":[{"href":"https:\/\/www.gasia.com.tr\/en\/wp-json\/wp\/v2\/product\/39320","targetHints":{"allow":["GET"]}}],"collection":[{"href":"https:\/\/www.gasia.com.tr\/en\/wp-json\/wp\/v2\/product"}],"about":[{"href":"https:\/\/www.gasia.com.tr\/en\/wp-json\/wp\/v2\/types\/product"}],"replies":[{"embeddable":true,"href":"https:\/\/www.gasia.com.tr\/en\/wp-json\/wp\/v2\/comments?post=39320"}],"version-history":[{"count":2,"href":"https:\/\/www.gasia.com.tr\/en\/wp-json\/wp\/v2\/product\/39320\/revisions"}],"predecessor-version":[{"id":39323,"href":"https:\/\/www.gasia.com.tr\/en\/wp-json\/wp\/v2\/product\/39320\/revisions\/39323"}],"wp:featuredmedia":[{"embeddable":true,"href":"https:\/\/www.gasia.com.tr\/en\/wp-json\/wp\/v2\/media\/39321"}],"wp:attachment":[{"href":"https:\/\/www.gasia.com.tr\/en\/wp-json\/wp\/v2\/media?parent=39320"}],"wp:term":[{"taxonomy":"product_brand","embeddable":true,"href":"https:\/\/www.gasia.com.tr\/en\/wp-json\/wp\/v2\/product_brand?post=39320"},{"taxonomy":"product_cat","embeddable":true,"href":"https:\/\/www.gasia.com.tr\/en\/wp-json\/wp\/v2\/product_cat?post=39320"},{"taxonomy":"product_tag","embeddable":true,"href":"https:\/\/www.gasia.com.tr\/en\/wp-json\/wp\/v2\/product_tag?post=39320"}],"curies":[{"name":"wp","href":"https:\/\/api.w.org\/{rel}","templated":true}]}}