{"id":39324,"date":"2025-10-09T00:00:00","date_gmt":"2025-10-08T21:00:00","guid":{"rendered":"https:\/\/www.gasia.com.tr\/?post_type=product&#038;p=39324"},"modified":"2026-03-30T16:54:58","modified_gmt":"2026-03-30T13:54:58","slug":"baykus-motifli-kupe","status":"publish","type":"product","link":"https:\/\/www.gasia.com.tr\/en\/collections\/baykus-motifli-kupe\/","title":{"rendered":"Bayku\u015f Motifli K\u00fcpe"},"content":{"rendered":"<ul>\n<li>18 Ayar Alt\u0131n<\/li>\n<li>925 ayar Okside G\u00fcm\u00fc\u015f<\/li>\n<li>0.12 ct P\u0131rlanta<\/li>\n<li>0.22 ct Green Garnet<\/li>\n<li>K\u00fcpemiz \u00e7ift olarak sat\u0131lmaktad\u0131r<\/li>\n<\/ul>\n<p>Bayku\u015f motifli p\u0131rlanta ta\u015fl\u0131 k\u00fcpe. Parlak ta\u015f detaylar\u0131 ve ye\u015fil granat g\u00f6z tasar\u0131m\u0131yla dikkat \u00e7eken \u015f\u0131k ve anlaml\u0131 bir m\u00fccevher.<\/p>","protected":false},"excerpt":{"rendered":"<p>18 Ayar Alt\u0131n 925 ayar Okside G\u00fcm\u00fc\u015f 0.12 ct P\u0131rlanta 0.22 ct Green Garnet K\u00fcpemiz \u00e7ift olarak sat\u0131lmaktad\u0131r Bayku\u015f motifli<\/p>","protected":false},"featured_media":39325,"comment_status":"open","ping_status":"closed","template":"","meta":[],"product_brand":[],"product_cat":[74],"product_tag":[919,911,912,920,921,913,923,914,395,915,917,918,916,924,815,813,922],"class_list":{"0":"post-39324","1":"product","2":"type-product","3":"status-publish","4":"has-post-thumbnail","6":"product_cat-kupe-modelleri","7":"product_tag-animal-motif-earrings","8":"product_tag-baykus-kupe","9":"product_tag-baykus-motifli-kupe","10":"product_tag-crystal-owl-earrings","11":"product_tag-designer-owl-earrings","12":"product_tag-figurlu-kupe","13":"product_tag-green-eye-owl-earrings","14":"product_tag-hayvan-figurlu-kupe","15":"product_tag-kadin-kupe","16":"product_tag-owl-earrings","17":"product_tag-owl-gemstone-earrings","18":"product_tag-owl-jewelry-earrings","19":"product_tag-owl-stud-earrings","20":"product_tag-statement-owl-earrings","21":"product_tag-tasarim-kupe","22":"product_tag-tasli-kupe","23":"product_tag-vintage-owl-earrings","24":"pa_cinsiyet-kadin","26":"first","27":"instock","28":"sale","29":"shipping-taxable","30":"purchasable","31":"product-type-simple"},"_links":{"self":[{"href":"https:\/\/www.gasia.com.tr\/en\/wp-json\/wp\/v2\/product\/39324","targetHints":{"allow":["GET"]}}],"collection":[{"href":"https:\/\/www.gasia.com.tr\/en\/wp-json\/wp\/v2\/product"}],"about":[{"href":"https:\/\/www.gasia.com.tr\/en\/wp-json\/wp\/v2\/types\/product"}],"replies":[{"embeddable":true,"href":"https:\/\/www.gasia.com.tr\/en\/wp-json\/wp\/v2\/comments?post=39324"}],"version-history":[{"count":2,"href":"https:\/\/www.gasia.com.tr\/en\/wp-json\/wp\/v2\/product\/39324\/revisions"}],"predecessor-version":[{"id":39327,"href":"https:\/\/www.gasia.com.tr\/en\/wp-json\/wp\/v2\/product\/39324\/revisions\/39327"}],"wp:featuredmedia":[{"embeddable":true,"href":"https:\/\/www.gasia.com.tr\/en\/wp-json\/wp\/v2\/media\/39325"}],"wp:attachment":[{"href":"https:\/\/www.gasia.com.tr\/en\/wp-json\/wp\/v2\/media?parent=39324"}],"wp:term":[{"taxonomy":"product_brand","embeddable":true,"href":"https:\/\/www.gasia.com.tr\/en\/wp-json\/wp\/v2\/product_brand?post=39324"},{"taxonomy":"product_cat","embeddable":true,"href":"https:\/\/www.gasia.com.tr\/en\/wp-json\/wp\/v2\/product_cat?post=39324"},{"taxonomy":"product_tag","embeddable":true,"href":"https:\/\/www.gasia.com.tr\/en\/wp-json\/wp\/v2\/product_tag?post=39324"}],"curies":[{"name":"wp","href":"https:\/\/api.w.org\/{rel}","templated":true}]}}