{"id":39334,"date":"2025-12-25T00:00:00","date_gmt":"2025-12-24T21:00:00","guid":{"rendered":"https:\/\/www.gasia.com.tr\/?post_type=product&#038;p=39334"},"modified":"2026-03-30T16:38:49","modified_gmt":"2026-03-30T13:38:49","slug":"kirlangic-kusu-tasarimli-sallantili-kupe","status":"publish","type":"product","link":"https:\/\/www.gasia.com.tr\/en\/collections\/kirlangic-kusu-tasarimli-sallantili-kupe\/","title":{"rendered":"K\u0131rlang\u0131\u00e7 Ku\u015fu Tasar\u0131ml\u0131 Sallant\u0131l\u0131 K\u00fcpe"},"content":{"rendered":"<ul>\n<li>14 Ayar Alt\u0131n<\/li>\n<li>925 Ayar Okside G\u00fcm\u00fc\u015f<\/li>\n<li>0.04 ct P\u0131rlanta<\/li>\n<li>k\u00fcpemiz \u00e7ift olarak sat\u0131lmaktad\u0131r<\/li>\n<\/ul>\n<p>Ku\u015f motifli tasar\u0131m sallant\u0131l\u0131 k\u00fcpe. Modern ve zarif detaylar\u0131yla g\u00fcnl\u00fck stil i\u00e7in \u015f\u0131k bir m\u00fccevher.<\/p>","protected":false},"excerpt":{"rendered":"<p>14 Ayar Alt\u0131n 925 Ayar Okside G\u00fcm\u00fc\u015f 0.04 ct P\u0131rlanta k\u00fcpemiz \u00e7ift olarak sat\u0131lmaktad\u0131r Ku\u015f motifli tasar\u0131m sallant\u0131l\u0131 k\u00fcpe. Modern<\/p>","protected":false},"featured_media":39335,"comment_status":"open","ping_status":"closed","template":"","meta":[],"product_brand":[],"product_cat":[248,74],"product_tag":[919,929,928,927,938,935,930,931,913,395,925,926,933,932,392,814,934,937,941,939,936,940,815],"class_list":{"0":"post-39334","1":"product","2":"type-product","3":"status-publish","4":"has-post-thumbnail","6":"product_cat-istanbul-koleksiyonu","7":"product_cat-kupe-modelleri","8":"product_tag-animal-motif-earrings","9":"product_tag-bird-dangle-earrings","10":"product_tag-bird-drop-earrings","11":"product_tag-bird-earrings","12":"product_tag-bird-hoop-earrings","13":"product_tag-bird-jewelry-earrings","14":"product_tag-bird-motif-earrings","15":"product_tag-designer-bird-earrings","16":"product_tag-figurlu-kupe","17":"product_tag-kadin-kupe","18":"product_tag-kus-kupe","19":"product_tag-kus-motifli-kupe","20":"product_tag-minimalist-bird-earrings","21":"product_tag-modern-bird-earrings","22":"product_tag-modern-kupe","23":"product_tag-sallantili-kupe","24":"product_tag-statement-bird-earrings","25":"product_tag-swallow-bird-earrings","26":"product_tag-swallow-charm-earrings","27":"product_tag-swallow-dangle-earrings","28":"product_tag-swallow-earrings","29":"product_tag-swallow-jewelry-earrings","30":"product_tag-tasarim-kupe","31":"pa_cinsiyet-kadin","33":"first","34":"instock","35":"shipping-taxable","36":"purchasable","37":"product-type-simple"},"_links":{"self":[{"href":"https:\/\/www.gasia.com.tr\/en\/wp-json\/wp\/v2\/product\/39334","targetHints":{"allow":["GET"]}}],"collection":[{"href":"https:\/\/www.gasia.com.tr\/en\/wp-json\/wp\/v2\/product"}],"about":[{"href":"https:\/\/www.gasia.com.tr\/en\/wp-json\/wp\/v2\/types\/product"}],"replies":[{"embeddable":true,"href":"https:\/\/www.gasia.com.tr\/en\/wp-json\/wp\/v2\/comments?post=39334"}],"version-history":[{"count":1,"href":"https:\/\/www.gasia.com.tr\/en\/wp-json\/wp\/v2\/product\/39334\/revisions"}],"predecessor-version":[{"id":39336,"href":"https:\/\/www.gasia.com.tr\/en\/wp-json\/wp\/v2\/product\/39334\/revisions\/39336"}],"wp:featuredmedia":[{"embeddable":true,"href":"https:\/\/www.gasia.com.tr\/en\/wp-json\/wp\/v2\/media\/39335"}],"wp:attachment":[{"href":"https:\/\/www.gasia.com.tr\/en\/wp-json\/wp\/v2\/media?parent=39334"}],"wp:term":[{"taxonomy":"product_brand","embeddable":true,"href":"https:\/\/www.gasia.com.tr\/en\/wp-json\/wp\/v2\/product_brand?post=39334"},{"taxonomy":"product_cat","embeddable":true,"href":"https:\/\/www.gasia.com.tr\/en\/wp-json\/wp\/v2\/product_cat?post=39334"},{"taxonomy":"product_tag","embeddable":true,"href":"https:\/\/www.gasia.com.tr\/en\/wp-json\/wp\/v2\/product_tag?post=39334"}],"curies":[{"name":"wp","href":"https:\/\/api.w.org\/{rel}","templated":true}]}}