{"id":39351,"date":"2026-01-03T17:25:40","date_gmt":"2026-01-03T14:25:40","guid":{"rendered":"https:\/\/www.gasia.com.tr\/?post_type=product&#038;p=39351"},"modified":"2026-04-11T13:56:37","modified_gmt":"2026-04-11T10:56:37","slug":"minimal-markiz-pirlanta-tasli-altin-yuzuk","status":"publish","type":"product","link":"https:\/\/www.gasia.com.tr\/en\/collections\/minimal-markiz-pirlanta-tasli-altin-yuzuk\/","title":{"rendered":"Minimal Markiz P\u0131rlanta Ta\u015fl\u0131 Alt\u0131n Y\u00fcz\u00fck"},"content":{"rendered":"<p data-start=\"106\" data-end=\"367\">Zarif detaylar\u0131yla \u00f6ne \u00e7\u0131kan bu minimal y\u00fcz\u00fck, merkezde yer alan markiz kesim ta\u015f formu ile modern ve sofistike bir g\u00f6r\u00fcn\u00fcm sunar. \u0130nce ve ak\u0131\u015fkan hatlara sahip alt\u0131n form, y\u00fcz\u00fc\u011fe hafiflik ve zarafet katarken g\u00fcnl\u00fck kullan\u0131m i\u00e7in ideal bir stil olu\u015fturur.<\/p>\n<p data-start=\"369\" data-end=\"570\">Ta\u015f\u0131n etraf\u0131ndaki ince p\u0131rlanta dokunu\u015fu, tasar\u0131ma zarif bir \u0131\u015f\u0131lt\u0131 kazand\u0131r\u0131r. Hem tek ba\u015f\u0131na \u015f\u0131k bir tamamlay\u0131c\u0131 olarak hem de di\u011fer y\u00fcz\u00fcklerle kombinlenerek kullan\u0131labilecek zamans\u0131z bir par\u00e7ad\u0131r.<\/p>","protected":false},"excerpt":{"rendered":"<ul>\n<li>14 Ayar Alt\u0131n<\/li>\n<li>0.04 ct P\u0131rlanta<\/li>\n<\/ul>","protected":false},"featured_media":39352,"comment_status":"open","ping_status":"closed","template":"","meta":[],"product_brand":[77],"product_cat":[76],"product_tag":[972,578,527,565,528,577,520,971,975,974,973,518,576,581,521,340,562,519],"class_list":{"0":"post-39351","1":"product","2":"type-product","3":"status-publish","4":"has-post-thumbnail","6":"product_brand-gasia","7":"product_cat-yuzuk-modelleri","8":"product_tag-altin-renk-yuzuk","9":"product_tag-dainty-ring","10":"product_tag-delicate-ring","11":"product_tag-designer-ring","12":"product_tag-elegant-ring","13":"product_tag-gold-ring","14":"product_tag-kadin-yuzuk","15":"product_tag-markiz-yuzuk","16":"product_tag-marquise-diamond-ring","17":"product_tag-marquise-gemstone-ring","18":"product_tag-marquise-ring","19":"product_tag-minimal-yuzuk","20":"product_tag-minimalist-ring","21":"product_tag-modern-ring","22":"product_tag-modern-yuzuk","23":"product_tag-tasarim-yuzuk","24":"product_tag-tasli-yuzuk","25":"product_tag-zarif-yuzuk","26":"pa_cinsiyet-kadin","28":"first","29":"instock","30":"shipping-taxable","31":"purchasable","32":"product-type-simple"},"_links":{"self":[{"href":"https:\/\/www.gasia.com.tr\/en\/wp-json\/wp\/v2\/product\/39351","targetHints":{"allow":["GET"]}}],"collection":[{"href":"https:\/\/www.gasia.com.tr\/en\/wp-json\/wp\/v2\/product"}],"about":[{"href":"https:\/\/www.gasia.com.tr\/en\/wp-json\/wp\/v2\/types\/product"}],"replies":[{"embeddable":true,"href":"https:\/\/www.gasia.com.tr\/en\/wp-json\/wp\/v2\/comments?post=39351"}],"version-history":[{"count":3,"href":"https:\/\/www.gasia.com.tr\/en\/wp-json\/wp\/v2\/product\/39351\/revisions"}],"predecessor-version":[{"id":41840,"href":"https:\/\/www.gasia.com.tr\/en\/wp-json\/wp\/v2\/product\/39351\/revisions\/41840"}],"wp:featuredmedia":[{"embeddable":true,"href":"https:\/\/www.gasia.com.tr\/en\/wp-json\/wp\/v2\/media\/39352"}],"wp:attachment":[{"href":"https:\/\/www.gasia.com.tr\/en\/wp-json\/wp\/v2\/media?parent=39351"}],"wp:term":[{"taxonomy":"product_brand","embeddable":true,"href":"https:\/\/www.gasia.com.tr\/en\/wp-json\/wp\/v2\/product_brand?post=39351"},{"taxonomy":"product_cat","embeddable":true,"href":"https:\/\/www.gasia.com.tr\/en\/wp-json\/wp\/v2\/product_cat?post=39351"},{"taxonomy":"product_tag","embeddable":true,"href":"https:\/\/www.gasia.com.tr\/en\/wp-json\/wp\/v2\/product_tag?post=39351"}],"curies":[{"name":"wp","href":"https:\/\/api.w.org\/{rel}","templated":true}]}}