{"id":39360,"date":"2026-01-11T00:00:00","date_gmt":"2026-01-10T21:00:00","guid":{"rendered":"https:\/\/www.gasia.com.tr\/?post_type=product&#038;p=39360"},"modified":"2026-03-27T09:59:14","modified_gmt":"2026-03-27T06:59:14","slug":"minimal-goz-tasarimli-acik-uc-altin-yuzuk","status":"publish","type":"product","link":"https:\/\/www.gasia.com.tr\/en\/collections\/minimal-goz-tasarimli-acik-uc-altin-yuzuk\/","title":{"rendered":"Minimal G\u00f6z Tasar\u0131ml\u0131 A\u00e7\u0131k U\u00e7 Alt\u0131n Y\u00fcz\u00fck"},"content":{"rendered":"<p>G\u00f6z formunda P\u0131rlanta ve Safir\u00a0 detay\u0131na ve zarif tek ta\u015f vurgusuna sahip bu a\u00e7\u0131k u\u00e7 y\u00fcz\u00fck, modern ve sembolik tasar\u0131m\u0131yla dikkat \u00e7eken \u015f\u0131k bir par\u00e7ad\u0131r.<\/p>","protected":false},"excerpt":{"rendered":"<ul>\n<li>14 Ayar Alt\u0131n<\/li>\n<li>0.07 ct P\u0131rlanta<\/li>\n<li>0.04 ct Avustralya Safir<\/li>\n<\/ul>","protected":false},"featured_media":40854,"comment_status":"open","ping_status":"closed","template":"","meta":[],"product_brand":[],"product_cat":[198,76],"product_tag":[993,995,289,527,565,712,966,566,996,958,518,576,709,597,997,340,562,994],"class_list":{"0":"post-39360","1":"product","2":"type-product","3":"status-publish","4":"has-post-thumbnail","6":"product_cat-eye-collection","7":"product_cat-yuzuk-modelleri","8":"product_tag-acik-uc-yuzuk","9":"product_tag-adjustable-ring","10":"product_tag-altin-yuzuk","11":"product_tag-delicate-ring","12":"product_tag-designer-ring","13":"product_tag-evil-eye-ring","14":"product_tag-eye-motif-ring","15":"product_tag-gemstone-ring","16":"product_tag-gold-open-ring","17":"product_tag-goz-yuzuk","18":"product_tag-minimal-yuzuk","19":"product_tag-minimalist-ring","20":"product_tag-nazar-yuzugu","21":"product_tag-open-ring","22":"product_tag-symbolic-ring","23":"product_tag-tasarim-yuzuk","24":"product_tag-tasli-yuzuk","25":"product_tag-tek-tas-yuzuk","26":"pa_cinsiyet-kadin","28":"first","29":"instock","30":"shipping-taxable","31":"purchasable","32":"product-type-simple"},"_links":{"self":[{"href":"https:\/\/www.gasia.com.tr\/en\/wp-json\/wp\/v2\/product\/39360","targetHints":{"allow":["GET"]}}],"collection":[{"href":"https:\/\/www.gasia.com.tr\/en\/wp-json\/wp\/v2\/product"}],"about":[{"href":"https:\/\/www.gasia.com.tr\/en\/wp-json\/wp\/v2\/types\/product"}],"replies":[{"embeddable":true,"href":"https:\/\/www.gasia.com.tr\/en\/wp-json\/wp\/v2\/comments?post=39360"}],"version-history":[{"count":2,"href":"https:\/\/www.gasia.com.tr\/en\/wp-json\/wp\/v2\/product\/39360\/revisions"}],"predecessor-version":[{"id":40989,"href":"https:\/\/www.gasia.com.tr\/en\/wp-json\/wp\/v2\/product\/39360\/revisions\/40989"}],"wp:featuredmedia":[{"embeddable":true,"href":"https:\/\/www.gasia.com.tr\/en\/wp-json\/wp\/v2\/media\/40854"}],"wp:attachment":[{"href":"https:\/\/www.gasia.com.tr\/en\/wp-json\/wp\/v2\/media?parent=39360"}],"wp:term":[{"taxonomy":"product_brand","embeddable":true,"href":"https:\/\/www.gasia.com.tr\/en\/wp-json\/wp\/v2\/product_brand?post=39360"},{"taxonomy":"product_cat","embeddable":true,"href":"https:\/\/www.gasia.com.tr\/en\/wp-json\/wp\/v2\/product_cat?post=39360"},{"taxonomy":"product_tag","embeddable":true,"href":"https:\/\/www.gasia.com.tr\/en\/wp-json\/wp\/v2\/product_tag?post=39360"}],"curies":[{"name":"wp","href":"https:\/\/api.w.org\/{rel}","templated":true}]}}