{"id":39421,"date":"2026-03-11T21:58:07","date_gmt":"2026-03-11T18:58:07","guid":{"rendered":"https:\/\/www.gasia.com.tr\/?post_type=product&#038;p=39421"},"modified":"2026-04-13T08:38:51","modified_gmt":"2026-04-13T05:38:51","slug":"kuru-kafa-zincir-detayli-gotik-erkek-yuzuk","status":"publish","type":"product","link":"https:\/\/www.gasia.com.tr\/en\/collections\/kuru-kafa-zincir-detayli-gotik-erkek-yuzuk\/","title":{"rendered":"Kuru Kafa Zincir Detayl\u0131 Gotik Erkek Y\u00fcz\u00fck"},"content":{"rendered":"<p>Okside g\u00fcm\u00fc\u015f\u00fcn karakteristik koyu tonlar\u0131yla \u00f6ne \u00e7\u0131kan bu y\u00fcz\u00fck, kuru kafa motifleri ve zincir detay\u0131yla g\u00fc\u00e7l\u00fc bir stil sunar. Eskitme y\u00fczey dokusu tasar\u0131ma derinlik kazand\u0131r\u0131rken, \u00fc\u00e7 boyutlu kuru kafa fig\u00fcrleri dikkat \u00e7ekici bir g\u00f6r\u00fcn\u00fcm olu\u015fturur. Zincir formundaki detaylar y\u00fcz\u00fc\u011fe dinamik bir ifade katarken, sa\u011flam yap\u0131s\u0131 g\u00fcnl\u00fck kullan\u0131m i\u00e7in konfor sa\u011flar. Farkl\u0131 ve iddial\u0131 bir tarz arayanlar i\u00e7in \u00f6ne \u00e7\u0131kan bir aksesuard\u0131r.<\/p>","protected":false},"excerpt":{"rendered":"<ul>\n<li>925 Ayar Okside G\u00fcm\u00fc\u015f<\/li>\n<\/ul>","protected":false},"featured_media":41942,"comment_status":"open","ping_status":"closed","template":"","meta":[],"product_brand":[],"product_cat":[76,257],"product_tag":[458,463,457,468,469,455,465,461,459,453,452,467,464,456,462,466,460,454],"class_list":{"0":"post-39421","1":"product","2":"type-product","3":"status-publish","4":"has-post-thumbnail","6":"product_cat-yuzuk-modelleri","7":"product_cat-yuzukler","8":"product_tag-alternatif-stil-yuzuk","9":"product_tag-biker-ring","10":"product_tag-biker-yuzuk","11":"product_tag-chain-ring","12":"product_tag-edgy-ring","13":"product_tag-erkek-yuzuk","14":"product_tag-gothic-jewelry","15":"product_tag-gothic-ring","16":"product_tag-gotik-erkek-yuzuk","17":"product_tag-gotik-yuzuk","18":"product_tag-kuru-kafa-yuzuk","19":"product_tag-men-skull-ring","20":"product_tag-punk-ring","21":"product_tag-punk-yuzuk","22":"product_tag-skull-band-ring","23":"product_tag-skull-jewelry-ring","24":"product_tag-skull-ring","25":"product_tag-zincir-detayli-yuzuk","26":"pa_cinsiyet-erkek","28":"first","29":"instock","30":"shipping-taxable","31":"purchasable","32":"product-type-simple"},"_links":{"self":[{"href":"https:\/\/www.gasia.com.tr\/en\/wp-json\/wp\/v2\/product\/39421","targetHints":{"allow":["GET"]}}],"collection":[{"href":"https:\/\/www.gasia.com.tr\/en\/wp-json\/wp\/v2\/product"}],"about":[{"href":"https:\/\/www.gasia.com.tr\/en\/wp-json\/wp\/v2\/types\/product"}],"replies":[{"embeddable":true,"href":"https:\/\/www.gasia.com.tr\/en\/wp-json\/wp\/v2\/comments?post=39421"}],"version-history":[{"count":4,"href":"https:\/\/www.gasia.com.tr\/en\/wp-json\/wp\/v2\/product\/39421\/revisions"}],"predecessor-version":[{"id":41941,"href":"https:\/\/www.gasia.com.tr\/en\/wp-json\/wp\/v2\/product\/39421\/revisions\/41941"}],"wp:featuredmedia":[{"embeddable":true,"href":"https:\/\/www.gasia.com.tr\/en\/wp-json\/wp\/v2\/media\/41942"}],"wp:attachment":[{"href":"https:\/\/www.gasia.com.tr\/en\/wp-json\/wp\/v2\/media?parent=39421"}],"wp:term":[{"taxonomy":"product_brand","embeddable":true,"href":"https:\/\/www.gasia.com.tr\/en\/wp-json\/wp\/v2\/product_brand?post=39421"},{"taxonomy":"product_cat","embeddable":true,"href":"https:\/\/www.gasia.com.tr\/en\/wp-json\/wp\/v2\/product_cat?post=39421"},{"taxonomy":"product_tag","embeddable":true,"href":"https:\/\/www.gasia.com.tr\/en\/wp-json\/wp\/v2\/product_tag?post=39421"}],"curies":[{"name":"wp","href":"https:\/\/api.w.org\/{rel}","templated":true}]}}