{"id":39429,"date":"2026-03-01T00:00:00","date_gmt":"2026-02-28T21:00:00","guid":{"rendered":"https:\/\/www.gasia.com.tr\/?post_type=product&#038;p=39429"},"modified":"2026-04-21T16:31:49","modified_gmt":"2026-04-21T13:31:49","slug":"siyah-onyx-uzerine-allah-yazili-altin-detayli-ayarlanabilir-bileklik","status":"publish","type":"product","link":"https:\/\/www.gasia.com.tr\/en\/collections\/siyah-onyx-uzerine-allah-yazili-altin-detayli-ayarlanabilir-bileklik\/","title":{"rendered":"Siyah Onyx \u00dczerine Allah Yaz\u0131l\u0131 Alt\u0131n Detayl\u0131 Ayarlanabilir Bileklik"},"content":{"rendered":"<p>Siyah Onyx \u00fczerine Allah yaz\u0131l\u0131 alt\u0131n detayl\u0131 ayarlanabilir ip bileklik modeli. \u015e\u0131k ve anlaml\u0131 tasar\u0131m\u0131yla dikkat \u00e7eken \u00f6zel bir dini bileklik.<\/p>","protected":false},"excerpt":{"rendered":"<p>Siyah Onyx \u00fczerine Allah yaz\u0131l\u0131 alt\u0131n detayl\u0131 ayarlanabilir ip bileklik modeli. \u015e\u0131k ve anlaml\u0131 tasar\u0131m\u0131yla dikkat \u00e7eken \u00f6zel bir dini<\/p>","protected":false},"featured_media":39431,"comment_status":"open","ping_status":"closed","template":"","meta":[],"product_brand":[2718,2957,2719],"product_cat":[209,253,247,260],"product_tag":[1030,1023,1027,1076,1037,1031,1077,1075,1079,1080,1078,364],"class_list":{"0":"post-39429","1":"product","2":"type-product","3":"status-publish","4":"has-post-thumbnail","6":"product_brand-gasia-casuals","7":"product_brand-gasia-for-man","8":"product_brand-gasia-protect","9":"product_cat-deri-orgu-bileklik","10":"product_cat-deri-bileklikler","11":"product_cat-hediyelik","12":"product_cat-kadin","13":"product_tag-allah-bracelet","14":"product_tag-allah-yazili-bileklik","15":"product_tag-altin-detayli-bileklik","16":"product_tag-dini-motifli-bileklik","17":"product_tag-gold-detail-bracelet","18":"product_tag-islamic-bracelet","19":"product_tag-macrame-bracelet","20":"product_tag-makrome-bileklik","21":"product_tag-oniks-tas-bileklik","22":"product_tag-onyx-bracelet","23":"product_tag-spiritual-bracelet","24":"product_tag-tasarim-bileklik","25":"pa_cinsiyet-erkek","26":"pa_cinsiyet-kadin","28":"first","29":"instock","30":"shipping-taxable","31":"purchasable","32":"product-type-simple"},"_links":{"self":[{"href":"https:\/\/www.gasia.com.tr\/en\/wp-json\/wp\/v2\/product\/39429","targetHints":{"allow":["GET"]}}],"collection":[{"href":"https:\/\/www.gasia.com.tr\/en\/wp-json\/wp\/v2\/product"}],"about":[{"href":"https:\/\/www.gasia.com.tr\/en\/wp-json\/wp\/v2\/types\/product"}],"replies":[{"embeddable":true,"href":"https:\/\/www.gasia.com.tr\/en\/wp-json\/wp\/v2\/comments?post=39429"}],"version-history":[{"count":2,"href":"https:\/\/www.gasia.com.tr\/en\/wp-json\/wp\/v2\/product\/39429\/revisions"}],"predecessor-version":[{"id":39463,"href":"https:\/\/www.gasia.com.tr\/en\/wp-json\/wp\/v2\/product\/39429\/revisions\/39463"}],"wp:featuredmedia":[{"embeddable":true,"href":"https:\/\/www.gasia.com.tr\/en\/wp-json\/wp\/v2\/media\/39431"}],"wp:attachment":[{"href":"https:\/\/www.gasia.com.tr\/en\/wp-json\/wp\/v2\/media?parent=39429"}],"wp:term":[{"taxonomy":"product_brand","embeddable":true,"href":"https:\/\/www.gasia.com.tr\/en\/wp-json\/wp\/v2\/product_brand?post=39429"},{"taxonomy":"product_cat","embeddable":true,"href":"https:\/\/www.gasia.com.tr\/en\/wp-json\/wp\/v2\/product_cat?post=39429"},{"taxonomy":"product_tag","embeddable":true,"href":"https:\/\/www.gasia.com.tr\/en\/wp-json\/wp\/v2\/product_tag?post=39429"}],"curies":[{"name":"wp","href":"https:\/\/api.w.org\/{rel}","templated":true}]}}