{"id":39430,"date":"2026-03-01T00:00:00","date_gmt":"2026-02-28T21:00:00","guid":{"rendered":"https:\/\/www.gasia.com.tr\/?post_type=product&#038;p=39430"},"modified":"2026-04-02T12:05:50","modified_gmt":"2026-04-02T09:05:50","slug":"firuze-uzeri-allah-yazili-bileklik","status":"publish","type":"product","link":"https:\/\/www.gasia.com.tr\/en\/collections\/firuze-uzeri-allah-yazili-bileklik\/","title":{"rendered":"Firuze \u00fczeri Allah Yaz\u0131l\u0131 Bileklik"},"content":{"rendered":"<p>Firuze \u00fczerine Allah yaz\u0131l\u0131 alt\u0131n detayl\u0131 ayarlanabilir ip bileklik modeli. \u015e\u0131k ve anlaml\u0131 tasar\u0131m\u0131yla dikkat \u00e7eken \u00f6zel bir dini bileklik.<\/p>","protected":false},"excerpt":{"rendered":"<p>Firuze \u00fczerine Allah yaz\u0131l\u0131 alt\u0131n detayl\u0131 ayarlanabilir ip bileklik modeli. \u015e\u0131k ve anlaml\u0131 tasar\u0131m\u0131yla dikkat \u00e7eken \u00f6zel bir dini bileklik.<\/p>","protected":false},"featured_media":39433,"comment_status":"open","ping_status":"closed","template":"","meta":[],"product_brand":[],"product_cat":[209,247,260],"product_tag":[1035,1030,1023,1027,1029,1028,1032,1026,543,1038,1037,1025,1031,1036,365,1033,1034,1024,1022],"class_list":{"0":"post-39430","1":"product","2":"type-product","3":"status-publish","4":"has-post-thumbnail","6":"product_cat-deri-orgu-bileklik","7":"product_cat-hediyelik","8":"product_cat-kadin","9":"product_tag-adjustable-cord-bracelet","10":"product_tag-allah-bracelet","11":"product_tag-allah-yazili-bileklik","12":"product_tag-altin-detayli-bileklik","13":"product_tag-anlamli-taki","14":"product_tag-ayarlanabilir-bileklik","15":"product_tag-black-stone-bracelet","16":"product_tag-dini-bileklik","17":"product_tag-erkek-bileklik","18":"product_tag-firuze-bileklik","19":"product_tag-gold-detail-bracelet","20":"product_tag-ip-bileklik","21":"product_tag-islamic-bracelet","22":"product_tag-islamic-jewelry","23":"product_tag-kadin-bileklik","24":"product_tag-muslim-jewelry","25":"product_tag-religious-bracelet","26":"product_tag-siyah-tas-bileklik","27":"product_tag-siyah-tas-uzerine-allah-yazili-altin-detayli-ayarlanabilir-ip-bileklik-modeli-sik-ve-anlamli-tasarimiyla-dikkat-ceken-ozel-bir-dini-bileklik","28":"pa_cinsiyet-kadin","30":"first","31":"instock","32":"shipping-taxable","33":"product-type-simple"},"_links":{"self":[{"href":"https:\/\/www.gasia.com.tr\/en\/wp-json\/wp\/v2\/product\/39430","targetHints":{"allow":["GET"]}}],"collection":[{"href":"https:\/\/www.gasia.com.tr\/en\/wp-json\/wp\/v2\/product"}],"about":[{"href":"https:\/\/www.gasia.com.tr\/en\/wp-json\/wp\/v2\/types\/product"}],"replies":[{"embeddable":true,"href":"https:\/\/www.gasia.com.tr\/en\/wp-json\/wp\/v2\/comments?post=39430"}],"version-history":[{"count":2,"href":"https:\/\/www.gasia.com.tr\/en\/wp-json\/wp\/v2\/product\/39430\/revisions"}],"predecessor-version":[{"id":39437,"href":"https:\/\/www.gasia.com.tr\/en\/wp-json\/wp\/v2\/product\/39430\/revisions\/39437"}],"wp:featuredmedia":[{"embeddable":true,"href":"https:\/\/www.gasia.com.tr\/en\/wp-json\/wp\/v2\/media\/39433"}],"wp:attachment":[{"href":"https:\/\/www.gasia.com.tr\/en\/wp-json\/wp\/v2\/media?parent=39430"}],"wp:term":[{"taxonomy":"product_brand","embeddable":true,"href":"https:\/\/www.gasia.com.tr\/en\/wp-json\/wp\/v2\/product_brand?post=39430"},{"taxonomy":"product_cat","embeddable":true,"href":"https:\/\/www.gasia.com.tr\/en\/wp-json\/wp\/v2\/product_cat?post=39430"},{"taxonomy":"product_tag","embeddable":true,"href":"https:\/\/www.gasia.com.tr\/en\/wp-json\/wp\/v2\/product_tag?post=39430"}],"curies":[{"name":"wp","href":"https:\/\/api.w.org\/{rel}","templated":true}]}}