{"id":39458,"date":"2026-03-12T09:59:01","date_gmt":"2026-03-12T06:59:01","guid":{"rendered":"https:\/\/www.gasia.com.tr\/?post_type=product&#038;p=39458"},"modified":"2026-03-18T11:51:39","modified_gmt":"2026-03-18T08:51:39","slug":"14-ayar-pembe-altin-zincir-detayli-okside-gumus-erkek-yuzuk","status":"publish","type":"product","link":"https:\/\/www.gasia.com.tr\/en\/collections\/14-ayar-pembe-altin-zincir-detayli-okside-gumus-erkek-yuzuk\/","title":{"rendered":"14 Ayar Pembe Alt\u0131n Zincir Detayl\u0131 Okside G\u00fcm\u00fc\u015f Erkek Y\u00fcz\u00fck"},"content":{"rendered":"<p>Okside g\u00fcm\u00fc\u015f y\u00fczey \u00fczerine yerle\u015ftirilen 14 ayar pembe alt\u0131n zincir detay\u0131yla tasarlanan bu erkek y\u00fcz\u00fck, g\u00fc\u00e7l\u00fc ve karakterli bir stil sunar.<\/p>","protected":false},"excerpt":{"rendered":"<ul>\n<li>14 Ayar Alt\u0131n<\/li>\n<li>925 Ayar Okside G\u00fcm\u00fc\u015f<\/li>\n<\/ul>","protected":false},"featured_media":39459,"comment_status":"open","ping_status":"closed","template":"","meta":[],"product_brand":[],"product_cat":[76,257],"product_tag":[1071,1072,455,682,1068,1073,1065,1069,1066,1070,668,1067],"class_list":{"0":"post-39458","1":"product","2":"type-product","3":"status-publish","4":"has-post-thumbnail","6":"product_cat-yuzuk-modelleri","7":"product_cat-yuzukler","8":"product_tag-chain-mens-ring","9":"product_tag-designer-mens-ring","10":"product_tag-erkek-yuzuk","11":"product_tag-maskulen-yuzuk","12":"product_tag-mens-ring","13":"product_tag-modern-mens-ring","14":"product_tag-okside-gumus-yuzuk","15":"product_tag-oxidized-silver-ring","16":"product_tag-pembe-altin-zincir-yuzuk","17":"product_tag-rose-gold-chain-ring","18":"product_tag-tasarim-erkek-yuzuk","19":"product_tag-zincir-detayli-erkek-yuzuk","20":"pa_cinsiyet-erkek","22":"first","23":"instock","24":"shipping-taxable","25":"purchasable","26":"product-type-simple"},"_links":{"self":[{"href":"https:\/\/www.gasia.com.tr\/en\/wp-json\/wp\/v2\/product\/39458","targetHints":{"allow":["GET"]}}],"collection":[{"href":"https:\/\/www.gasia.com.tr\/en\/wp-json\/wp\/v2\/product"}],"about":[{"href":"https:\/\/www.gasia.com.tr\/en\/wp-json\/wp\/v2\/types\/product"}],"replies":[{"embeddable":true,"href":"https:\/\/www.gasia.com.tr\/en\/wp-json\/wp\/v2\/comments?post=39458"}],"version-history":[{"count":1,"href":"https:\/\/www.gasia.com.tr\/en\/wp-json\/wp\/v2\/product\/39458\/revisions"}],"predecessor-version":[{"id":39460,"href":"https:\/\/www.gasia.com.tr\/en\/wp-json\/wp\/v2\/product\/39458\/revisions\/39460"}],"wp:featuredmedia":[{"embeddable":true,"href":"https:\/\/www.gasia.com.tr\/en\/wp-json\/wp\/v2\/media\/39459"}],"wp:attachment":[{"href":"https:\/\/www.gasia.com.tr\/en\/wp-json\/wp\/v2\/media?parent=39458"}],"wp:term":[{"taxonomy":"product_brand","embeddable":true,"href":"https:\/\/www.gasia.com.tr\/en\/wp-json\/wp\/v2\/product_brand?post=39458"},{"taxonomy":"product_cat","embeddable":true,"href":"https:\/\/www.gasia.com.tr\/en\/wp-json\/wp\/v2\/product_cat?post=39458"},{"taxonomy":"product_tag","embeddable":true,"href":"https:\/\/www.gasia.com.tr\/en\/wp-json\/wp\/v2\/product_tag?post=39458"}],"curies":[{"name":"wp","href":"https:\/\/api.w.org\/{rel}","templated":true}]}}