{"id":39475,"date":"2026-03-05T00:00:00","date_gmt":"2026-03-04T21:00:00","guid":{"rendered":"https:\/\/www.gasia.com.tr\/?post_type=product&#038;p=39475"},"modified":"2026-03-30T22:40:49","modified_gmt":"2026-03-30T19:40:49","slug":"firuze-tasli-fatma-ana-eli-altin-kolye","status":"publish","type":"product","link":"https:\/\/www.gasia.com.tr\/en\/collections\/firuze-tasli-fatma-ana-eli-altin-kolye\/","title":{"rendered":"Firuze Ta\u015fl\u0131 Fatima Ana Eli Alt\u0131n Kolye"},"content":{"rendered":"<p><em>Fatima\u2019n\u0131n Eli, y\u00fczy\u0131llard\u0131r nazara kar\u015f\u0131 koruyucu, \u015fans ve bereket getiren g\u00fc\u00e7l\u00fc bir sembol olarak bilinir. Zarif tasar\u0131m\u0131yla hem stilinizi tamamlar hem de anlaml\u0131 bir enerji ta\u015f\u0131r. G\u00fcnl\u00fck kombinlerden \u00f6zel g\u00fcnlere kadar her an\u0131n\u0131za \u0131\u015f\u0131lt\u0131 ve anlam katmak i\u00e7in tasarlanm\u0131\u015ft\u0131r.<\/em><\/p>","protected":false},"excerpt":{"rendered":"<ul>\n<li>14 Ayar Alt\u0131n<\/li>\n<li>0.25 ct P\u0131rlanta<\/li>\n<li>42 cm uzunlu\u011funda zincir<\/li>\n<\/ul>","protected":false},"featured_media":39480,"comment_status":"open","ping_status":"closed","template":"","meta":[],"product_brand":[],"product_cat":[75,198],"product_tag":[1088,1089,745,747,1093,1092,1091,1090,744,987,1087,472,1086,990,1094,1095],"class_list":{"0":"post-39475","1":"product","2":"type-product","3":"status-publish","4":"has-post-thumbnail","6":"product_cat-kolye","7":"product_cat-eye-collection","8":"product_tag-altin-kolye-kadin","9":"product_tag-anlamli-kolye","10":"product_tag-diamond-hamsa-necklace","11":"product_tag-fatma-ana-eli-kolye","12":"product_tag-firuze-kolye","13":"product_tag-firuze-tasli-kolye","14":"product_tag-gold-hamsa-necklace","15":"product_tag-hamsa-hand-necklace","16":"product_tag-hamsa-necklace","17":"product_tag-mother-of-pearl-necklace","18":"product_tag-nazar-kolyesi","19":"product_tag-pirlanta-detayli-kolye","20":"product_tag-sedef-tasli-kolye","21":"product_tag-spiritual-necklace","22":"product_tag-turquoise-hamsa-necklace","23":"product_tag-turquoise-necklace","24":"pa_cinsiyet-kadin","26":"first","27":"instock","28":"shipping-taxable","29":"purchasable","30":"product-type-simple"},"_links":{"self":[{"href":"https:\/\/www.gasia.com.tr\/en\/wp-json\/wp\/v2\/product\/39475","targetHints":{"allow":["GET"]}}],"collection":[{"href":"https:\/\/www.gasia.com.tr\/en\/wp-json\/wp\/v2\/product"}],"about":[{"href":"https:\/\/www.gasia.com.tr\/en\/wp-json\/wp\/v2\/types\/product"}],"replies":[{"embeddable":true,"href":"https:\/\/www.gasia.com.tr\/en\/wp-json\/wp\/v2\/comments?post=39475"}],"version-history":[{"count":3,"href":"https:\/\/www.gasia.com.tr\/en\/wp-json\/wp\/v2\/product\/39475\/revisions"}],"predecessor-version":[{"id":40970,"href":"https:\/\/www.gasia.com.tr\/en\/wp-json\/wp\/v2\/product\/39475\/revisions\/40970"}],"wp:featuredmedia":[{"embeddable":true,"href":"https:\/\/www.gasia.com.tr\/en\/wp-json\/wp\/v2\/media\/39480"}],"wp:attachment":[{"href":"https:\/\/www.gasia.com.tr\/en\/wp-json\/wp\/v2\/media?parent=39475"}],"wp:term":[{"taxonomy":"product_brand","embeddable":true,"href":"https:\/\/www.gasia.com.tr\/en\/wp-json\/wp\/v2\/product_brand?post=39475"},{"taxonomy":"product_cat","embeddable":true,"href":"https:\/\/www.gasia.com.tr\/en\/wp-json\/wp\/v2\/product_cat?post=39475"},{"taxonomy":"product_tag","embeddable":true,"href":"https:\/\/www.gasia.com.tr\/en\/wp-json\/wp\/v2\/product_tag?post=39475"}],"curies":[{"name":"wp","href":"https:\/\/api.w.org\/{rel}","templated":true}]}}