{"id":39514,"date":"2026-01-05T00:00:00","date_gmt":"2026-01-04T21:00:00","guid":{"rendered":"https:\/\/www.gasia.com.tr\/?post_type=product&#038;p=39514"},"modified":"2026-03-12T15:59:44","modified_gmt":"2026-03-12T12:59:44","slug":"rose-altin-sarmal-tasarimli-pirlanta-yuzuk-copy-2","status":"publish","type":"product","link":"https:\/\/www.gasia.com.tr\/en\/collections\/rose-altin-sarmal-tasarimli-pirlanta-yuzuk-copy-2\/","title":{"rendered":"Sar\u0131 Alt\u0131n Sarmal Tasar\u0131ml\u0131 P\u0131rlanta Y\u00fcz\u00fck"},"content":{"rendered":"","protected":false},"excerpt":{"rendered":"<ul>\n<li>18 Ayar Alt\u0131n<\/li>\n<li>1.61 ct P\u0131rlanta<\/li>\n<\/ul>","protected":false},"featured_media":39519,"comment_status":"open","ping_status":"closed","template":"","meta":[],"product_brand":[],"product_cat":[76],"product_tag":[1112,341,658,688,342,1115,445,1110,1113,1111,503,1114],"class_list":{"0":"post-39514","1":"product","2":"type-product","3":"status-publish","4":"has-post-thumbnail","6":"product_cat-yuzuk-modelleri","7":"product_tag-cok-sirali-pirlanta-yuzuk","8":"product_tag-kadin-pirlanta-yuzuk","9":"product_tag-luxury-diamond-ring","10":"product_tag-modern-diamond-ring","11":"product_tag-modern-pirlanta-yuzuk","12":"product_tag-multi-row-diamond-ring","13":"product_tag-pave-diamond-ring","14":"product_tag-sarmal-pirlanta-yuzuk","15":"product_tag-spiral-diamond-ring","16":"product_tag-spiral-yuzuk","17":"product_tag-tasli-altin-yuzuk","18":"product_tag-wrap-diamond-ring","19":"pa_cinsiyet-kadin","21":"first","22":"instock","23":"shipping-taxable","24":"product-type-simple"},"_links":{"self":[{"href":"https:\/\/www.gasia.com.tr\/en\/wp-json\/wp\/v2\/product\/39514","targetHints":{"allow":["GET"]}}],"collection":[{"href":"https:\/\/www.gasia.com.tr\/en\/wp-json\/wp\/v2\/product"}],"about":[{"href":"https:\/\/www.gasia.com.tr\/en\/wp-json\/wp\/v2\/types\/product"}],"replies":[{"embeddable":true,"href":"https:\/\/www.gasia.com.tr\/en\/wp-json\/wp\/v2\/comments?post=39514"}],"version-history":[{"count":2,"href":"https:\/\/www.gasia.com.tr\/en\/wp-json\/wp\/v2\/product\/39514\/revisions"}],"predecessor-version":[{"id":39521,"href":"https:\/\/www.gasia.com.tr\/en\/wp-json\/wp\/v2\/product\/39514\/revisions\/39521"}],"wp:featuredmedia":[{"embeddable":true,"href":"https:\/\/www.gasia.com.tr\/en\/wp-json\/wp\/v2\/media\/39519"}],"wp:attachment":[{"href":"https:\/\/www.gasia.com.tr\/en\/wp-json\/wp\/v2\/media?parent=39514"}],"wp:term":[{"taxonomy":"product_brand","embeddable":true,"href":"https:\/\/www.gasia.com.tr\/en\/wp-json\/wp\/v2\/product_brand?post=39514"},{"taxonomy":"product_cat","embeddable":true,"href":"https:\/\/www.gasia.com.tr\/en\/wp-json\/wp\/v2\/product_cat?post=39514"},{"taxonomy":"product_tag","embeddable":true,"href":"https:\/\/www.gasia.com.tr\/en\/wp-json\/wp\/v2\/product_tag?post=39514"}],"curies":[{"name":"wp","href":"https:\/\/api.w.org\/{rel}","templated":true}]}}