{"id":39522,"date":"2026-01-02T16:09:51","date_gmt":"2026-01-02T13:09:51","guid":{"rendered":"https:\/\/www.gasia.com.tr\/?post_type=product&#038;p=39522"},"modified":"2026-04-11T16:05:03","modified_gmt":"2026-04-11T13:05:03","slug":"sedef-nazarlik-detayli-altin-yuzuk","status":"publish","type":"product","link":"https:\/\/www.gasia.com.tr\/en\/collections\/sedef-nazarlik-detayli-altin-yuzuk\/","title":{"rendered":"Sedef Nazarl\u0131k Detayl\u0131 Alt\u0131n Y\u00fcz\u00fck"},"content":{"rendered":"<p data-start=\"108\" data-end=\"350\">Zarif ve anlam y\u00fckl\u00fc bir tasar\u0131ma sahip bu y\u00fcz\u00fck, merkezde yer alan sedef nazar detay\u0131 ile hem estetik hem de sembolik bir \u015f\u0131kl\u0131k sunar. Do\u011fal sedefin yumu\u015fak parlakl\u0131\u011f\u0131, nazar motifiyle birle\u015ferek modern ve zarif bir g\u00f6r\u00fcn\u00fcm olu\u015fturur.<\/p>\n<p data-start=\"352\" data-end=\"620\">Yanlarda yer alan p\u0131rlanta ta\u015flar, tasar\u0131ma ince bir \u0131\u015f\u0131lt\u0131 katarken alt\u0131n g\u00f6vde ile uyum i\u00e7inde sofistike bir denge sa\u011flar. Minimal formu sayesinde g\u00fcnl\u00fck kullan\u0131m i\u00e7in ideal olan bu y\u00fcz\u00fck, ayn\u0131 zamanda anlaml\u0131 ve \u015f\u0131k bir hediye alternatifi olarak da \u00f6ne \u00e7\u0131kar.<\/p>","protected":false},"excerpt":{"rendered":"<ul>\n<li>14 Ayar Alt\u0131n<\/li>\n<li>0,03 ct 2 Adet P\u0131rlanta<\/li>\n<\/ul>","protected":false},"featured_media":41859,"comment_status":"open","ping_status":"closed","template":"","meta":[],"product_brand":[],"product_cat":[198,76],"product_tag":[1123,1120,712,439,1118,1121,1116,1117,1119,959,1122,503],"class_list":{"0":"post-39522","1":"product","2":"type-product","3":"status-publish","4":"has-post-thumbnail","6":"product_cat-eye-collection","7":"product_cat-yuzuk-modelleri","8":"product_tag-dainty-gold-ring","9":"product_tag-evil-eye-gold-ring","10":"product_tag-evil-eye-ring","11":"product_tag-kadin-altin-yuzuk","12":"product_tag-minimal-altin-yuzuk","13":"product_tag-minimalist-gold-ring","14":"product_tag-nazar-boncugu-yuzuk","15":"product_tag-nazar-goz-yuzuk","16":"product_tag-nazar-ring","17":"product_tag-nazarlik-yuzuk","18":"product_tag-protective-eye-ring","19":"product_tag-tasli-altin-yuzuk","20":"pa_cinsiyet-kadin","22":"first","23":"instock","24":"sale","25":"shipping-taxable","26":"purchasable","27":"product-type-simple"},"_links":{"self":[{"href":"https:\/\/www.gasia.com.tr\/en\/wp-json\/wp\/v2\/product\/39522","targetHints":{"allow":["GET"]}}],"collection":[{"href":"https:\/\/www.gasia.com.tr\/en\/wp-json\/wp\/v2\/product"}],"about":[{"href":"https:\/\/www.gasia.com.tr\/en\/wp-json\/wp\/v2\/types\/product"}],"replies":[{"embeddable":true,"href":"https:\/\/www.gasia.com.tr\/en\/wp-json\/wp\/v2\/comments?post=39522"}],"version-history":[{"count":3,"href":"https:\/\/www.gasia.com.tr\/en\/wp-json\/wp\/v2\/product\/39522\/revisions"}],"predecessor-version":[{"id":41839,"href":"https:\/\/www.gasia.com.tr\/en\/wp-json\/wp\/v2\/product\/39522\/revisions\/41839"}],"wp:featuredmedia":[{"embeddable":true,"href":"https:\/\/www.gasia.com.tr\/en\/wp-json\/wp\/v2\/media\/41859"}],"wp:attachment":[{"href":"https:\/\/www.gasia.com.tr\/en\/wp-json\/wp\/v2\/media?parent=39522"}],"wp:term":[{"taxonomy":"product_brand","embeddable":true,"href":"https:\/\/www.gasia.com.tr\/en\/wp-json\/wp\/v2\/product_brand?post=39522"},{"taxonomy":"product_cat","embeddable":true,"href":"https:\/\/www.gasia.com.tr\/en\/wp-json\/wp\/v2\/product_cat?post=39522"},{"taxonomy":"product_tag","embeddable":true,"href":"https:\/\/www.gasia.com.tr\/en\/wp-json\/wp\/v2\/product_tag?post=39522"}],"curies":[{"name":"wp","href":"https:\/\/api.w.org\/{rel}","templated":true}]}}