{"id":39557,"date":"2026-02-03T00:00:00","date_gmt":"2026-02-02T21:00:00","guid":{"rendered":"https:\/\/www.gasia.com.tr\/?post_type=product&#038;p=39557"},"modified":"2026-03-12T18:14:44","modified_gmt":"2026-03-12T15:14:44","slug":"zincir-detayli-capraz-pirlanta-beyaz-altin-yuzuk","status":"publish","type":"product","link":"https:\/\/www.gasia.com.tr\/en\/collections\/zincir-detayli-capraz-pirlanta-beyaz-altin-yuzuk\/","title":{"rendered":"Zincir Detayl\u0131 \u00c7apraz P\u0131rlanta Beyaz Alt\u0131n Y\u00fcz\u00fck"},"content":{"rendered":"<p>Zincir ve p\u0131rlanta detayl\u0131 \u00e7apraz alt\u0131n y\u00fcz\u00fck modeli. Modern tasar\u0131m\u0131yla g\u00fcnl\u00fck kullan\u0131m ve \u00f6zel kombinler i\u00e7in \u015f\u0131k bir m\u00fccevher.<\/p>","protected":false},"excerpt":{"rendered":"<ul>\n<li>18 Ayar Alt\u0131n<\/li>\n<li>0.18 ct P\u0131rlanta<\/li>\n<\/ul>","protected":false},"featured_media":39558,"comment_status":"open","ping_status":"closed","template":"","meta":[],"product_brand":[],"product_cat":[76],"product_tag":[1156,1157,1158,609,1159,439,1160,721,648,1146,340,454],"class_list":{"0":"post-39557","1":"product","2":"type-product","3":"status-publish","4":"has-post-thumbnail","6":"product_cat-yuzuk-modelleri","7":"product_tag-capraz-altin-yuzuk","8":"product_tag-chain-detail-ring","9":"product_tag-crossover-gold-ring","10":"product_tag-designer-gold-ring","11":"product_tag-diamond-cross-ring","12":"product_tag-kadin-altin-yuzuk","13":"product_tag-minimalist-diamond-ring","14":"product_tag-modern-altin-yuzuk","15":"product_tag-modern-gold-ring","16":"product_tag-pirlanta-detayli-yuzuk","17":"product_tag-tasarim-yuzuk","18":"product_tag-zincir-detayli-yuzuk","19":"pa_cinsiyet-kadin","21":"first","22":"instock","23":"sale","24":"shipping-taxable","25":"purchasable","26":"product-type-simple"},"_links":{"self":[{"href":"https:\/\/www.gasia.com.tr\/en\/wp-json\/wp\/v2\/product\/39557","targetHints":{"allow":["GET"]}}],"collection":[{"href":"https:\/\/www.gasia.com.tr\/en\/wp-json\/wp\/v2\/product"}],"about":[{"href":"https:\/\/www.gasia.com.tr\/en\/wp-json\/wp\/v2\/types\/product"}],"replies":[{"embeddable":true,"href":"https:\/\/www.gasia.com.tr\/en\/wp-json\/wp\/v2\/comments?post=39557"}],"version-history":[{"count":1,"href":"https:\/\/www.gasia.com.tr\/en\/wp-json\/wp\/v2\/product\/39557\/revisions"}],"predecessor-version":[{"id":39559,"href":"https:\/\/www.gasia.com.tr\/en\/wp-json\/wp\/v2\/product\/39557\/revisions\/39559"}],"wp:featuredmedia":[{"embeddable":true,"href":"https:\/\/www.gasia.com.tr\/en\/wp-json\/wp\/v2\/media\/39558"}],"wp:attachment":[{"href":"https:\/\/www.gasia.com.tr\/en\/wp-json\/wp\/v2\/media?parent=39557"}],"wp:term":[{"taxonomy":"product_brand","embeddable":true,"href":"https:\/\/www.gasia.com.tr\/en\/wp-json\/wp\/v2\/product_brand?post=39557"},{"taxonomy":"product_cat","embeddable":true,"href":"https:\/\/www.gasia.com.tr\/en\/wp-json\/wp\/v2\/product_cat?post=39557"},{"taxonomy":"product_tag","embeddable":true,"href":"https:\/\/www.gasia.com.tr\/en\/wp-json\/wp\/v2\/product_tag?post=39557"}],"curies":[{"name":"wp","href":"https:\/\/api.w.org\/{rel}","templated":true}]}}