{"id":39603,"date":"2026-01-22T00:00:00","date_gmt":"2026-01-21T21:00:00","guid":{"rendered":"https:\/\/www.gasia.com.tr\/?post_type=product&#038;p=39603"},"modified":"2026-03-13T23:59:59","modified_gmt":"2026-03-13T20:59:59","slug":"firuze-tasli-pirlanta-detayli-tasarim-altin-yuzuk","status":"publish","type":"product","link":"https:\/\/www.gasia.com.tr\/en\/collections\/firuze-tasli-pirlanta-detayli-tasarim-altin-yuzuk\/","title":{"rendered":"Firuze Ta\u015fl\u0131 P\u0131rlanta Detayl\u0131 Tasar\u0131m Alt\u0131n Y\u00fcz\u00fck"},"content":{"rendered":"<p>Do\u011fal firuze ta\u015f\u0131n\u0131n canl\u0131 rengi ve p\u0131rlanta detayl\u0131 zarif alt\u0131n form ile tasarlanan bu y\u00fcz\u00fck, g\u00fc\u00e7l\u00fc ve dikkat \u00e7ekici bir \u015f\u0131kl\u0131k sunar. B\u00fcy\u00fck ta\u015f formu sayesinde modern ve g\u00f6steri\u015fli bir m\u00fccevher olarak \u00f6ne \u00e7\u0131kar.<\/p>","protected":false},"excerpt":{"rendered":"<ul>\n<li>7.54 Gr 18 Ayar Alt\u0131n<\/li>\n<li>Firuze<\/li>\n<\/ul>","protected":false},"featured_media":39605,"comment_status":"open","ping_status":"closed","template":"","meta":[],"product_brand":[],"product_cat":[76],"product_tag":[1278,1273,1272,1271,1287,1275,609,650,1274,451,1282,1281,439,1186,1279,1146,1280,1137,1283,1286,1285,1284,1277,1276],"class_list":{"0":"post-39603","1":"product","2":"type-product","3":"status-publish","4":"has-post-thumbnail","6":"product_cat-yuzuk-modelleri","7":"product_tag-agate-gemstone-ring","8":"product_tag-akik-tasli-altin-yuzuk","9":"product_tag-beyaz-akik-tasli-yuzuk","10":"product_tag-beyaz-akik-yuzuk","11":"product_tag-blue-turquoise-ring","12":"product_tag-buyuk-tasli-yuzuk","13":"product_tag-designer-gold-ring","14":"product_tag-diamond-detail-ring","15":"product_tag-dogal-tas-yuzuk","16":"product_tag-fine-jewelry-ring","17":"product_tag-firuze-tasli-altin-yuzuk","18":"product_tag-firuze-yuzuk","19":"product_tag-kadin-altin-yuzuk","20":"product_tag-luxury-gold-ring","21":"product_tag-natural-stone-ring","22":"product_tag-pirlanta-detayli-yuzuk","23":"product_tag-statement-gemstone-ring","24":"product_tag-tasarim-altin-yuzuk","25":"product_tag-turkuaz-tas-yuzuk","26":"product_tag-turquoise-gemstone-ring","27":"product_tag-turquoise-gold-ring","28":"product_tag-turquoise-ring","29":"product_tag-white-agate-gold-ring","30":"product_tag-white-agate-ring","31":"pa_cinsiyet-kadin","33":"first","34":"instock","35":"shipping-taxable","36":"purchasable","37":"product-type-simple"},"_links":{"self":[{"href":"https:\/\/www.gasia.com.tr\/en\/wp-json\/wp\/v2\/product\/39603","targetHints":{"allow":["GET"]}}],"collection":[{"href":"https:\/\/www.gasia.com.tr\/en\/wp-json\/wp\/v2\/product"}],"about":[{"href":"https:\/\/www.gasia.com.tr\/en\/wp-json\/wp\/v2\/types\/product"}],"replies":[{"embeddable":true,"href":"https:\/\/www.gasia.com.tr\/en\/wp-json\/wp\/v2\/comments?post=39603"}],"version-history":[{"count":2,"href":"https:\/\/www.gasia.com.tr\/en\/wp-json\/wp\/v2\/product\/39603\/revisions"}],"predecessor-version":[{"id":39607,"href":"https:\/\/www.gasia.com.tr\/en\/wp-json\/wp\/v2\/product\/39603\/revisions\/39607"}],"wp:featuredmedia":[{"embeddable":true,"href":"https:\/\/www.gasia.com.tr\/en\/wp-json\/wp\/v2\/media\/39605"}],"wp:attachment":[{"href":"https:\/\/www.gasia.com.tr\/en\/wp-json\/wp\/v2\/media?parent=39603"}],"wp:term":[{"taxonomy":"product_brand","embeddable":true,"href":"https:\/\/www.gasia.com.tr\/en\/wp-json\/wp\/v2\/product_brand?post=39603"},{"taxonomy":"product_cat","embeddable":true,"href":"https:\/\/www.gasia.com.tr\/en\/wp-json\/wp\/v2\/product_cat?post=39603"},{"taxonomy":"product_tag","embeddable":true,"href":"https:\/\/www.gasia.com.tr\/en\/wp-json\/wp\/v2\/product_tag?post=39603"}],"curies":[{"name":"wp","href":"https:\/\/api.w.org\/{rel}","templated":true}]}}