{"id":39650,"date":"2026-01-22T00:00:00","date_gmt":"2026-01-21T21:00:00","guid":{"rendered":"https:\/\/www.gasia.com.tr\/?post_type=product&#038;p=39650"},"modified":"2026-03-16T18:30:19","modified_gmt":"2026-03-16T15:30:19","slug":"oniks-tasli-pirlanta-detayli-altin-yuzuk","status":"publish","type":"product","link":"https:\/\/www.gasia.com.tr\/en\/collections\/oniks-tasli-pirlanta-detayli-altin-yuzuk\/","title":{"rendered":"Oniks Ta\u015fl\u0131 P\u0131rlanta Detayl\u0131 Alt\u0131n Y\u00fcz\u00fck"},"content":{"rendered":"<p>Do\u011fal onyx ta\u015f\u0131n\u0131n canl\u0131 rengi ve p\u0131rlanta detayl\u0131 zarif alt\u0131n form ile tasarlanan bu y\u00fcz\u00fck, g\u00fc\u00e7l\u00fc ve dikkat \u00e7ekici bir \u015f\u0131kl\u0131k sunar. B\u00fcy\u00fck ta\u015f formu sayesinde modern ve g\u00f6steri\u015fli bir m\u00fccevher olarak \u00f6ne \u00e7\u0131kar.<\/p>","protected":false},"excerpt":{"rendered":"<ul>\n<li>7.54 Gr 18 Ayar Alt\u0131n<\/li>\n<li>0.31 Ct P\u0131rlanta<\/li>\n<li>Siyah Onyx<\/li>\n<\/ul>","protected":false},"featured_media":39751,"comment_status":"open","ping_status":"closed","template":"","meta":[],"product_brand":[],"product_cat":[76],"product_tag":[1514,1517,1325,650,451,1518,439,590,1513,1512,1516,1146,1515,340],"class_list":{"0":"post-39650","1":"product","2":"type-product","3":"status-publish","4":"has-post-thumbnail","6":"product_cat-yuzuk-modelleri","7":"product_tag-altin-oniks-yuzuk","8":"product_tag-black-onyx-ring","9":"product_tag-designer-gemstone-ring","10":"product_tag-diamond-detail-ring","11":"product_tag-fine-jewelry-ring","12":"product_tag-gold-onyx-ring","13":"product_tag-kadin-altin-yuzuk","14":"product_tag-luxury-ring","15":"product_tag-oniks-tasli-yuzuk","16":"product_tag-oniks-yuzuk","17":"product_tag-onyx-ring","18":"product_tag-pirlanta-detayli-yuzuk","19":"product_tag-siyah-tasli-yuzuk","20":"product_tag-tasarim-yuzuk","21":"pa_cinsiyet-kadin","23":"first","24":"instock","25":"shipping-taxable","26":"purchasable","27":"product-type-simple"},"_links":{"self":[{"href":"https:\/\/www.gasia.com.tr\/en\/wp-json\/wp\/v2\/product\/39650","targetHints":{"allow":["GET"]}}],"collection":[{"href":"https:\/\/www.gasia.com.tr\/en\/wp-json\/wp\/v2\/product"}],"about":[{"href":"https:\/\/www.gasia.com.tr\/en\/wp-json\/wp\/v2\/types\/product"}],"replies":[{"embeddable":true,"href":"https:\/\/www.gasia.com.tr\/en\/wp-json\/wp\/v2\/comments?post=39650"}],"version-history":[{"count":2,"href":"https:\/\/www.gasia.com.tr\/en\/wp-json\/wp\/v2\/product\/39650\/revisions"}],"predecessor-version":[{"id":39752,"href":"https:\/\/www.gasia.com.tr\/en\/wp-json\/wp\/v2\/product\/39650\/revisions\/39752"}],"wp:featuredmedia":[{"embeddable":true,"href":"https:\/\/www.gasia.com.tr\/en\/wp-json\/wp\/v2\/media\/39751"}],"wp:attachment":[{"href":"https:\/\/www.gasia.com.tr\/en\/wp-json\/wp\/v2\/media?parent=39650"}],"wp:term":[{"taxonomy":"product_brand","embeddable":true,"href":"https:\/\/www.gasia.com.tr\/en\/wp-json\/wp\/v2\/product_brand?post=39650"},{"taxonomy":"product_cat","embeddable":true,"href":"https:\/\/www.gasia.com.tr\/en\/wp-json\/wp\/v2\/product_cat?post=39650"},{"taxonomy":"product_tag","embeddable":true,"href":"https:\/\/www.gasia.com.tr\/en\/wp-json\/wp\/v2\/product_tag?post=39650"}],"curies":[{"name":"wp","href":"https:\/\/api.w.org\/{rel}","templated":true}]}}