{"id":39741,"date":"2026-03-05T00:00:00","date_gmt":"2026-03-04T21:00:00","guid":{"rendered":"https:\/\/www.gasia.com.tr\/?post_type=product&#038;p=39741"},"modified":"2026-03-30T22:40:48","modified_gmt":"2026-03-30T19:40:48","slug":"pirlantali-fatma-ana-eli-altin-kolye-copy","status":"publish","type":"product","link":"https:\/\/www.gasia.com.tr\/en\/collections\/pirlantali-fatma-ana-eli-altin-kolye-copy\/","title":{"rendered":"P\u0131rlantal\u0131 Fatima Ana Eli Beyaz Alt\u0131n Kolye"},"content":{"rendered":"<p>Koruyucu ve \u015fans getirici bir sembol olarak bilinen <strong data-start=\"143\" data-end=\"160\">Fatma Ana Eli<\/strong>, bu zarif kolyede modern bir tasar\u0131mla yorumlanm\u0131\u015ft\u0131r. Minimal alt\u0131n form \u00fczerine yerle\u015ftirilen p\u0131rlanta detay\u0131 kolyeye sade ama etkileyici bir \u0131\u015f\u0131lt\u0131 kazand\u0131r\u0131r. G\u00fcnl\u00fck kullan\u0131m i\u00e7in ideal olan bu anlaml\u0131 tasar\u0131m, hem \u015f\u0131k hem de sembolik bir m\u00fccevher se\u00e7ene\u011fidir.<\/p>\n<p>&nbsp;<\/p>\n<p>Fat\u0131ma&#8217;n\u0131n Eli (Fatma Ana Eli) kolye , \u0130slam k\u00fclt\u00fcr\u00fcnde \u00e7ok yayg\u0131n bir sembold\u00fcr ve genellikle nazar, k\u00f6t\u00fc enerjilerden korunma, bereket, \u015fans ve sab\u0131r ile ili\u015fkilendirilir. Arap\u00e7a&#8217;da Hamsa (be\u015f anlam\u0131na gelir) olarak da bilinir ve a\u00e7\u0131k bir el \u015feklinde tasvir edilir.<\/p>","protected":false},"excerpt":{"rendered":"<ul>\n<li>18 Ayar Alt\u0131n<\/li>\n<li>0.06 ct 1 Adet P\u0131rlanta<\/li>\n<li>42 cm uzunlu\u011funda zincir<\/li>\n<\/ul>","protected":false},"featured_media":39749,"comment_status":"open","ping_status":"closed","template":"","meta":[],"product_brand":[],"product_cat":[75,198],"product_tag":[1510,745,747,746,1090,749,1167,1511,642,1177,1509,729,284,1463],"class_list":{"0":"post-39741","1":"product","2":"type-product","3":"status-publish","4":"has-post-thumbnail","6":"product_cat-kolye","7":"product_cat-eye-collection","8":"product_tag-altin-fatma-ana-eli-kolye","9":"product_tag-diamond-hamsa-necklace","10":"product_tag-fatma-ana-eli-kolye","11":"product_tag-gold-hamsa-pendant","12":"product_tag-hamsa-hand-necklace","13":"product_tag-hamsa-kolye","14":"product_tag-kadin-altin-kolye","15":"product_tag-koruyucu-kolye","16":"product_tag-lucky-charm-necklace","17":"product_tag-minimalist-diamond-necklace","18":"product_tag-pirlantali-hamsa-kolye","19":"product_tag-protection-necklace","20":"product_tag-sans-kolyesi","21":"product_tag-symbolic-jewelry-necklace","22":"pa_cinsiyet-kadin","24":"first","25":"instock","26":"sale","27":"shipping-taxable","28":"purchasable","29":"product-type-simple"},"_links":{"self":[{"href":"https:\/\/www.gasia.com.tr\/en\/wp-json\/wp\/v2\/product\/39741","targetHints":{"allow":["GET"]}}],"collection":[{"href":"https:\/\/www.gasia.com.tr\/en\/wp-json\/wp\/v2\/product"}],"about":[{"href":"https:\/\/www.gasia.com.tr\/en\/wp-json\/wp\/v2\/types\/product"}],"replies":[{"embeddable":true,"href":"https:\/\/www.gasia.com.tr\/en\/wp-json\/wp\/v2\/comments?post=39741"}],"version-history":[{"count":3,"href":"https:\/\/www.gasia.com.tr\/en\/wp-json\/wp\/v2\/product\/39741\/revisions"}],"predecessor-version":[{"id":40968,"href":"https:\/\/www.gasia.com.tr\/en\/wp-json\/wp\/v2\/product\/39741\/revisions\/40968"}],"wp:featuredmedia":[{"embeddable":true,"href":"https:\/\/www.gasia.com.tr\/en\/wp-json\/wp\/v2\/media\/39749"}],"wp:attachment":[{"href":"https:\/\/www.gasia.com.tr\/en\/wp-json\/wp\/v2\/media?parent=39741"}],"wp:term":[{"taxonomy":"product_brand","embeddable":true,"href":"https:\/\/www.gasia.com.tr\/en\/wp-json\/wp\/v2\/product_brand?post=39741"},{"taxonomy":"product_cat","embeddable":true,"href":"https:\/\/www.gasia.com.tr\/en\/wp-json\/wp\/v2\/product_cat?post=39741"},{"taxonomy":"product_tag","embeddable":true,"href":"https:\/\/www.gasia.com.tr\/en\/wp-json\/wp\/v2\/product_tag?post=39741"}],"curies":[{"name":"wp","href":"https:\/\/api.w.org\/{rel}","templated":true}]}}