{"id":39756,"date":"2026-02-02T00:00:00","date_gmt":"2026-02-01T21:00:00","guid":{"rendered":"https:\/\/www.gasia.com.tr\/?post_type=product&#038;p=39756"},"modified":"2026-03-30T16:25:59","modified_gmt":"2026-03-30T13:25:59","slug":"burgu-tasarimli-altin-halka-kupe","status":"publish","type":"product","link":"https:\/\/www.gasia.com.tr\/en\/collections\/burgu-tasarimli-altin-halka-kupe\/","title":{"rendered":"Burgu Tasar\u0131ml\u0131 Alt\u0131n Halka K\u00fcpe"},"content":{"rendered":"<p>Burgu formuyla tasarlanan bu alt\u0131n halka k\u00fcpe, klasik halka modeline hareketli bir g\u00f6r\u00fcn\u00fcm kazand\u0131r\u0131r. Spiral y\u00fczey detay\u0131 \u0131\u015f\u0131\u011f\u0131 farkl\u0131 a\u00e7\u0131lardan yans\u0131tarak k\u00fcpenin parlakl\u0131\u011f\u0131n\u0131 \u00f6ne \u00e7\u0131kar\u0131r. G\u00fcnl\u00fck kullan\u0131ma uygun yap\u0131s\u0131 ve sade tasar\u0131m\u0131 sayesinde farkl\u0131 kombinlerle kolayca uyum sa\u011flayan \u015f\u0131k bir aksesuard\u0131r.<\/p>","protected":false},"excerpt":{"rendered":"<ul>\n<li>14 Ayar Alt\u0131n<\/li>\n<li>3,60 gram A\u011f\u0131rl\u0131k<\/li>\n<\/ul>","protected":false},"featured_media":39757,"comment_status":"open","ping_status":"closed","template":"","meta":[],"product_brand":[77],"product_cat":[74],"product_tag":[1519,1520,1531,1526,1525,1522,1523,1529,1524,1532,1530,1521,1528,1527],"class_list":{"0":"post-39756","1":"product","2":"type-product","3":"status-publish","4":"has-post-thumbnail","6":"product_brand-gasia","7":"product_cat-kupe-modelleri","8":"product_tag-altin-halka-kupe","9":"product_tag-burgu-altin-kupe","10":"product_tag-designer-hoop-earrings","11":"product_tag-gold-hoop-earrings","12":"product_tag-gunluk-altin-kupe","13":"product_tag-kadin-altin-kupe","14":"product_tag-minimal-altin-kupe","15":"product_tag-minimalist-gold-earrings","16":"product_tag-modern-halka-kupe","17":"product_tag-modern-jewelry-earrings","18":"product_tag-small-gold-hoop-earrings","19":"product_tag-spiral-halka-kupe","20":"product_tag-spiral-hoop-earrings","21":"product_tag-twisted-hoop-earrings","22":"pa_cinsiyet-kadin","24":"first","25":"instock","26":"shipping-taxable","27":"purchasable","28":"product-type-simple"},"_links":{"self":[{"href":"https:\/\/www.gasia.com.tr\/en\/wp-json\/wp\/v2\/product\/39756","targetHints":{"allow":["GET"]}}],"collection":[{"href":"https:\/\/www.gasia.com.tr\/en\/wp-json\/wp\/v2\/product"}],"about":[{"href":"https:\/\/www.gasia.com.tr\/en\/wp-json\/wp\/v2\/types\/product"}],"replies":[{"embeddable":true,"href":"https:\/\/www.gasia.com.tr\/en\/wp-json\/wp\/v2\/comments?post=39756"}],"version-history":[{"count":2,"href":"https:\/\/www.gasia.com.tr\/en\/wp-json\/wp\/v2\/product\/39756\/revisions"}],"predecessor-version":[{"id":39761,"href":"https:\/\/www.gasia.com.tr\/en\/wp-json\/wp\/v2\/product\/39756\/revisions\/39761"}],"wp:featuredmedia":[{"embeddable":true,"href":"https:\/\/www.gasia.com.tr\/en\/wp-json\/wp\/v2\/media\/39757"}],"wp:attachment":[{"href":"https:\/\/www.gasia.com.tr\/en\/wp-json\/wp\/v2\/media?parent=39756"}],"wp:term":[{"taxonomy":"product_brand","embeddable":true,"href":"https:\/\/www.gasia.com.tr\/en\/wp-json\/wp\/v2\/product_brand?post=39756"},{"taxonomy":"product_cat","embeddable":true,"href":"https:\/\/www.gasia.com.tr\/en\/wp-json\/wp\/v2\/product_cat?post=39756"},{"taxonomy":"product_tag","embeddable":true,"href":"https:\/\/www.gasia.com.tr\/en\/wp-json\/wp\/v2\/product_tag?post=39756"}],"curies":[{"name":"wp","href":"https:\/\/api.w.org\/{rel}","templated":true}]}}