{"id":39763,"date":"2026-02-02T00:00:00","date_gmt":"2026-02-01T21:00:00","guid":{"rendered":"https:\/\/www.gasia.com.tr\/?post_type=product&#038;p=39763"},"modified":"2026-03-30T16:25:59","modified_gmt":"2026-03-30T13:25:59","slug":"burgu-tasarimli-beyaz-altin-halka-kupe","status":"publish","type":"product","link":"https:\/\/www.gasia.com.tr\/en\/collections\/burgu-tasarimli-beyaz-altin-halka-kupe\/","title":{"rendered":"Burgu Tasar\u0131ml\u0131 Beyaz Alt\u0131n Halka K\u00fcpe"},"content":{"rendered":"<p>Burgu formuyla tasarlanan bu <strong data-start=\"122\" data-end=\"148\">beyaz alt\u0131n halka k\u00fcpe<\/strong>, klasik halka modeline hareketli bir g\u00f6r\u00fcn\u00fcm kazand\u0131r\u0131r. Spiral y\u00fczey detay\u0131 \u0131\u015f\u0131\u011f\u0131 farkl\u0131 a\u00e7\u0131lardan yans\u0131tarak k\u00fcpenin parlakl\u0131\u011f\u0131n\u0131 \u00f6ne \u00e7\u0131kar\u0131r. G\u00fcnl\u00fck kullan\u0131ma uygun yap\u0131s\u0131 sayesinde farkl\u0131 kombinlerle kolayca uyum sa\u011flayan \u015f\u0131k bir aksesuard\u0131r.<\/p>","protected":false},"excerpt":{"rendered":"<ul>\n<li>14 Ayar Alt\u0131n<\/li>\n<li>3,60 gr A\u011f\u0131rl\u0131k<\/li>\n<\/ul>","protected":false},"featured_media":39767,"comment_status":"open","ping_status":"closed","template":"","meta":[],"product_brand":[],"product_cat":[74],"product_tag":[1540,1541,1534,1531,1526,1543,1542,1536,1537,1529,1545,1538,1524,1532,1533,1539,1535,1546,1521,1528,1527,1544],"class_list":{"0":"post-39763","1":"product","2":"type-product","3":"status-publish","4":"has-post-thumbnail","6":"product_cat-kupe-modelleri","7":"product_tag-beyaz-altin-halka-kupe","8":"product_tag-burgu-beyaz-altin-kupe","9":"product_tag-burgu-kupe","10":"product_tag-designer-hoop-earrings","11":"product_tag-gold-hoop-earrings","12":"product_tag-gunluk-kupe","13":"product_tag-kadin-beyaz-altin-kupe","14":"product_tag-kadin-halka-kupe","15":"product_tag-minimal-kupe","16":"product_tag-minimalist-gold-earrings","17":"product_tag-minimalist-white-gold-earrings","18":"product_tag-modern-altin-kupe","19":"product_tag-modern-halka-kupe","20":"product_tag-modern-jewelry-earrings","21":"product_tag-rose-altin-halka-kupe","22":"product_tag-rose-gold-hoop-earrings","23":"product_tag-rose-gold-kupe","24":"product_tag-small-hoop-earrings","25":"product_tag-spiral-halka-kupe","26":"product_tag-spiral-hoop-earrings","27":"product_tag-twisted-hoop-earrings","28":"product_tag-white-gold-hoop-earrings","29":"pa_cinsiyet-kadin","31":"first","32":"instock","33":"shipping-taxable","34":"purchasable","35":"product-type-simple"},"_links":{"self":[{"href":"https:\/\/www.gasia.com.tr\/en\/wp-json\/wp\/v2\/product\/39763","targetHints":{"allow":["GET"]}}],"collection":[{"href":"https:\/\/www.gasia.com.tr\/en\/wp-json\/wp\/v2\/product"}],"about":[{"href":"https:\/\/www.gasia.com.tr\/en\/wp-json\/wp\/v2\/types\/product"}],"replies":[{"embeddable":true,"href":"https:\/\/www.gasia.com.tr\/en\/wp-json\/wp\/v2\/comments?post=39763"}],"version-history":[{"count":1,"href":"https:\/\/www.gasia.com.tr\/en\/wp-json\/wp\/v2\/product\/39763\/revisions"}],"predecessor-version":[{"id":39765,"href":"https:\/\/www.gasia.com.tr\/en\/wp-json\/wp\/v2\/product\/39763\/revisions\/39765"}],"wp:featuredmedia":[{"embeddable":true,"href":"https:\/\/www.gasia.com.tr\/en\/wp-json\/wp\/v2\/media\/39767"}],"wp:attachment":[{"href":"https:\/\/www.gasia.com.tr\/en\/wp-json\/wp\/v2\/media?parent=39763"}],"wp:term":[{"taxonomy":"product_brand","embeddable":true,"href":"https:\/\/www.gasia.com.tr\/en\/wp-json\/wp\/v2\/product_brand?post=39763"},{"taxonomy":"product_cat","embeddable":true,"href":"https:\/\/www.gasia.com.tr\/en\/wp-json\/wp\/v2\/product_cat?post=39763"},{"taxonomy":"product_tag","embeddable":true,"href":"https:\/\/www.gasia.com.tr\/en\/wp-json\/wp\/v2\/product_tag?post=39763"}],"curies":[{"name":"wp","href":"https:\/\/api.w.org\/{rel}","templated":true}]}}