{"id":39791,"date":"2026-03-17T12:42:08","date_gmt":"2026-03-17T09:42:08","guid":{"rendered":"https:\/\/www.gasia.com.tr\/?post_type=product&#038;p=39791"},"modified":"2026-03-17T14:36:24","modified_gmt":"2026-03-17T11:36:24","slug":"lapis-tasli-pirlanta-detayli-tugra-motif-altin-kolye","status":"publish","type":"product","link":"https:\/\/www.gasia.com.tr\/en\/collections\/lapis-tasli-pirlanta-detayli-tugra-motif-altin-kolye\/","title":{"rendered":"Lapis Ta\u015fl\u0131 P\u0131rlanta Detayl\u0131 Tu\u011fra Motif Alt\u0131n Kolye"},"content":{"rendered":"<p>Derin mavi lapis ta\u015f\u0131 \u00fczerine i\u015flenen tu\u011fra formu ve p\u0131rlanta detaylar\u0131yla tasarlanan bu kolye, g\u00fc\u00e7l\u00fc bir karakter ve dikkat \u00e7ekici bir stil sunar. Alt\u0131n zincir ile tamamlanan tasar\u0131m, klasik motifleri modern bir yorumla bir araya getirerek \u00f6zel anlar ve g\u00fcnl\u00fck kullan\u0131m i\u00e7in ideal bir se\u00e7enek olu\u015fturur.<\/p>","protected":false},"excerpt":{"rendered":"<ul>\n<li>18 ayar Alt\u0131n<\/li>\n<li>0.26 ct P\u0131rlanta<\/li>\n<li>72 cm Uzunlu\u011funda zincir<\/li>\n<li>Do\u011fal Lapis Lazuli<\/li>\n<\/ul>","protected":false},"featured_media":39792,"comment_status":"open","ping_status":"closed","template":"","meta":[],"product_brand":[],"product_cat":[260,75],"product_tag":[1599,1607,1416,1605,1609,1606,1167,1600,1603,1597,1417,1602,1601,1608,483,472,1166,1604,1598,1610],"class_list":{"0":"post-39791","1":"product","2":"type-product","3":"status-publish","4":"has-post-thumbnail","6":"product_cat-kadin","7":"product_cat-kolye","8":"product_tag-altin-tugra-kolye","9":"product_tag-blue-stone-necklace","10":"product_tag-designer-gold-necklace","11":"product_tag-diamond-detail-necklace","12":"product_tag-gemstone-pendant","13":"product_tag-gold-pendant-necklace","14":"product_tag-kadin-altin-kolye","15":"product_tag-lapis-lazuli-kolye","16":"product_tag-lapis-lazuli-necklace","17":"product_tag-lapis-tasli-kolye","18":"product_tag-luxury-necklace","19":"product_tag-mavi-tas-kolye","20":"product_tag-osmanli-motif-kolye","21":"product_tag-ottoman-style-necklace","22":"product_tag-ozel-tasarim-kolye","23":"product_tag-pirlanta-detayli-kolye","24":"product_tag-tasli-altin-kolye","25":"product_tag-tughra-necklace","26":"product_tag-tugra-kolye","27":"product_tag-women-gold-necklace","28":"pa_cinsiyet-kadin","30":"first","31":"instock","32":"shipping-taxable","33":"purchasable","34":"product-type-simple"},"_links":{"self":[{"href":"https:\/\/www.gasia.com.tr\/en\/wp-json\/wp\/v2\/product\/39791","targetHints":{"allow":["GET"]}}],"collection":[{"href":"https:\/\/www.gasia.com.tr\/en\/wp-json\/wp\/v2\/product"}],"about":[{"href":"https:\/\/www.gasia.com.tr\/en\/wp-json\/wp\/v2\/types\/product"}],"replies":[{"embeddable":true,"href":"https:\/\/www.gasia.com.tr\/en\/wp-json\/wp\/v2\/comments?post=39791"}],"version-history":[{"count":2,"href":"https:\/\/www.gasia.com.tr\/en\/wp-json\/wp\/v2\/product\/39791\/revisions"}],"predecessor-version":[{"id":39798,"href":"https:\/\/www.gasia.com.tr\/en\/wp-json\/wp\/v2\/product\/39791\/revisions\/39798"}],"wp:featuredmedia":[{"embeddable":true,"href":"https:\/\/www.gasia.com.tr\/en\/wp-json\/wp\/v2\/media\/39792"}],"wp:attachment":[{"href":"https:\/\/www.gasia.com.tr\/en\/wp-json\/wp\/v2\/media?parent=39791"}],"wp:term":[{"taxonomy":"product_brand","embeddable":true,"href":"https:\/\/www.gasia.com.tr\/en\/wp-json\/wp\/v2\/product_brand?post=39791"},{"taxonomy":"product_cat","embeddable":true,"href":"https:\/\/www.gasia.com.tr\/en\/wp-json\/wp\/v2\/product_cat?post=39791"},{"taxonomy":"product_tag","embeddable":true,"href":"https:\/\/www.gasia.com.tr\/en\/wp-json\/wp\/v2\/product_tag?post=39791"}],"curies":[{"name":"wp","href":"https:\/\/api.w.org\/{rel}","templated":true}]}}