{"id":39799,"date":"2026-03-17T14:38:52","date_gmt":"2026-03-17T11:38:52","guid":{"rendered":"https:\/\/www.gasia.com.tr\/?post_type=product&#038;p=39799"},"modified":"2026-03-17T14:39:17","modified_gmt":"2026-03-17T11:39:17","slug":"siyah-oniks-tasli-pirlanta-detayli-tugra-motif-gumus-kolye","status":"publish","type":"product","link":"https:\/\/www.gasia.com.tr\/en\/collections\/siyah-oniks-tasli-pirlanta-detayli-tugra-motif-gumus-kolye\/","title":{"rendered":"Siyah Oniks Ta\u015fl\u0131 P\u0131rlanta Detayl\u0131 Tu\u011fra Motif G\u00fcm\u00fc\u015f Kolye"},"content":{"rendered":"<p>Parlak siyah oniks ta\u015f \u00fczerine i\u015flenen tu\u011fra formu ve p\u0131rlanta detaylar\u0131yla tasarlanan bu kolye, g\u00fc\u00e7l\u00fc kontrast\u0131 ve net duru\u015fuyla dikkat \u00e7eker. G\u00fcm\u00fc\u015f zincir ile tamamlanan tasar\u0131m, klasik motifleri modern bir \u00e7izgide sunarak hem g\u00fcnl\u00fck hem \u00f6zel kullan\u0131m i\u00e7in ideal bir par\u00e7a olu\u015fturur.<\/p>","protected":false},"excerpt":{"rendered":"<ul>\n<li>18 ayar Alt\u0131n<\/li>\n<li>0.26 ct P\u0131rlanta<\/li>\n<li>72 cm Uzunlu\u011funda zincir<\/li>\n<li>Do\u011fal Onyx<\/li>\n<li><\/li>\n<\/ul>","protected":false},"featured_media":39800,"comment_status":"open","ping_status":"closed","template":"","meta":[],"product_brand":[],"product_cat":[260,75],"product_tag":[1616,1619,1374,1605,1609,1612,1615,1417,1096,1617,1601,1608,483,472,1618,1611,1613,1614,1604,1598],"class_list":{"0":"post-39799","1":"product","2":"type-product","3":"status-publish","4":"has-post-thumbnail","6":"product_cat-kadin","7":"product_cat-kolye","8":"product_tag-black-onyx-necklace","9":"product_tag-black-stone-necklace","10":"product_tag-designer-silver-necklace","11":"product_tag-diamond-detail-necklace","12":"product_tag-gemstone-pendant","13":"product_tag-gumus-tugra-kolye","14":"product_tag-kadin-kolye-modelleri","15":"product_tag-luxury-necklace","16":"product_tag-oniks-tasli-kolye","17":"product_tag-onyx-stone-necklace","18":"product_tag-osmanli-motif-kolye","19":"product_tag-ottoman-style-necklace","20":"product_tag-ozel-tasarim-kolye","21":"product_tag-pirlanta-detayli-kolye","22":"product_tag-silver-pendant-necklace","23":"product_tag-siyah-oniks-kolye","24":"product_tag-siyah-tas-kolye","25":"product_tag-tasli-gumus-kolye","26":"product_tag-tughra-necklace","27":"product_tag-tugra-kolye","28":"pa_cinsiyet-kadin","30":"first","31":"instock","32":"shipping-taxable","33":"purchasable","34":"product-type-simple"},"_links":{"self":[{"href":"https:\/\/www.gasia.com.tr\/en\/wp-json\/wp\/v2\/product\/39799","targetHints":{"allow":["GET"]}}],"collection":[{"href":"https:\/\/www.gasia.com.tr\/en\/wp-json\/wp\/v2\/product"}],"about":[{"href":"https:\/\/www.gasia.com.tr\/en\/wp-json\/wp\/v2\/types\/product"}],"replies":[{"embeddable":true,"href":"https:\/\/www.gasia.com.tr\/en\/wp-json\/wp\/v2\/comments?post=39799"}],"version-history":[{"count":1,"href":"https:\/\/www.gasia.com.tr\/en\/wp-json\/wp\/v2\/product\/39799\/revisions"}],"predecessor-version":[{"id":39801,"href":"https:\/\/www.gasia.com.tr\/en\/wp-json\/wp\/v2\/product\/39799\/revisions\/39801"}],"wp:featuredmedia":[{"embeddable":true,"href":"https:\/\/www.gasia.com.tr\/en\/wp-json\/wp\/v2\/media\/39800"}],"wp:attachment":[{"href":"https:\/\/www.gasia.com.tr\/en\/wp-json\/wp\/v2\/media?parent=39799"}],"wp:term":[{"taxonomy":"product_brand","embeddable":true,"href":"https:\/\/www.gasia.com.tr\/en\/wp-json\/wp\/v2\/product_brand?post=39799"},{"taxonomy":"product_cat","embeddable":true,"href":"https:\/\/www.gasia.com.tr\/en\/wp-json\/wp\/v2\/product_cat?post=39799"},{"taxonomy":"product_tag","embeddable":true,"href":"https:\/\/www.gasia.com.tr\/en\/wp-json\/wp\/v2\/product_tag?post=39799"}],"curies":[{"name":"wp","href":"https:\/\/api.w.org\/{rel}","templated":true}]}}