{"id":39803,"date":"2026-03-17T14:39:30","date_gmt":"2026-03-17T11:39:30","guid":{"rendered":"https:\/\/www.gasia.com.tr\/?post_type=product&#038;p=39803"},"modified":"2026-03-17T14:42:31","modified_gmt":"2026-03-17T11:42:31","slug":"firuze-tasli-pirlanta-detayli-tugra-motif-altin-kolye","status":"publish","type":"product","link":"https:\/\/www.gasia.com.tr\/en\/collections\/firuze-tasli-pirlanta-detayli-tugra-motif-altin-kolye\/","title":{"rendered":"Firuze Ta\u015fl\u0131 P\u0131rlanta Detayl\u0131 Tu\u011fra Motif Alt\u0131n Kolye"},"content":{"rendered":"<p>Canl\u0131 firuze ta\u015f\u0131 \u00fczerine i\u015flenen tu\u011fra formu ve p\u0131rlanta detaylar\u0131yla tasarlanan bu kolye, g\u00f6z al\u0131c\u0131 bir renk ve g\u00fc\u00e7l\u00fc bir duru\u015f sunar. Alt\u0131n zincir ile tamamlanan tasar\u0131m, geleneksel motifleri modern bir \u00e7izgide bulu\u015fturarak her stile uyum sa\u011flar.<\/p>","protected":false},"excerpt":{"rendered":"<ul>\n<li>18 ayar Alt\u0131n<\/li>\n<li>0.26 ct P\u0131rlanta<\/li>\n<li>72 cm Uzunlu\u011funda zincir<\/li>\n<li>Do\u011fal Onyx<\/li>\n<\/ul>","protected":false},"featured_media":39804,"comment_status":"open","ping_status":"closed","template":"","meta":[],"product_brand":[],"product_cat":[260,75],"product_tag":[1599,1607,1416,1605,1620,1092,1609,1606,1417,1602,1601,1608,483,472,1166,1604,1598,1341,1095,1349],"class_list":{"0":"post-39803","1":"product","2":"type-product","3":"status-publish","4":"has-post-thumbnail","6":"product_cat-kadin","7":"product_cat-kolye","8":"product_tag-altin-tugra-kolye","9":"product_tag-blue-stone-necklace","10":"product_tag-designer-gold-necklace","11":"product_tag-diamond-detail-necklace","12":"product_tag-firuze-kolye-kadin","13":"product_tag-firuze-tasli-kolye","14":"product_tag-gemstone-pendant","15":"product_tag-gold-pendant-necklace","16":"product_tag-luxury-necklace","17":"product_tag-mavi-tas-kolye","18":"product_tag-osmanli-motif-kolye","19":"product_tag-ottoman-style-necklace","20":"product_tag-ozel-tasarim-kolye","21":"product_tag-pirlanta-detayli-kolye","22":"product_tag-tasli-altin-kolye","23":"product_tag-tughra-necklace","24":"product_tag-tugra-kolye","25":"product_tag-turkuaz-tas-kolye","26":"product_tag-turquoise-necklace","27":"product_tag-turquoise-stone-necklace","28":"pa_cinsiyet-kadin","30":"first","31":"instock","32":"shipping-taxable","33":"purchasable","34":"product-type-simple"},"_links":{"self":[{"href":"https:\/\/www.gasia.com.tr\/en\/wp-json\/wp\/v2\/product\/39803","targetHints":{"allow":["GET"]}}],"collection":[{"href":"https:\/\/www.gasia.com.tr\/en\/wp-json\/wp\/v2\/product"}],"about":[{"href":"https:\/\/www.gasia.com.tr\/en\/wp-json\/wp\/v2\/types\/product"}],"replies":[{"embeddable":true,"href":"https:\/\/www.gasia.com.tr\/en\/wp-json\/wp\/v2\/comments?post=39803"}],"version-history":[{"count":1,"href":"https:\/\/www.gasia.com.tr\/en\/wp-json\/wp\/v2\/product\/39803\/revisions"}],"predecessor-version":[{"id":39805,"href":"https:\/\/www.gasia.com.tr\/en\/wp-json\/wp\/v2\/product\/39803\/revisions\/39805"}],"wp:featuredmedia":[{"embeddable":true,"href":"https:\/\/www.gasia.com.tr\/en\/wp-json\/wp\/v2\/media\/39804"}],"wp:attachment":[{"href":"https:\/\/www.gasia.com.tr\/en\/wp-json\/wp\/v2\/media?parent=39803"}],"wp:term":[{"taxonomy":"product_brand","embeddable":true,"href":"https:\/\/www.gasia.com.tr\/en\/wp-json\/wp\/v2\/product_brand?post=39803"},{"taxonomy":"product_cat","embeddable":true,"href":"https:\/\/www.gasia.com.tr\/en\/wp-json\/wp\/v2\/product_cat?post=39803"},{"taxonomy":"product_tag","embeddable":true,"href":"https:\/\/www.gasia.com.tr\/en\/wp-json\/wp\/v2\/product_tag?post=39803"}],"curies":[{"name":"wp","href":"https:\/\/api.w.org\/{rel}","templated":true}]}}