{"id":39820,"date":"2026-03-17T21:48:45","date_gmt":"2026-03-17T18:48:45","guid":{"rendered":"https:\/\/www.gasia.com.tr\/?post_type=product&#038;p=39820"},"modified":"2026-04-16T22:39:10","modified_gmt":"2026-04-16T19:39:10","slug":"yonca-formlu-kolye-pirlanta-ve-turkuaz-tas-detayli-sans-kolyesi","status":"publish","type":"product","link":"https:\/\/www.gasia.com.tr\/en\/collections\/yonca-formlu-kolye-pirlanta-ve-turkuaz-tas-detayli-sans-kolyesi\/","title":{"rendered":"Yonca Formlu Kolye \u2013 P\u0131rlanta ve Turkuaz Ta\u015f Detayl\u0131 \u015eans Kolyesi"},"content":{"rendered":"<p>Yonca formundan ilham al\u0131narak tasarlanan bu kolye, p\u0131rlanta ta\u015flarla kapl\u0131 y\u00fczeyi ve merkezdeki turkuaz ta\u015f\u0131yla dikkat \u00e7eker. \u015eans\u0131 ve pozitif enerjiyi simgeleyen yonca formu, zarif i\u015f\u00e7ilikle birle\u015ferek hem anlaml\u0131 hem de \u0131\u015f\u0131lt\u0131l\u0131 bir tasar\u0131m sunar. G\u00fcnl\u00fck kullan\u0131mda stilinize zarif bir dokunu\u015f katar.<\/p>","protected":false},"excerpt":{"rendered":"<ul>\n<li>14 Ayar Alt\u0131n<\/li>\n<li>0,47 ct P\u0131rlanta<\/li>\n<li>0,07 ct Do\u011fal Arizona Firuze<\/li>\n<li>42 cm uzunluk<\/li>\n<\/ul>","protected":false},"featured_media":39821,"comment_status":"open","ping_status":"closed","template":"","meta":[],"product_brand":[2718],"product_cat":[75],"product_tag":[278,1673,633,294,1676,1677,322,473,1675,1667,1668,276,284,274,1674,1095,1632,271],"class_list":{"0":"post-39820","1":"product","2":"type-product","3":"status-publish","4":"has-post-thumbnail","6":"product_brand-gasia-casuals","7":"product_cat-kolye","8":"product_tag-altin-kolye","9":"product_tag-clover-necklace","10":"product_tag-designer-necklace","11":"product_tag-diamond-necklace","12":"product_tag-dort-yaprakli-yonca","13":"product_tag-four-leaf-clover-necklace","14":"product_tag-gold-necklace","15":"product_tag-kadin-kolye","16":"product_tag-lucky-necklace","17":"product_tag-luks-taki","18":"product_tag-luxury-jewelry","19":"product_tag-pirlanta-kolye","20":"product_tag-sans-kolyesi","21":"product_tag-tasarim-kolye","22":"product_tag-turkuaz-kolye","23":"product_tag-turquoise-necklace","24":"product_tag-women-necklace","25":"product_tag-yonca-kolye","26":"pa_cinsiyet-kadin","28":"first","29":"instock","30":"shipping-taxable","31":"purchasable","32":"product-type-simple"},"_links":{"self":[{"href":"https:\/\/www.gasia.com.tr\/en\/wp-json\/wp\/v2\/product\/39820","targetHints":{"allow":["GET"]}}],"collection":[{"href":"https:\/\/www.gasia.com.tr\/en\/wp-json\/wp\/v2\/product"}],"about":[{"href":"https:\/\/www.gasia.com.tr\/en\/wp-json\/wp\/v2\/types\/product"}],"replies":[{"embeddable":true,"href":"https:\/\/www.gasia.com.tr\/en\/wp-json\/wp\/v2\/comments?post=39820"}],"version-history":[{"count":3,"href":"https:\/\/www.gasia.com.tr\/en\/wp-json\/wp\/v2\/product\/39820\/revisions"}],"predecessor-version":[{"id":42384,"href":"https:\/\/www.gasia.com.tr\/en\/wp-json\/wp\/v2\/product\/39820\/revisions\/42384"}],"wp:featuredmedia":[{"embeddable":true,"href":"https:\/\/www.gasia.com.tr\/en\/wp-json\/wp\/v2\/media\/39821"}],"wp:attachment":[{"href":"https:\/\/www.gasia.com.tr\/en\/wp-json\/wp\/v2\/media?parent=39820"}],"wp:term":[{"taxonomy":"product_brand","embeddable":true,"href":"https:\/\/www.gasia.com.tr\/en\/wp-json\/wp\/v2\/product_brand?post=39820"},{"taxonomy":"product_cat","embeddable":true,"href":"https:\/\/www.gasia.com.tr\/en\/wp-json\/wp\/v2\/product_cat?post=39820"},{"taxonomy":"product_tag","embeddable":true,"href":"https:\/\/www.gasia.com.tr\/en\/wp-json\/wp\/v2\/product_tag?post=39820"}],"curies":[{"name":"wp","href":"https:\/\/api.w.org\/{rel}","templated":true}]}}