{"id":39828,"date":"2026-03-17T22:08:38","date_gmt":"2026-03-17T19:08:38","guid":{"rendered":"https:\/\/www.gasia.com.tr\/?post_type=product&#038;p=39828"},"modified":"2026-03-17T22:40:35","modified_gmt":"2026-03-17T19:40:35","slug":"sari-altin-zumrut-tamtur-yuzuk-oval-kesim-tasli-zarif-tasarim","status":"publish","type":"product","link":"https:\/\/www.gasia.com.tr\/en\/collections\/sari-altin-zumrut-tamtur-yuzuk-oval-kesim-tasli-zarif-tasarim\/","title":{"rendered":"Sar\u0131 Alt\u0131n Z\u00fcmr\u00fct Tamtur Y\u00fcz\u00fck \u2013 Oval Kesim Ta\u015fl\u0131 Zarif Tasar\u0131m"},"content":{"rendered":"<p>14 ayar alt\u0131n \u00fczerine \u00f6zenle yerle\u015ftirilmi\u015f oval kesim z\u00fcmr\u00fct ta\u015flarla tasarlanan bu tamtur y\u00fcz\u00fck, g\u00fc\u00e7l\u00fc ve dikkat \u00e7ekici bir \u0131\u015f\u0131lt\u0131 sunar. Canl\u0131 ye\u015fil tonlar\u0131yla \u00f6ne \u00e7\u0131kan z\u00fcmr\u00fctler, y\u00fcz\u00fc\u011fe sofistike ve l\u00fcks bir karakter kazand\u0131r\u0131r. Tek ba\u015f\u0131na \u015f\u0131k bir duru\u015f sergilerken, di\u011fer y\u00fcz\u00fcklerle kombinlenerek stilinizi tamamlayan etkileyici bir par\u00e7ad\u0131r.<\/p>","protected":false},"excerpt":{"rendered":"<p>14 ayar alt\u0131n \u00fczerine \u00f6zenle yerle\u015ftirilmi\u015f oval kesim z\u00fcmr\u00fct ta\u015flarla tasarlanan bu tamtur y\u00fcz\u00fck, g\u00fc\u00e7l\u00fc ve dikkat \u00e7ekici bir \u0131\u015f\u0131lt\u0131<\/p>","protected":false},"featured_media":39830,"comment_status":"open","ping_status":"closed","template":"","meta":[],"product_brand":[],"product_cat":[76],"product_tag":[1688,1689,289,526,1015,1655,577,1692,520,653,590,1690,1053,579,1012,1021,1691,1693,530],"class_list":{"0":"post-39828","1":"product","2":"type-product","3":"status-publish","4":"has-post-thumbnail","6":"product_cat-yuzuk-modelleri","7":"product_tag-18-ayar-altin-yuzuk","8":"product_tag-18k-gold-ring","9":"product_tag-altin-yuzuk","10":"product_tag-emerald-ring","11":"product_tag-eternity-ring","12":"product_tag-fine-jewelry","13":"product_tag-gold-ring","14":"product_tag-green-stone-ring","15":"product_tag-kadin-yuzuk","16":"product_tag-luks-yuzuk","17":"product_tag-luxury-ring","18":"product_tag-oval-cut-ring","19":"product_tag-oval-kesim-yuzuk","20":"product_tag-stackable-ring","21":"product_tag-tamtur-yuzuk","22":"product_tag-women-ring","23":"product_tag-yesil-tasli-yuzuk","24":"product_tag-zumrut-tamtur-yuzuk","25":"product_tag-zumrut-yuzuk","26":"pa_cinsiyet-kadin","28":"first","29":"instock","30":"shipping-taxable","31":"product-type-simple"},"_links":{"self":[{"href":"https:\/\/www.gasia.com.tr\/en\/wp-json\/wp\/v2\/product\/39828","targetHints":{"allow":["GET"]}}],"collection":[{"href":"https:\/\/www.gasia.com.tr\/en\/wp-json\/wp\/v2\/product"}],"about":[{"href":"https:\/\/www.gasia.com.tr\/en\/wp-json\/wp\/v2\/types\/product"}],"replies":[{"embeddable":true,"href":"https:\/\/www.gasia.com.tr\/en\/wp-json\/wp\/v2\/comments?post=39828"}],"version-history":[{"count":2,"href":"https:\/\/www.gasia.com.tr\/en\/wp-json\/wp\/v2\/product\/39828\/revisions"}],"predecessor-version":[{"id":39832,"href":"https:\/\/www.gasia.com.tr\/en\/wp-json\/wp\/v2\/product\/39828\/revisions\/39832"}],"wp:featuredmedia":[{"embeddable":true,"href":"https:\/\/www.gasia.com.tr\/en\/wp-json\/wp\/v2\/media\/39830"}],"wp:attachment":[{"href":"https:\/\/www.gasia.com.tr\/en\/wp-json\/wp\/v2\/media?parent=39828"}],"wp:term":[{"taxonomy":"product_brand","embeddable":true,"href":"https:\/\/www.gasia.com.tr\/en\/wp-json\/wp\/v2\/product_brand?post=39828"},{"taxonomy":"product_cat","embeddable":true,"href":"https:\/\/www.gasia.com.tr\/en\/wp-json\/wp\/v2\/product_cat?post=39828"},{"taxonomy":"product_tag","embeddable":true,"href":"https:\/\/www.gasia.com.tr\/en\/wp-json\/wp\/v2\/product_tag?post=39828"}],"curies":[{"name":"wp","href":"https:\/\/api.w.org\/{rel}","templated":true}]}}