{"id":39833,"date":"2026-03-17T22:09:57","date_gmt":"2026-03-17T19:09:57","guid":{"rendered":"https:\/\/www.gasia.com.tr\/?post_type=product&#038;p=39833"},"modified":"2026-03-26T13:58:53","modified_gmt":"2026-03-26T10:58:53","slug":"18-ayar-altin-baykus-kolye-sitrin-tasli-pirlanta-detayli-ozel-tasarim","status":"publish","type":"product","link":"https:\/\/www.gasia.com.tr\/en\/collections\/18-ayar-altin-baykus-kolye-sitrin-tasli-pirlanta-detayli-ozel-tasarim\/","title":{"rendered":"18 Ayar Alt\u0131n Bayku\u015f Kolye \u2013 Sitrin Ta\u015fl\u0131 P\u0131rlanta Detayl\u0131 \u00d6zel Tasar\u0131m"},"content":{"rendered":"<p>18 ayar alt\u0131n ile tasarlanan bu bayku\u015f fig\u00fcrl\u00fc kolye, sitrin ta\u015f\u0131n\u0131n s\u0131cak sar\u0131 tonlar\u0131 ve p\u0131rlanta detaylar\u0131yla dikkat \u00e7eker. Bilgeli\u011fi ve korumay\u0131 simgeleyen bayku\u015f formu, zarif i\u015f\u00e7ilikle modern bir tasar\u0131ma d\u00f6n\u00fc\u015f\u00fcr. I\u015f\u0131lt\u0131l\u0131 ta\u015f detaylar\u0131 sayesinde hem g\u00fcnl\u00fck kullan\u0131mda hem de \u00f6zel anlarda stilinize g\u00fc\u00e7l\u00fc bir karakter katar.<\/p>","protected":false},"excerpt":{"rendered":"<p>18 ayar alt\u0131n ile tasarlanan bu bayku\u015f fig\u00fcrl\u00fc kolye, sitrin ta\u015f\u0131n\u0131n s\u0131cak sar\u0131 tonlar\u0131 ve p\u0131rlanta detaylar\u0131yla dikkat \u00e7eker. Bilgeli\u011fi<\/p>","protected":false},"featured_media":40830,"comment_status":"open","ping_status":"closed","template":"","meta":[],"product_brand":[],"product_cat":[269,75],"product_tag":[1648,1649,278,1696,1469,1695,633,1605,1697,480,473,1667,1668,1471,472,1698,1694,274,1632,1699],"class_list":{"0":"post-39833","1":"product","2":"type-product","3":"status-publish","4":"has-post-thumbnail","6":"product_cat-gem-world-degerli-tasli-mucevher","7":"product_cat-kolye","8":"product_tag-18-ayar-altin-kolye","9":"product_tag-18k-gold-necklace","10":"product_tag-altin-kolye","11":"product_tag-animal-pendant","12":"product_tag-baykus-kolye","13":"product_tag-citrine-necklace","14":"product_tag-designer-necklace","15":"product_tag-diamond-detail-necklace","16":"product_tag-gold-pendant","17":"product_tag-hayvan-figurlu-kolye","18":"product_tag-kadin-kolye","19":"product_tag-luks-taki","20":"product_tag-luxury-jewelry","21":"product_tag-owl-necklace","22":"product_tag-pirlanta-detayli-kolye","23":"product_tag-sari-tasli-kolye","24":"product_tag-sitrin-kolye","25":"product_tag-tasarim-kolye","26":"product_tag-women-necklace","27":"product_tag-yellow-stone-necklace","28":"pa_cinsiyet-kadin","30":"first","31":"instock","32":"shipping-taxable","33":"product-type-simple"},"_links":{"self":[{"href":"https:\/\/www.gasia.com.tr\/en\/wp-json\/wp\/v2\/product\/39833","targetHints":{"allow":["GET"]}}],"collection":[{"href":"https:\/\/www.gasia.com.tr\/en\/wp-json\/wp\/v2\/product"}],"about":[{"href":"https:\/\/www.gasia.com.tr\/en\/wp-json\/wp\/v2\/types\/product"}],"replies":[{"embeddable":true,"href":"https:\/\/www.gasia.com.tr\/en\/wp-json\/wp\/v2\/comments?post=39833"}],"version-history":[{"count":2,"href":"https:\/\/www.gasia.com.tr\/en\/wp-json\/wp\/v2\/product\/39833\/revisions"}],"predecessor-version":[{"id":39836,"href":"https:\/\/www.gasia.com.tr\/en\/wp-json\/wp\/v2\/product\/39833\/revisions\/39836"}],"wp:featuredmedia":[{"embeddable":true,"href":"https:\/\/www.gasia.com.tr\/en\/wp-json\/wp\/v2\/media\/40830"}],"wp:attachment":[{"href":"https:\/\/www.gasia.com.tr\/en\/wp-json\/wp\/v2\/media?parent=39833"}],"wp:term":[{"taxonomy":"product_brand","embeddable":true,"href":"https:\/\/www.gasia.com.tr\/en\/wp-json\/wp\/v2\/product_brand?post=39833"},{"taxonomy":"product_cat","embeddable":true,"href":"https:\/\/www.gasia.com.tr\/en\/wp-json\/wp\/v2\/product_cat?post=39833"},{"taxonomy":"product_tag","embeddable":true,"href":"https:\/\/www.gasia.com.tr\/en\/wp-json\/wp\/v2\/product_tag?post=39833"}],"curies":[{"name":"wp","href":"https:\/\/api.w.org\/{rel}","templated":true}]}}