{"id":39837,"date":"2026-03-17T22:12:10","date_gmt":"2026-03-17T19:12:10","guid":{"rendered":"https:\/\/www.gasia.com.tr\/?post_type=product&#038;p=39837"},"modified":"2026-03-17T22:40:35","modified_gmt":"2026-03-17T19:40:35","slug":"altin-beyaz-mercan-kolye-pirlanta-detayli-ozel-tasarim-uzun-kolye","status":"publish","type":"product","link":"https:\/\/www.gasia.com.tr\/en\/collections\/altin-beyaz-mercan-kolye-pirlanta-detayli-ozel-tasarim-uzun-kolye\/","title":{"rendered":"Alt\u0131n Beyaz Mercan Kolye \u2013 P\u0131rlanta Detayl\u0131 \u00d6zel Tasar\u0131m Uzun Kolye"},"content":{"rendered":"<p>Alt\u0131n detaylar ve beyaz mercan ta\u015f\u0131n\u0131n do\u011fal dokusuyla tasarlanan bu \u00f6zel kolye, zarif formu ve p\u0131rlanta detayl\u0131 motifleriyle \u00f6ne \u00e7\u0131kar. Uzun ve ak\u0131c\u0131 tasar\u0131m\u0131 boyun hatt\u0131nda \u015f\u0131k bir duru\u015f sa\u011flarken, ince i\u015f\u00e7ili\u011fi par\u00e7aya sofistike bir karakter kazand\u0131r\u0131r. Farkl\u0131 ve dikkat \u00e7ekici tasar\u0131mlar arayanlar i\u00e7in g\u00fc\u00e7l\u00fc bir tamamlay\u0131c\u0131d\u0131r.<\/p>","protected":false},"excerpt":{"rendered":"<p>Alt\u0131n detaylar ve beyaz mercan ta\u015f\u0131n\u0131n do\u011fal dokusuyla tasarlanan bu \u00f6zel kolye, zarif formu ve p\u0131rlanta detayl\u0131 motifleriyle \u00f6ne \u00e7\u0131kar.<\/p>","protected":false},"featured_media":39838,"comment_status":"open","ping_status":"closed","template":"","meta":[],"product_brand":[],"product_cat":[75],"product_tag":[278,1669,1700,1704,633,1605,322,1697,473,1703,1667,1668,637,472,489,274,1702,1701,1632],"class_list":{"0":"post-39837","1":"product","2":"type-product","3":"status-publish","4":"has-post-thumbnail","6":"product_cat-kolye","7":"product_tag-altin-kolye","8":"product_tag-altin-kolye-ucu","9":"product_tag-beyaz-mercan-kolye","10":"product_tag-coral-jewelry","11":"product_tag-designer-necklace","12":"product_tag-diamond-detail-necklace","13":"product_tag-gold-necklace","14":"product_tag-gold-pendant","15":"product_tag-kadin-kolye","16":"product_tag-long-necklace","17":"product_tag-luks-taki","18":"product_tag-luxury-jewelry","19":"product_tag-mercan-kolye","20":"product_tag-pirlanta-detayli-kolye","21":"product_tag-statement-necklace","22":"product_tag-tasarim-kolye","23":"product_tag-uzun-kolye","24":"product_tag-white-coral-necklace","25":"product_tag-women-necklace","26":"pa_cinsiyet-kadin","28":"first","29":"instock","30":"shipping-taxable","31":"product-type-simple"},"_links":{"self":[{"href":"https:\/\/www.gasia.com.tr\/en\/wp-json\/wp\/v2\/product\/39837","targetHints":{"allow":["GET"]}}],"collection":[{"href":"https:\/\/www.gasia.com.tr\/en\/wp-json\/wp\/v2\/product"}],"about":[{"href":"https:\/\/www.gasia.com.tr\/en\/wp-json\/wp\/v2\/types\/product"}],"replies":[{"embeddable":true,"href":"https:\/\/www.gasia.com.tr\/en\/wp-json\/wp\/v2\/comments?post=39837"}],"version-history":[{"count":1,"href":"https:\/\/www.gasia.com.tr\/en\/wp-json\/wp\/v2\/product\/39837\/revisions"}],"predecessor-version":[{"id":39839,"href":"https:\/\/www.gasia.com.tr\/en\/wp-json\/wp\/v2\/product\/39837\/revisions\/39839"}],"wp:featuredmedia":[{"embeddable":true,"href":"https:\/\/www.gasia.com.tr\/en\/wp-json\/wp\/v2\/media\/39838"}],"wp:attachment":[{"href":"https:\/\/www.gasia.com.tr\/en\/wp-json\/wp\/v2\/media?parent=39837"}],"wp:term":[{"taxonomy":"product_brand","embeddable":true,"href":"https:\/\/www.gasia.com.tr\/en\/wp-json\/wp\/v2\/product_brand?post=39837"},{"taxonomy":"product_cat","embeddable":true,"href":"https:\/\/www.gasia.com.tr\/en\/wp-json\/wp\/v2\/product_cat?post=39837"},{"taxonomy":"product_tag","embeddable":true,"href":"https:\/\/www.gasia.com.tr\/en\/wp-json\/wp\/v2\/product_tag?post=39837"}],"curies":[{"name":"wp","href":"https:\/\/api.w.org\/{rel}","templated":true}]}}