{"id":39840,"date":"2026-03-17T22:14:11","date_gmt":"2026-03-17T19:14:11","guid":{"rendered":"https:\/\/www.gasia.com.tr\/?post_type=product&#038;p=39840"},"modified":"2026-03-17T22:40:35","modified_gmt":"2026-03-17T19:40:35","slug":"yunus-figurlu-kolye-pirlanta-ve-inci-detayli-ozel-tasarim-kolye","status":"publish","type":"product","link":"https:\/\/www.gasia.com.tr\/en\/collections\/yunus-figurlu-kolye-pirlanta-ve-inci-detayli-ozel-tasarim-kolye\/","title":{"rendered":"Yunus Fig\u00fcrl\u00fc Kolye \u2013 P\u0131rlanta ve \u0130nci Detayl\u0131 \u00d6zel Tasar\u0131m Kolye"},"content":{"rendered":"<p>Yunus fig\u00fcr\u00fcnden ilham al\u0131narak tasarlanan bu kolye, inci detaylar\u0131 ve p\u0131rlanta kapl\u0131 y\u00fczeyiyle dikkat \u00e7eker. I\u015f\u0131lt\u0131l\u0131 ta\u015f dokusu ile do\u011fal formun birle\u015fimi tasar\u0131ma zarif ve sanatsal bir karakter kazand\u0131r\u0131r. \u00d6zg\u00fcrl\u00fc\u011f\u00fc, ne\u015feyi ve zarafeti simgeleyen yunus formu ile stilinize farkl\u0131 bir dokunu\u015f katar.<\/p>","protected":false},"excerpt":{"rendered":"<p>Yunus fig\u00fcr\u00fcnden ilham al\u0131narak tasarlanan bu kolye, inci detaylar\u0131 ve p\u0131rlanta kapl\u0131 y\u00fczeyiyle dikkat \u00e7eker. I\u015f\u0131lt\u0131l\u0131 ta\u015f dokusu ile do\u011fal<\/p>","protected":false},"featured_media":39841,"comment_status":"open","ping_status":"closed","template":"","meta":[],"product_brand":[],"product_cat":[269,75],"product_tag":[1696,633,1605,1706,1710,480,1707,473,1667,1668,1687,1708,472,489,274,1632,1705,1709],"class_list":{"0":"post-39840","1":"product","2":"type-product","3":"status-publish","4":"has-post-thumbnail","6":"product_cat-gem-world-degerli-tasli-mucevher","7":"product_cat-kolye","8":"product_tag-animal-pendant","9":"product_tag-designer-necklace","10":"product_tag-diamond-detail-necklace","11":"product_tag-dolphin-necklace","12":"product_tag-dolphin-pendant","13":"product_tag-hayvan-figurlu-kolye","14":"product_tag-inci-detayli-kolye","15":"product_tag-kadin-kolye","16":"product_tag-luks-taki","17":"product_tag-luxury-jewelry","18":"product_tag-ozel-tasarim-taki","19":"product_tag-pearl-detail-necklace","20":"product_tag-pirlanta-detayli-kolye","21":"product_tag-statement-necklace","22":"product_tag-tasarim-kolye","23":"product_tag-women-necklace","24":"product_tag-yunus-kolye","25":"product_tag-yunus-kolye-ucu","26":"pa_cinsiyet-kadin","28":"first","29":"instock","30":"shipping-taxable","31":"product-type-simple"},"_links":{"self":[{"href":"https:\/\/www.gasia.com.tr\/en\/wp-json\/wp\/v2\/product\/39840","targetHints":{"allow":["GET"]}}],"collection":[{"href":"https:\/\/www.gasia.com.tr\/en\/wp-json\/wp\/v2\/product"}],"about":[{"href":"https:\/\/www.gasia.com.tr\/en\/wp-json\/wp\/v2\/types\/product"}],"replies":[{"embeddable":true,"href":"https:\/\/www.gasia.com.tr\/en\/wp-json\/wp\/v2\/comments?post=39840"}],"version-history":[{"count":2,"href":"https:\/\/www.gasia.com.tr\/en\/wp-json\/wp\/v2\/product\/39840\/revisions"}],"predecessor-version":[{"id":39843,"href":"https:\/\/www.gasia.com.tr\/en\/wp-json\/wp\/v2\/product\/39840\/revisions\/39843"}],"wp:featuredmedia":[{"embeddable":true,"href":"https:\/\/www.gasia.com.tr\/en\/wp-json\/wp\/v2\/media\/39841"}],"wp:attachment":[{"href":"https:\/\/www.gasia.com.tr\/en\/wp-json\/wp\/v2\/media?parent=39840"}],"wp:term":[{"taxonomy":"product_brand","embeddable":true,"href":"https:\/\/www.gasia.com.tr\/en\/wp-json\/wp\/v2\/product_brand?post=39840"},{"taxonomy":"product_cat","embeddable":true,"href":"https:\/\/www.gasia.com.tr\/en\/wp-json\/wp\/v2\/product_cat?post=39840"},{"taxonomy":"product_tag","embeddable":true,"href":"https:\/\/www.gasia.com.tr\/en\/wp-json\/wp\/v2\/product_tag?post=39840"}],"curies":[{"name":"wp","href":"https:\/\/api.w.org\/{rel}","templated":true}]}}