{"id":39851,"date":"2026-03-17T22:21:57","date_gmt":"2026-03-17T19:21:57","guid":{"rendered":"https:\/\/www.gasia.com.tr\/?post_type=product&#038;p=39851"},"modified":"2026-04-14T10:43:53","modified_gmt":"2026-04-14T07:43:53","slug":"rutil-kuvars-kupe-pirlanta-detayli-sallantili-ozel-tasarim","status":"publish","type":"product","link":"https:\/\/www.gasia.com.tr\/en\/collections\/rutil-kuvars-kupe-pirlanta-detayli-sallantili-ozel-tasarim\/","title":{"rendered":"Rutil Kuvars K\u00fcpe \u2013 P\u0131rlanta Detayl\u0131 Sallant\u0131l\u0131 \u00d6zel Tasar\u0131m"},"content":{"rendered":"<p>Do\u011fal rutil kuvars ta\u015f\u0131n\u0131n i\u00e7indeki alt\u0131n tonlu i\u011fnemsi dokular, bu \u00f6zel tasar\u0131m k\u00fcpede p\u0131rlanta detaylarla bulu\u015fuyor. \u00c7ift ta\u015fl\u0131 sallant\u0131l\u0131 formu sayesinde hareketli ve dikkat \u00e7ekici bir g\u00f6r\u00fcn\u00fcm sunar. I\u015f\u0131\u011f\u0131 her a\u00e7\u0131dan yans\u0131tan yap\u0131s\u0131yla zarif ve iddial\u0131 bir stil olu\u015fturur.<\/p>","protected":false},"excerpt":{"rendered":"<ul>\n<li>18 Ayar 4,97 gr Alt\u0131n<\/li>\n<li>0,68 ct P\u0131rlanta<\/li>\n<li>10,10 ct Rutil Kuvars<\/li>\n<\/ul>","protected":false},"featured_media":40091,"comment_status":"open","ping_status":"closed","template":"","meta":[],"product_brand":[],"product_cat":[269,74],"product_tag":[1684,1574,1573,1587,395,1667,1668,1685,1567,1727,1725,1726,814,1728,403,815,1596,1729],"class_list":{"0":"post-39851","1":"product","2":"type-product","3":"status-publish","4":"has-post-thumbnail","6":"product_cat-gem-world-degerli-tasli-mucevher","7":"product_cat-kupe-modelleri","8":"product_tag-dangle-earrings","9":"product_tag-designer-earrings","10":"product_tag-diamond-detail-earrings","11":"product_tag-dogal-tas-kupe","12":"product_tag-kadin-kupe","13":"product_tag-luks-taki","14":"product_tag-luxury-jewelry","15":"product_tag-natural-stone-earrings","16":"product_tag-pirlanta-detayli-kupe","17":"product_tag-quartz-jewelry","18":"product_tag-rutil-kuvars-kupe","19":"product_tag-rutil-quartz-earrings","20":"product_tag-sallantili-kupe","21":"product_tag-sari-tasli-kupe","22":"product_tag-statement-earrings","23":"product_tag-tasarim-kupe","24":"product_tag-women-earrings","25":"product_tag-yellow-stone-earrings","26":"pa_cinsiyet-kadin","28":"first","29":"instock","30":"shipping-taxable","31":"purchasable","32":"product-type-simple"},"_links":{"self":[{"href":"https:\/\/www.gasia.com.tr\/en\/wp-json\/wp\/v2\/product\/39851","targetHints":{"allow":["GET"]}}],"collection":[{"href":"https:\/\/www.gasia.com.tr\/en\/wp-json\/wp\/v2\/product"}],"about":[{"href":"https:\/\/www.gasia.com.tr\/en\/wp-json\/wp\/v2\/types\/product"}],"replies":[{"embeddable":true,"href":"https:\/\/www.gasia.com.tr\/en\/wp-json\/wp\/v2\/comments?post=39851"}],"version-history":[{"count":3,"href":"https:\/\/www.gasia.com.tr\/en\/wp-json\/wp\/v2\/product\/39851\/revisions"}],"predecessor-version":[{"id":42206,"href":"https:\/\/www.gasia.com.tr\/en\/wp-json\/wp\/v2\/product\/39851\/revisions\/42206"}],"wp:featuredmedia":[{"embeddable":true,"href":"https:\/\/www.gasia.com.tr\/en\/wp-json\/wp\/v2\/media\/40091"}],"wp:attachment":[{"href":"https:\/\/www.gasia.com.tr\/en\/wp-json\/wp\/v2\/media?parent=39851"}],"wp:term":[{"taxonomy":"product_brand","embeddable":true,"href":"https:\/\/www.gasia.com.tr\/en\/wp-json\/wp\/v2\/product_brand?post=39851"},{"taxonomy":"product_cat","embeddable":true,"href":"https:\/\/www.gasia.com.tr\/en\/wp-json\/wp\/v2\/product_cat?post=39851"},{"taxonomy":"product_tag","embeddable":true,"href":"https:\/\/www.gasia.com.tr\/en\/wp-json\/wp\/v2\/product_tag?post=39851"}],"curies":[{"name":"wp","href":"https:\/\/api.w.org\/{rel}","templated":true}]}}