{"id":39854,"date":"2026-03-17T22:23:16","date_gmt":"2026-03-17T19:23:16","guid":{"rendered":"https:\/\/www.gasia.com.tr\/?post_type=product&#038;p=39854"},"modified":"2026-04-14T10:39:09","modified_gmt":"2026-04-14T07:39:09","slug":"altin-siyah-pirlanta-kupe-orumcek-agi-formlu-tasarim-sallantili-kupe","status":"publish","type":"product","link":"https:\/\/www.gasia.com.tr\/en\/collections\/altin-siyah-pirlanta-kupe-orumcek-agi-formlu-tasarim-sallantili-kupe\/","title":{"rendered":"Alt\u0131n Siyah P\u0131rlanta K\u00fcpe \u2013 \u00d6r\u00fcmcek A\u011f\u0131 Formlu Tasar\u0131m Sallant\u0131l\u0131 K\u00fcpe"},"content":{"rendered":"<p>Alt\u0131n \u00fczerine i\u015flenen bu \u00f6zg\u00fcn tasar\u0131m k\u00fcpe, siyah p\u0131rlanta ta\u015flarla olu\u015fturulmu\u015f zarif a\u011f formuyla dikkat \u00e7eker. \u0130nce ve detayl\u0131 i\u015f\u00e7ili\u011fi sayesinde hafif ama etkileyici bir g\u00f6r\u00fcn\u00fcm sunar. Modern ve farkl\u0131 tasar\u0131m\u0131yla stiline karakter katmak isteyenler i\u00e7in g\u00fc\u00e7l\u00fc bir tamamlay\u0131c\u0131d\u0131r.<\/p>","protected":false},"excerpt":{"rendered":"<ul>\n<li>18 Ayar 7,02 gr Alt\u0131n<\/li>\n<li>0,43 ct 2 Adet Elmas Kesim Siyah P\u0131rlanta<\/li>\n<li>1,50 ct 108 Adet Siyah P\u0131rlanta<\/li>\n<\/ul>","protected":false},"featured_media":41100,"comment_status":"open","ping_status":"closed","template":"","meta":[],"product_brand":[],"product_cat":[74],"product_tag":[1713,1712,1717,1684,1574,1714,395,1667,1668,1730,814,1711,1716,1731,403,815,1596],"class_list":{"0":"post-39854","1":"product","2":"type-product","3":"status-publish","4":"has-post-thumbnail","6":"product_cat-kupe-modelleri","7":"product_tag-altin-kupe","8":"product_tag-black-diamond-earrings","9":"product_tag-black-stone-earrings","10":"product_tag-dangle-earrings","11":"product_tag-designer-earrings","12":"product_tag-gold-earrings","13":"product_tag-kadin-kupe","14":"product_tag-luks-taki","15":"product_tag-luxury-jewelry","16":"product_tag-orumcek-agi-kupe","17":"product_tag-sallantili-kupe","18":"product_tag-siyah-pirlanta-kupe","19":"product_tag-siyah-tasli-kupe","20":"product_tag-spider-web-earrings","21":"product_tag-statement-earrings","22":"product_tag-tasarim-kupe","23":"product_tag-women-earrings","24":"pa_cinsiyet-kadin","26":"first","27":"instock","28":"shipping-taxable","29":"purchasable","30":"product-type-simple"},"_links":{"self":[{"href":"https:\/\/www.gasia.com.tr\/en\/wp-json\/wp\/v2\/product\/39854","targetHints":{"allow":["GET"]}}],"collection":[{"href":"https:\/\/www.gasia.com.tr\/en\/wp-json\/wp\/v2\/product"}],"about":[{"href":"https:\/\/www.gasia.com.tr\/en\/wp-json\/wp\/v2\/types\/product"}],"replies":[{"embeddable":true,"href":"https:\/\/www.gasia.com.tr\/en\/wp-json\/wp\/v2\/comments?post=39854"}],"version-history":[{"count":4,"href":"https:\/\/www.gasia.com.tr\/en\/wp-json\/wp\/v2\/product\/39854\/revisions"}],"predecessor-version":[{"id":42204,"href":"https:\/\/www.gasia.com.tr\/en\/wp-json\/wp\/v2\/product\/39854\/revisions\/42204"}],"wp:featuredmedia":[{"embeddable":true,"href":"https:\/\/www.gasia.com.tr\/en\/wp-json\/wp\/v2\/media\/41100"}],"wp:attachment":[{"href":"https:\/\/www.gasia.com.tr\/en\/wp-json\/wp\/v2\/media?parent=39854"}],"wp:term":[{"taxonomy":"product_brand","embeddable":true,"href":"https:\/\/www.gasia.com.tr\/en\/wp-json\/wp\/v2\/product_brand?post=39854"},{"taxonomy":"product_cat","embeddable":true,"href":"https:\/\/www.gasia.com.tr\/en\/wp-json\/wp\/v2\/product_cat?post=39854"},{"taxonomy":"product_tag","embeddable":true,"href":"https:\/\/www.gasia.com.tr\/en\/wp-json\/wp\/v2\/product_tag?post=39854"}],"curies":[{"name":"wp","href":"https:\/\/api.w.org\/{rel}","templated":true}]}}