{"id":39858,"date":"2026-01-20T22:25:35","date_gmt":"2026-01-20T19:25:35","guid":{"rendered":"https:\/\/www.gasia.com.tr\/?post_type=product&#038;p=39858"},"modified":"2026-03-27T09:06:33","modified_gmt":"2026-03-27T06:06:33","slug":"altin-zincirli-ay-formlu-kolye-elmas-kesim-mavi-safir-tasli-tasarim","status":"publish","type":"product","link":"https:\/\/www.gasia.com.tr\/en\/collections\/altin-zincirli-ay-formlu-kolye-elmas-kesim-mavi-safir-tasli-tasarim\/","title":{"rendered":"Alt\u0131n Zincirli Ay Formlu Kolye \u2013 Elmas Kesim Mavi Safir Ta\u015fl\u0131 Tasar\u0131m"},"content":{"rendered":"<p>Ay formundan ilham alan bu kolye, elmas kesim mavi safir ta\u015flar\u0131yla g\u00fc\u00e7l\u00fc ve dikkat \u00e7ekici bir \u0131\u015f\u0131lt\u0131 sunar. Koyu tonlu zemin \u00fczerinde yer alan safirler tasar\u0131ma derinlik ve zarif bir kontrast kazand\u0131r\u0131r. \u015e\u0131k formu sayesinde boyunda modern ve karakterli bir duru\u015f sergiler.<\/p>","protected":false},"excerpt":{"rendered":"<p>Ay formundan ilham alan bu kolye, elmas kesim mavi safir ta\u015flar\u0131yla g\u00fc\u00e7l\u00fc ve dikkat \u00e7ekici bir \u0131\u015f\u0131lt\u0131 sunar. Koyu tonlu<\/p>","protected":false},"featured_media":39886,"comment_status":"open","ping_status":"closed","template":"","meta":[],"product_brand":[],"product_cat":[207,75],"product_tag":[1476,1736,1733,1739,633,1735,1734,1655,1647,1362,473,1667,1668,1732,1737,1485,1738,274,1632],"class_list":{"0":"post-39858","1":"product","2":"type-product","3":"status-publish","4":"has-post-thumbnail","6":"product_cat-ay-koleksiyonu","7":"product_cat-kolye","8":"product_tag-altin-zincir-kolye","9":"product_tag-ay-kolye","10":"product_tag-blue-sapphire-necklace","11":"product_tag-crescent-necklace","12":"product_tag-designer-necklace","13":"product_tag-diamond-cut-sapphire","14":"product_tag-elmas-kesim-safir","15":"product_tag-fine-jewelry","16":"product_tag-gold-chain-necklace","17":"product_tag-hilal-kolye","18":"product_tag-kadin-kolye","19":"product_tag-luks-taki","20":"product_tag-luxury-jewelry","21":"product_tag-mavi-safir-kolye","22":"product_tag-moon-necklace","23":"product_tag-safir-tasli-kolye","24":"product_tag-sapphire-pendant","25":"product_tag-tasarim-kolye","26":"product_tag-women-necklace","27":"pa_cinsiyet-kadin","29":"first","30":"instock","31":"shipping-taxable","32":"product-type-simple"},"_links":{"self":[{"href":"https:\/\/www.gasia.com.tr\/en\/wp-json\/wp\/v2\/product\/39858","targetHints":{"allow":["GET"]}}],"collection":[{"href":"https:\/\/www.gasia.com.tr\/en\/wp-json\/wp\/v2\/product"}],"about":[{"href":"https:\/\/www.gasia.com.tr\/en\/wp-json\/wp\/v2\/types\/product"}],"replies":[{"embeddable":true,"href":"https:\/\/www.gasia.com.tr\/en\/wp-json\/wp\/v2\/comments?post=39858"}],"version-history":[{"count":2,"href":"https:\/\/www.gasia.com.tr\/en\/wp-json\/wp\/v2\/product\/39858\/revisions"}],"predecessor-version":[{"id":39861,"href":"https:\/\/www.gasia.com.tr\/en\/wp-json\/wp\/v2\/product\/39858\/revisions\/39861"}],"wp:featuredmedia":[{"embeddable":true,"href":"https:\/\/www.gasia.com.tr\/en\/wp-json\/wp\/v2\/media\/39886"}],"wp:attachment":[{"href":"https:\/\/www.gasia.com.tr\/en\/wp-json\/wp\/v2\/media?parent=39858"}],"wp:term":[{"taxonomy":"product_brand","embeddable":true,"href":"https:\/\/www.gasia.com.tr\/en\/wp-json\/wp\/v2\/product_brand?post=39858"},{"taxonomy":"product_cat","embeddable":true,"href":"https:\/\/www.gasia.com.tr\/en\/wp-json\/wp\/v2\/product_cat?post=39858"},{"taxonomy":"product_tag","embeddable":true,"href":"https:\/\/www.gasia.com.tr\/en\/wp-json\/wp\/v2\/product_tag?post=39858"}],"curies":[{"name":"wp","href":"https:\/\/api.w.org\/{rel}","templated":true}]}}