{"id":39862,"date":"2025-10-09T00:00:00","date_gmt":"2025-10-08T21:00:00","guid":{"rendered":"https:\/\/www.gasia.com.tr\/?post_type=product&#038;p=39862"},"modified":"2026-03-30T13:47:18","modified_gmt":"2026-03-30T10:47:18","slug":"oltu-tasli-tek-kupe-pirlanta-detayli-tuy-form-tasarim","status":"publish","type":"product","link":"https:\/\/www.gasia.com.tr\/en\/collections\/oltu-tasli-tek-kupe-pirlanta-detayli-tuy-form-tasarim\/","title":{"rendered":"Oltu Ta\u015fl\u0131 Tek K\u00fcpe \u2013 P\u0131rlanta Detayl\u0131 T\u00fcy Form Tasar\u0131m"},"content":{"rendered":"<p>Oltu ta\u015f\u0131ndan tasarlanan t\u00fcy form detay\u0131, p\u0131rlanta ta\u015flarla s\u00fcslenmi\u015f ince zincirle birle\u015ferek modern ve \u00f6zg\u00fcn bir g\u00f6r\u00fcn\u00fcm sunar. Tek k\u00fcpe olarak kullan\u0131lan bu tasar\u0131m, minimal ama dikkat \u00e7ekici bir stil olu\u015fturur. Siyah ta\u015f\u0131n derin tonu ile p\u0131rlantan\u0131n \u0131\u015f\u0131lt\u0131s\u0131 g\u00fc\u00e7l\u00fc bir kontrast yarat\u0131r.<\/p>","protected":false},"excerpt":{"rendered":"<p>Oltu ta\u015f\u0131ndan tasarlanan t\u00fcy form detay\u0131, p\u0131rlanta ta\u015flarla s\u00fcslenmi\u015f ince zincirle birle\u015ferek modern ve \u00f6zg\u00fcn bir g\u00f6r\u00fcn\u00fcm sunar. Tek k\u00fcpe<\/p>","protected":false},"featured_media":39869,"comment_status":"open","ping_status":"closed","template":"","meta":[],"product_brand":[],"product_cat":[74],"product_tag":[1754,1751,1752,1750,1749,395,1667,1668,1745,1744,374,814,1747,1716,815,1746,1748,1753],"class_list":{"0":"post-39862","1":"product","2":"type-product","3":"status-publish","4":"has-post-thumbnail","6":"product_cat-kupe-modelleri","7":"product_tag-black-stone-earring","8":"product_tag-dangle-earring","9":"product_tag-designer-earring","10":"product_tag-diamond-earring","11":"product_tag-feather-earring","12":"product_tag-kadin-kupe","13":"product_tag-luks-taki","14":"product_tag-luxury-jewelry","15":"product_tag-oltu-stone-earring","16":"product_tag-oltu-tasli-kupe","17":"product_tag-pirlanta-kupe","18":"product_tag-sallantili-kupe","19":"product_tag-single-earring","20":"product_tag-siyah-tasli-kupe","21":"product_tag-tasarim-kupe","22":"product_tag-tek-kupe","23":"product_tag-tuy-kupe","24":"product_tag-women-earring","25":"pa_cinsiyet-kadin","27":"first","28":"instock","29":"shipping-taxable","30":"product-type-simple"},"_links":{"self":[{"href":"https:\/\/www.gasia.com.tr\/en\/wp-json\/wp\/v2\/product\/39862","targetHints":{"allow":["GET"]}}],"collection":[{"href":"https:\/\/www.gasia.com.tr\/en\/wp-json\/wp\/v2\/product"}],"about":[{"href":"https:\/\/www.gasia.com.tr\/en\/wp-json\/wp\/v2\/types\/product"}],"replies":[{"embeddable":true,"href":"https:\/\/www.gasia.com.tr\/en\/wp-json\/wp\/v2\/comments?post=39862"}],"version-history":[{"count":2,"href":"https:\/\/www.gasia.com.tr\/en\/wp-json\/wp\/v2\/product\/39862\/revisions"}],"predecessor-version":[{"id":39870,"href":"https:\/\/www.gasia.com.tr\/en\/wp-json\/wp\/v2\/product\/39862\/revisions\/39870"}],"wp:featuredmedia":[{"embeddable":true,"href":"https:\/\/www.gasia.com.tr\/en\/wp-json\/wp\/v2\/media\/39869"}],"wp:attachment":[{"href":"https:\/\/www.gasia.com.tr\/en\/wp-json\/wp\/v2\/media?parent=39862"}],"wp:term":[{"taxonomy":"product_brand","embeddable":true,"href":"https:\/\/www.gasia.com.tr\/en\/wp-json\/wp\/v2\/product_brand?post=39862"},{"taxonomy":"product_cat","embeddable":true,"href":"https:\/\/www.gasia.com.tr\/en\/wp-json\/wp\/v2\/product_cat?post=39862"},{"taxonomy":"product_tag","embeddable":true,"href":"https:\/\/www.gasia.com.tr\/en\/wp-json\/wp\/v2\/product_tag?post=39862"}],"curies":[{"name":"wp","href":"https:\/\/api.w.org\/{rel}","templated":true}]}}