{"id":39871,"date":"2025-10-14T00:00:00","date_gmt":"2025-10-13T21:00:00","guid":{"rendered":"https:\/\/www.gasia.com.tr\/?post_type=product&#038;p=39871"},"modified":"2026-03-30T22:36:00","modified_gmt":"2026-03-30T19:36:00","slug":"balik-kilcigi-formlu-nazar-boncuk-detayli-kolye","status":"publish","type":"product","link":"https:\/\/www.gasia.com.tr\/en\/collections\/balik-kilcigi-formlu-nazar-boncuk-detayli-kolye\/","title":{"rendered":"Bal\u0131k K\u0131l\u00e7\u0131\u011f\u0131 Formlu Nazar Boncuk Detayl\u0131 Kolye"},"content":{"rendered":"<p>Bal\u0131k k\u0131l\u00e7\u0131\u011f\u0131 formundan ilham al\u0131narak tasarlanan bu kolye, ortas\u0131ndaki nazar boncu\u011fu detay\u0131 ve p\u0131rlanta ta\u015flarla zenginle\u015ftirilmi\u015f y\u00fczeyiyle dikkat \u00e7eker. Hareketli ve katmanl\u0131 yap\u0131s\u0131 tasar\u0131ma modern bir g\u00f6r\u00fcn\u00fcm kazand\u0131r\u0131rken, sembolik detaylar\u0131yla anlaml\u0131 bir stil sunar. G\u00fcnl\u00fck ve \u00f6zel kombinlerde fark yaratan \u00f6zg\u00fcn bir par\u00e7ad\u0131r.<\/p>","protected":false},"excerpt":{"rendered":"<p>Bal\u0131k k\u0131l\u00e7\u0131\u011f\u0131 formundan ilham al\u0131narak tasarlanan bu kolye, ortas\u0131ndaki nazar boncu\u011fu detay\u0131 ve p\u0131rlanta ta\u015flarla zenginle\u015ftirilmi\u015f y\u00fczeyiyle dikkat \u00e7eker. Hareketli<\/p>","protected":false},"featured_media":40837,"comment_status":"open","ping_status":"closed","template":"","meta":[],"product_brand":[],"product_cat":[269,75],"product_tag":[278,1756,470,633,1605,726,1757,1755,322,473,1667,1668,1758,1687,472,489,274,1632],"class_list":{"0":"post-39871","1":"product","2":"type-product","3":"status-publish","4":"has-post-thumbnail","6":"product_cat-gem-world-degerli-tasli-mucevher","7":"product_cat-kolye","8":"product_tag-altin-kolye","9":"product_tag-balik-kilcigi-kolye","10":"product_tag-balik-kolye","11":"product_tag-designer-necklace","12":"product_tag-diamond-detail-necklace","13":"product_tag-evil-eye-necklace","14":"product_tag-fish-bone-necklace","15":"product_tag-fish-necklace","16":"product_tag-gold-necklace","17":"product_tag-kadin-kolye","18":"product_tag-luks-taki","19":"product_tag-luxury-jewelry","20":"product_tag-nazar-boncuk-kolye","21":"product_tag-ozel-tasarim-taki","22":"product_tag-pirlanta-detayli-kolye","23":"product_tag-statement-necklace","24":"product_tag-tasarim-kolye","25":"product_tag-women-necklace","26":"pa_cinsiyet-kadin","28":"first","29":"instock","30":"shipping-taxable","31":"product-type-simple"},"_links":{"self":[{"href":"https:\/\/www.gasia.com.tr\/en\/wp-json\/wp\/v2\/product\/39871","targetHints":{"allow":["GET"]}}],"collection":[{"href":"https:\/\/www.gasia.com.tr\/en\/wp-json\/wp\/v2\/product"}],"about":[{"href":"https:\/\/www.gasia.com.tr\/en\/wp-json\/wp\/v2\/types\/product"}],"replies":[{"embeddable":true,"href":"https:\/\/www.gasia.com.tr\/en\/wp-json\/wp\/v2\/comments?post=39871"}],"version-history":[{"count":2,"href":"https:\/\/www.gasia.com.tr\/en\/wp-json\/wp\/v2\/product\/39871\/revisions"}],"predecessor-version":[{"id":40838,"href":"https:\/\/www.gasia.com.tr\/en\/wp-json\/wp\/v2\/product\/39871\/revisions\/40838"}],"wp:featuredmedia":[{"embeddable":true,"href":"https:\/\/www.gasia.com.tr\/en\/wp-json\/wp\/v2\/media\/40837"}],"wp:attachment":[{"href":"https:\/\/www.gasia.com.tr\/en\/wp-json\/wp\/v2\/media?parent=39871"}],"wp:term":[{"taxonomy":"product_brand","embeddable":true,"href":"https:\/\/www.gasia.com.tr\/en\/wp-json\/wp\/v2\/product_brand?post=39871"},{"taxonomy":"product_cat","embeddable":true,"href":"https:\/\/www.gasia.com.tr\/en\/wp-json\/wp\/v2\/product_cat?post=39871"},{"taxonomy":"product_tag","embeddable":true,"href":"https:\/\/www.gasia.com.tr\/en\/wp-json\/wp\/v2\/product_tag?post=39871"}],"curies":[{"name":"wp","href":"https:\/\/api.w.org\/{rel}","templated":true}]}}