{"id":39875,"date":"2026-02-04T00:00:00","date_gmt":"2026-02-03T21:00:00","guid":{"rendered":"https:\/\/www.gasia.com.tr\/?post_type=product&#038;p=39875"},"modified":"2026-04-20T22:38:16","modified_gmt":"2026-04-20T19:38:16","slug":"turmalin-ve-siyah-pirlanta-detayli-altin-kolye","status":"publish","type":"product","link":"https:\/\/www.gasia.com.tr\/en\/collections\/turmalin-ve-siyah-pirlanta-detayli-altin-kolye\/","title":{"rendered":"Turmalin ve Siyah P\u0131rlanta Detayl\u0131 Alt\u0131n Kolye"},"content":{"rendered":"<p>Turmalin ta\u015f\u0131n do\u011fal ve s\u0131cak tonlar\u0131yla \u00f6ne \u00e7\u0131kan bu \u00f6zel tasar\u0131m kolye, siyah p\u0131rlanta detaylar\u0131yla g\u00fc\u00e7l\u00fc bir kontrast ve \u0131\u015f\u0131lt\u0131 sunar. Alt\u0131n \u00e7er\u00e7eve ve hareketli alt form, tasar\u0131ma karakter kazand\u0131r\u0131rken, farkl\u0131 ta\u015flar\u0131n uyumu modern ve dikkat \u00e7ekici bir g\u00f6r\u00fcn\u00fcm olu\u015fturur. G\u00fcnl\u00fck kullan\u0131mda stilinizi tamamlayan bu kolye, ayn\u0131 zamanda farkl\u0131 ve \u00f6zel bir hediye alternatifi olarak \u00f6ne \u00e7\u0131kar.<\/p>","protected":false},"excerpt":{"rendered":"<p>Turmalin ta\u015f\u0131n do\u011fal ve s\u0131cak tonlar\u0131yla \u00f6ne \u00e7\u0131kan bu \u00f6zel tasar\u0131m kolye, siyah p\u0131rlanta detaylar\u0131yla g\u00fc\u00e7l\u00fc bir kontrast ve \u0131\u015f\u0131lt\u0131<\/p>","protected":false},"featured_media":40833,"comment_status":"open","ping_status":"closed","template":"","meta":[],"product_brand":[],"product_cat":[75],"product_tag":[278,1358,633,1623,322,473,1667,1668,1630,1687,1727,1621,1629,1352,489,274,1632],"class_list":{"0":"post-39875","1":"product","2":"type-product","3":"status-publish","4":"has-post-thumbnail","6":"product_cat-kolye","7":"product_tag-altin-kolye","8":"product_tag-black-diamond-necklace","9":"product_tag-designer-necklace","10":"product_tag-dogal-tas-kolye","11":"product_tag-gold-necklace","12":"product_tag-kadin-kolye","13":"product_tag-luks-taki","14":"product_tag-luxury-jewelry","15":"product_tag-natural-stone-necklace","16":"product_tag-ozel-tasarim-taki","17":"product_tag-quartz-jewelry","18":"product_tag-rutil-kuvars-kolye","19":"product_tag-rutil-quartz-necklace","20":"product_tag-siyah-pirlanta-kolye","21":"product_tag-statement-necklace","22":"product_tag-tasarim-kolye","23":"product_tag-women-necklace","24":"pa_cinsiyet-kadin","26":"first","27":"instock","28":"shipping-taxable","29":"product-type-simple"},"_links":{"self":[{"href":"https:\/\/www.gasia.com.tr\/en\/wp-json\/wp\/v2\/product\/39875","targetHints":{"allow":["GET"]}}],"collection":[{"href":"https:\/\/www.gasia.com.tr\/en\/wp-json\/wp\/v2\/product"}],"about":[{"href":"https:\/\/www.gasia.com.tr\/en\/wp-json\/wp\/v2\/types\/product"}],"replies":[{"embeddable":true,"href":"https:\/\/www.gasia.com.tr\/en\/wp-json\/wp\/v2\/comments?post=39875"}],"version-history":[{"count":2,"href":"https:\/\/www.gasia.com.tr\/en\/wp-json\/wp\/v2\/product\/39875\/revisions"}],"predecessor-version":[{"id":40835,"href":"https:\/\/www.gasia.com.tr\/en\/wp-json\/wp\/v2\/product\/39875\/revisions\/40835"}],"wp:featuredmedia":[{"embeddable":true,"href":"https:\/\/www.gasia.com.tr\/en\/wp-json\/wp\/v2\/media\/40833"}],"wp:attachment":[{"href":"https:\/\/www.gasia.com.tr\/en\/wp-json\/wp\/v2\/media?parent=39875"}],"wp:term":[{"taxonomy":"product_brand","embeddable":true,"href":"https:\/\/www.gasia.com.tr\/en\/wp-json\/wp\/v2\/product_brand?post=39875"},{"taxonomy":"product_cat","embeddable":true,"href":"https:\/\/www.gasia.com.tr\/en\/wp-json\/wp\/v2\/product_cat?post=39875"},{"taxonomy":"product_tag","embeddable":true,"href":"https:\/\/www.gasia.com.tr\/en\/wp-json\/wp\/v2\/product_tag?post=39875"}],"curies":[{"name":"wp","href":"https:\/\/api.w.org\/{rel}","templated":true}]}}