{"id":39877,"date":"2026-03-17T22:38:39","date_gmt":"2026-03-17T19:38:39","guid":{"rendered":"https:\/\/www.gasia.com.tr\/?post_type=product&#038;p=39877"},"modified":"2026-04-14T10:35:49","modified_gmt":"2026-04-14T07:35:49","slug":"kelebek-formlu-malakit-kolye-pirlanta-detayli-ozel-tasarim","status":"publish","type":"product","link":"https:\/\/www.gasia.com.tr\/en\/collections\/kelebek-formlu-malakit-kolye-pirlanta-detayli-ozel-tasarim\/","title":{"rendered":"Kelebek Formlu Malakit Kolye \u2013 P\u0131rlanta Detayl\u0131 \u00d6zel Tasar\u0131m"},"content":{"rendered":"<p>Do\u011fal malakit ta\u015f\u0131n\u0131n derin ye\u015fil tonlar\u0131yla tasarlanan bu kelebek form kolye, p\u0131rlanta detaylar\u0131yla zarif bir \u0131\u015f\u0131lt\u0131 sunar. Do\u011fadan ilham alan formu ve ak\u0131c\u0131 \u00e7izgileri sayesinde hem feminen hem de dikkat \u00e7ekici bir g\u00f6r\u00fcn\u00fcm olu\u015fturur. G\u00fcnl\u00fck stilinize zarif bir dokunu\u015f katarken \u00f6zel anlarda da \u00f6ne \u00e7\u0131kan bir par\u00e7ad\u0131r.<\/p>","protected":false},"excerpt":{"rendered":"<ul>\n<li>18 Ayar 4,65 gr Alt\u0131n<\/li>\n<li>0,32 ct P\u0131rlanta<\/li>\n<\/ul>","protected":false},"featured_media":39878,"comment_status":"open","ping_status":"closed","template":"","meta":[],"product_brand":[],"product_cat":[75],"product_tag":[1762,633,1605,1764,473,1761,1667,1668,1760,1759,1687,472,489,274,1632,1763],"class_list":{"0":"post-39877","1":"product","2":"type-product","3":"status-publish","4":"has-post-thumbnail","6":"product_cat-kolye","7":"product_tag-butterfly-necklace","8":"product_tag-designer-necklace","9":"product_tag-diamond-detail-necklace","10":"product_tag-green-stone-necklace","11":"product_tag-kadin-kolye","12":"product_tag-kelebek-kolye","13":"product_tag-luks-taki","14":"product_tag-luxury-jewelry","15":"product_tag-malachite-necklace","16":"product_tag-malakit-kolye","17":"product_tag-ozel-tasarim-taki","18":"product_tag-pirlanta-detayli-kolye","19":"product_tag-statement-necklace","20":"product_tag-tasarim-kolye","21":"product_tag-women-necklace","22":"product_tag-yesil-tasli-kolye","23":"pa_cinsiyet-kadin","25":"first","26":"instock","27":"shipping-taxable","28":"purchasable","29":"product-type-simple"},"_links":{"self":[{"href":"https:\/\/www.gasia.com.tr\/en\/wp-json\/wp\/v2\/product\/39877","targetHints":{"allow":["GET"]}}],"collection":[{"href":"https:\/\/www.gasia.com.tr\/en\/wp-json\/wp\/v2\/product"}],"about":[{"href":"https:\/\/www.gasia.com.tr\/en\/wp-json\/wp\/v2\/types\/product"}],"replies":[{"embeddable":true,"href":"https:\/\/www.gasia.com.tr\/en\/wp-json\/wp\/v2\/comments?post=39877"}],"version-history":[{"count":3,"href":"https:\/\/www.gasia.com.tr\/en\/wp-json\/wp\/v2\/product\/39877\/revisions"}],"predecessor-version":[{"id":42202,"href":"https:\/\/www.gasia.com.tr\/en\/wp-json\/wp\/v2\/product\/39877\/revisions\/42202"}],"wp:featuredmedia":[{"embeddable":true,"href":"https:\/\/www.gasia.com.tr\/en\/wp-json\/wp\/v2\/media\/39878"}],"wp:attachment":[{"href":"https:\/\/www.gasia.com.tr\/en\/wp-json\/wp\/v2\/media?parent=39877"}],"wp:term":[{"taxonomy":"product_brand","embeddable":true,"href":"https:\/\/www.gasia.com.tr\/en\/wp-json\/wp\/v2\/product_brand?post=39877"},{"taxonomy":"product_cat","embeddable":true,"href":"https:\/\/www.gasia.com.tr\/en\/wp-json\/wp\/v2\/product_cat?post=39877"},{"taxonomy":"product_tag","embeddable":true,"href":"https:\/\/www.gasia.com.tr\/en\/wp-json\/wp\/v2\/product_tag?post=39877"}],"curies":[{"name":"wp","href":"https:\/\/api.w.org\/{rel}","templated":true}]}}