{"id":39880,"date":"2026-03-17T22:39:57","date_gmt":"2026-03-17T19:39:57","guid":{"rendered":"https:\/\/www.gasia.com.tr\/?post_type=product&#038;p=39880"},"modified":"2026-04-14T10:33:21","modified_gmt":"2026-04-14T07:33:21","slug":"siyah-pirlanta-top-kolye-minimal-tasarim-sik-kolye","status":"publish","type":"product","link":"https:\/\/www.gasia.com.tr\/en\/collections\/siyah-pirlanta-top-kolye-minimal-tasarim-sik-kolye\/","title":{"rendered":"Siyah P\u0131rlanta Top Kolye"},"content":{"rendered":"<p>Siyah p\u0131rlanta ta\u015flarla kapl\u0131 k\u00fcre formu, bu kolyeye modern ve g\u00fc\u00e7l\u00fc bir karakter kazand\u0131r\u0131r. Minimal tasar\u0131m\u0131 sayesinde tek ba\u015f\u0131na zarif bir duru\u015f sergilerken, kombinlerde tamamlay\u0131c\u0131 bir par\u00e7a olarak da \u00f6ne \u00e7\u0131kar. G\u00fcnl\u00fck kullan\u0131mda \u015f\u0131kl\u0131k sunan sade ama etkileyici bir tasar\u0131md\u0131r.<\/p>","protected":false},"excerpt":{"rendered":"<ul>\n<li>18 Ayar Alt\u0131n<\/li>\n<li>925 Ayar Okside G\u00fcm\u00fc\u015f<\/li>\n<li>2,58 ct Siyah P\u0131rlanta<\/li>\n<\/ul>","protected":false},"featured_media":39881,"comment_status":"open","ping_status":"closed","template":"","meta":[],"product_brand":[],"product_cat":[75],"product_tag":[1476,1766,1358,352,633,1647,473,1667,1668,273,1767,277,1352,274,1765,1632],"class_list":{"0":"post-39880","1":"product","2":"type-product","3":"status-publish","4":"has-post-thumbnail","6":"product_cat-kolye","7":"product_tag-altin-zincir-kolye","8":"product_tag-ball-necklace","9":"product_tag-black-diamond-necklace","10":"product_tag-contemporary-jewelry","11":"product_tag-designer-necklace","12":"product_tag-gold-chain-necklace","13":"product_tag-kadin-kolye","14":"product_tag-luks-taki","15":"product_tag-luxury-jewelry","16":"product_tag-minimal-kolye","17":"product_tag-minimalist-necklace","18":"product_tag-modern-kolye","19":"product_tag-siyah-pirlanta-kolye","20":"product_tag-tasarim-kolye","21":"product_tag-top-kolye","22":"product_tag-women-necklace","23":"pa_cinsiyet-kadin","25":"first","26":"instock","27":"shipping-taxable","28":"purchasable","29":"product-type-simple"},"_links":{"self":[{"href":"https:\/\/www.gasia.com.tr\/en\/wp-json\/wp\/v2\/product\/39880","targetHints":{"allow":["GET"]}}],"collection":[{"href":"https:\/\/www.gasia.com.tr\/en\/wp-json\/wp\/v2\/product"}],"about":[{"href":"https:\/\/www.gasia.com.tr\/en\/wp-json\/wp\/v2\/types\/product"}],"replies":[{"embeddable":true,"href":"https:\/\/www.gasia.com.tr\/en\/wp-json\/wp\/v2\/comments?post=39880"}],"version-history":[{"count":4,"href":"https:\/\/www.gasia.com.tr\/en\/wp-json\/wp\/v2\/product\/39880\/revisions"}],"predecessor-version":[{"id":42200,"href":"https:\/\/www.gasia.com.tr\/en\/wp-json\/wp\/v2\/product\/39880\/revisions\/42200"}],"wp:featuredmedia":[{"embeddable":true,"href":"https:\/\/www.gasia.com.tr\/en\/wp-json\/wp\/v2\/media\/39881"}],"wp:attachment":[{"href":"https:\/\/www.gasia.com.tr\/en\/wp-json\/wp\/v2\/media?parent=39880"}],"wp:term":[{"taxonomy":"product_brand","embeddable":true,"href":"https:\/\/www.gasia.com.tr\/en\/wp-json\/wp\/v2\/product_brand?post=39880"},{"taxonomy":"product_cat","embeddable":true,"href":"https:\/\/www.gasia.com.tr\/en\/wp-json\/wp\/v2\/product_cat?post=39880"},{"taxonomy":"product_tag","embeddable":true,"href":"https:\/\/www.gasia.com.tr\/en\/wp-json\/wp\/v2\/product_tag?post=39880"}],"curies":[{"name":"wp","href":"https:\/\/api.w.org\/{rel}","templated":true}]}}