{"id":39887,"date":"2026-03-17T22:50:12","date_gmt":"2026-03-17T19:50:12","guid":{"rendered":"https:\/\/www.gasia.com.tr\/?post_type=product&#038;p=39887"},"modified":"2026-04-14T10:31:01","modified_gmt":"2026-04-14T07:31:01","slug":"siyah-mineli-yuzuk-zumrut-ve-pirlanta-detayli-modern-tasarim","status":"publish","type":"product","link":"https:\/\/www.gasia.com.tr\/en\/collections\/siyah-mineli-yuzuk-zumrut-ve-pirlanta-detayli-modern-tasarim\/","title":{"rendered":"Siyah Mineli Y\u00fcz\u00fck \u2013 Z\u00fcmr\u00fct ve P\u0131rlanta Detayl\u0131 Modern Tasar\u0131m"},"content":{"rendered":"<p>Siyah mine y\u00fczey \u00fczerine yerle\u015ftirilen canl\u0131 ye\u015fil z\u00fcmr\u00fct ta\u015f\u0131 ve etraf\u0131n\u0131 saran p\u0131rlanta detaylar, bu y\u00fcz\u00fc\u011fe g\u00fc\u00e7l\u00fc ve \u00e7arp\u0131c\u0131 bir g\u00f6r\u00fcn\u00fcm kazand\u0131r\u0131r. Geni\u015f formu ve kontrast renk kullan\u0131m\u0131 sayesinde modern ve iddial\u0131 bir stil sunar. \u00d6zg\u00fcn tasar\u0131mlar\u0131 sevenler i\u00e7in dikkat \u00e7ekici bir par\u00e7ad\u0131r.<\/p>","protected":false},"excerpt":{"rendered":"<ul>\n<li>14 Ayar 11,95 gr Alt\u0131n<\/li>\n<li>0,19 ct P\u0131rlanta<\/li>\n<li>1,27 ct Z\u00fcmr\u00fct<\/li>\n<\/ul>","protected":false},"featured_media":39888,"comment_status":"open","ping_status":"closed","template":"","meta":[],"product_brand":[],"product_cat":[242,76],"product_tag":[289,1138,565,654,526,577,520,1667,1668,581,521,335,1380,450,340,1021,530],"class_list":{"0":"post-39887","1":"product","2":"type-product","3":"status-publish","4":"has-post-thumbnail","6":"product_cat-retro-mucevher-koleksiyonu","7":"product_cat-yuzuk-modelleri","8":"product_tag-altin-yuzuk","9":"product_tag-black-enamel-ring","10":"product_tag-designer-ring","11":"product_tag-diamond-ring","12":"product_tag-emerald-ring","13":"product_tag-gold-ring","14":"product_tag-kadin-yuzuk","15":"product_tag-luks-taki","16":"product_tag-luxury-jewelry","17":"product_tag-modern-ring","18":"product_tag-modern-yuzuk","19":"product_tag-pirlanta-yuzuk","20":"product_tag-siyah-mineli-yuzuk","21":"product_tag-statement-ring","22":"product_tag-tasarim-yuzuk","23":"product_tag-women-ring","24":"product_tag-zumrut-yuzuk","25":"pa_cinsiyet-kadin","27":"first","28":"instock","29":"shipping-taxable","30":"purchasable","31":"product-type-simple"},"_links":{"self":[{"href":"https:\/\/www.gasia.com.tr\/en\/wp-json\/wp\/v2\/product\/39887","targetHints":{"allow":["GET"]}}],"collection":[{"href":"https:\/\/www.gasia.com.tr\/en\/wp-json\/wp\/v2\/product"}],"about":[{"href":"https:\/\/www.gasia.com.tr\/en\/wp-json\/wp\/v2\/types\/product"}],"replies":[{"embeddable":true,"href":"https:\/\/www.gasia.com.tr\/en\/wp-json\/wp\/v2\/comments?post=39887"}],"version-history":[{"count":3,"href":"https:\/\/www.gasia.com.tr\/en\/wp-json\/wp\/v2\/product\/39887\/revisions"}],"predecessor-version":[{"id":42198,"href":"https:\/\/www.gasia.com.tr\/en\/wp-json\/wp\/v2\/product\/39887\/revisions\/42198"}],"wp:featuredmedia":[{"embeddable":true,"href":"https:\/\/www.gasia.com.tr\/en\/wp-json\/wp\/v2\/media\/39888"}],"wp:attachment":[{"href":"https:\/\/www.gasia.com.tr\/en\/wp-json\/wp\/v2\/media?parent=39887"}],"wp:term":[{"taxonomy":"product_brand","embeddable":true,"href":"https:\/\/www.gasia.com.tr\/en\/wp-json\/wp\/v2\/product_brand?post=39887"},{"taxonomy":"product_cat","embeddable":true,"href":"https:\/\/www.gasia.com.tr\/en\/wp-json\/wp\/v2\/product_cat?post=39887"},{"taxonomy":"product_tag","embeddable":true,"href":"https:\/\/www.gasia.com.tr\/en\/wp-json\/wp\/v2\/product_tag?post=39887"}],"curies":[{"name":"wp","href":"https:\/\/api.w.org\/{rel}","templated":true}]}}