{"id":39893,"date":"2026-03-17T22:55:27","date_gmt":"2026-03-17T19:55:27","guid":{"rendered":"https:\/\/www.gasia.com.tr\/?post_type=product&#038;p=39893"},"modified":"2026-04-14T09:58:01","modified_gmt":"2026-04-14T06:58:01","slug":"mavi-mineli-kol-dugmesi-pirlanta-detayli-kare-form-sik-tasarim","status":"publish","type":"product","link":"https:\/\/www.gasia.com.tr\/en\/collections\/mavi-mineli-kol-dugmesi-pirlanta-detayli-kare-form-sik-tasarim\/","title":{"rendered":"Mavi Mineli Kol D\u00fc\u011fmesi \u2013 P\u0131rlanta Detayl\u0131 Kare Form \u015e\u0131k Tasar\u0131m"},"content":{"rendered":"<p>Mavi mine y\u00fczey \u00fczerine tasarlanan bu kol d\u00fc\u011fmesi, merkezdeki ta\u015f ve \u00e7evresindeki p\u0131rlanta detaylarla dikkat \u00e7eker. Kare formu sayesinde klasik ve modern stilin dengeli bir birle\u015fimini sunar. \u015e\u0131kl\u0131\u011f\u0131n\u0131 ince detaylarla tamamlamak isteyenler i\u00e7in zarif ve karakterli bir aksesuard\u0131r.<\/p>","protected":false},"excerpt":{"rendered":"<ul>\n<li>18 Ayar Alt\u0131n<\/li>\n<li>925 Ayar Okside G\u00fcm\u00fc\u015f<\/li>\n<li>1,54 ct P\u0131rlanta<\/li>\n<\/ul>","protected":false},"featured_media":41932,"comment_status":"open","ping_status":"closed","template":"","meta":[],"product_brand":[],"product_cat":[252],"product_tag":[1773,1775,1782,1777,3359,617,1784,1783,1774,1785,1905,1786,1780,3376,1772,1778,3358,3367,1776,1779,3365,3366,1781,3364],"class_list":{"0":"post-39893","1":"product","2":"type-product","3":"status-publish","4":"has-post-thumbnail","6":"product_cat-kol-dugmesi","7":"product_tag-blue-enamel-cufflinks","8":"product_tag-cufflinks","9":"product_tag-designer-cufflinks","10":"product_tag-diamond-cufflinks","11":"product_tag-enamel-cufflinks","12":"product_tag-erkek-aksesuar","13":"product_tag-formal-accessories","14":"product_tag-klasik-aksesuar","15":"product_tag-kol-dugmesi","16":"product_tag-luks-aksesuar","17":"product_tag-luks-kol-dugmesi","18":"product_tag-luxury-accessories","19":"product_tag-luxury-cufflinks","20":"product_tag-mavi-mine-kol-dugmesi","21":"product_tag-mavi-mineli-kol-dugmesi","22":"product_tag-men-accessories","23":"product_tag-mine-kol-dugmesi","24":"product_tag-ozel-tasarim-kol-dugmesi","25":"product_tag-pirlanta-kol-dugmesi","26":"product_tag-sik-kol-dugmesi","27":"product_tag-stone-cufflinks","28":"product_tag-stylish-cufflinks","29":"product_tag-tasarim-kol-dugmesi","30":"product_tag-tasli-kol-dugmesi","31":"pa_cinsiyet-erkek","33":"first","34":"instock","35":"shipping-taxable","36":"purchasable","37":"product-type-simple"},"_links":{"self":[{"href":"https:\/\/www.gasia.com.tr\/en\/wp-json\/wp\/v2\/product\/39893","targetHints":{"allow":["GET"]}}],"collection":[{"href":"https:\/\/www.gasia.com.tr\/en\/wp-json\/wp\/v2\/product"}],"about":[{"href":"https:\/\/www.gasia.com.tr\/en\/wp-json\/wp\/v2\/types\/product"}],"replies":[{"embeddable":true,"href":"https:\/\/www.gasia.com.tr\/en\/wp-json\/wp\/v2\/comments?post=39893"}],"version-history":[{"count":3,"href":"https:\/\/www.gasia.com.tr\/en\/wp-json\/wp\/v2\/product\/39893\/revisions"}],"predecessor-version":[{"id":42196,"href":"https:\/\/www.gasia.com.tr\/en\/wp-json\/wp\/v2\/product\/39893\/revisions\/42196"}],"wp:featuredmedia":[{"embeddable":true,"href":"https:\/\/www.gasia.com.tr\/en\/wp-json\/wp\/v2\/media\/41932"}],"wp:attachment":[{"href":"https:\/\/www.gasia.com.tr\/en\/wp-json\/wp\/v2\/media?parent=39893"}],"wp:term":[{"taxonomy":"product_brand","embeddable":true,"href":"https:\/\/www.gasia.com.tr\/en\/wp-json\/wp\/v2\/product_brand?post=39893"},{"taxonomy":"product_cat","embeddable":true,"href":"https:\/\/www.gasia.com.tr\/en\/wp-json\/wp\/v2\/product_cat?post=39893"},{"taxonomy":"product_tag","embeddable":true,"href":"https:\/\/www.gasia.com.tr\/en\/wp-json\/wp\/v2\/product_tag?post=39893"}],"curies":[{"name":"wp","href":"https:\/\/api.w.org\/{rel}","templated":true}]}}