{"id":39896,"date":"2026-02-02T00:00:00","date_gmt":"2026-02-01T21:00:00","guid":{"rendered":"https:\/\/www.gasia.com.tr\/?post_type=product&#038;p=39896"},"modified":"2026-03-30T16:25:58","modified_gmt":"2026-03-30T13:25:58","slug":"minimal-oval-halka-kupe-sade-ve-modern-tasarim","status":"publish","type":"product","link":"https:\/\/www.gasia.com.tr\/en\/collections\/minimal-oval-halka-kupe-sade-ve-modern-tasarim\/","title":{"rendered":"Minimal Oval Halka K\u00fcpe \u2013 Sade ve Modern Tasar\u0131m"},"content":{"rendered":"<p>Zarif oval formuyla \u00f6ne \u00e7\u0131kan bu halka k\u00fcpe, sade ve modern tasar\u0131m\u0131yla g\u00fcnl\u00fck kullan\u0131ma m\u00fckemmel uyum sa\u011flar. Parlak y\u00fczeyi sayesinde minimal \u015f\u0131kl\u0131k sunarken, hafif yap\u0131s\u0131yla konforlu bir kullan\u0131m deneyimi sa\u011flar. Tek ba\u015f\u0131na ya da kombinlenerek stilinizi tamamlar.<\/p>","protected":false},"excerpt":{"rendered":"<p>Zarif oval formuyla \u00f6ne \u00e7\u0131kan bu halka k\u00fcpe, sade ve modern tasar\u0131m\u0131yla g\u00fcnl\u00fck kullan\u0131ma m\u00fckemmel uyum sa\u011flar. Parlak y\u00fczeyi sayesinde<\/p>","protected":false},"featured_media":39897,"comment_status":"open","ping_status":"closed","template":"","meta":[],"product_brand":[],"product_cat":[74],"product_tag":[1595,1791,1543,1768,1769,395,1537,1788,742,1792,1787,1770,1789,1790,375,1596],"class_list":{"0":"post-39896","1":"product","2":"type-product","3":"status-publish","4":"has-post-thumbnail","6":"product_cat-kupe-modelleri","7":"product_tag-elegant-earrings","8":"product_tag-everyday-earrings","9":"product_tag-gunluk-kupe","10":"product_tag-halka-kupe","11":"product_tag-hoop-earrings","12":"product_tag-kadin-kupe","13":"product_tag-minimal-kupe","14":"product_tag-minimalist-earrings","15":"product_tag-modern-jewelry","16":"product_tag-modern-taki","17":"product_tag-oval-hoop-earrings","18":"product_tag-oval-kupe","19":"product_tag-sade-kupe","20":"product_tag-simple-earrings","21":"product_tag-sik-kupe","22":"product_tag-women-earrings","23":"pa_cinsiyet-kadin","25":"first","26":"instock","27":"shipping-taxable","28":"product-type-simple"},"_links":{"self":[{"href":"https:\/\/www.gasia.com.tr\/en\/wp-json\/wp\/v2\/product\/39896","targetHints":{"allow":["GET"]}}],"collection":[{"href":"https:\/\/www.gasia.com.tr\/en\/wp-json\/wp\/v2\/product"}],"about":[{"href":"https:\/\/www.gasia.com.tr\/en\/wp-json\/wp\/v2\/types\/product"}],"replies":[{"embeddable":true,"href":"https:\/\/www.gasia.com.tr\/en\/wp-json\/wp\/v2\/comments?post=39896"}],"version-history":[{"count":2,"href":"https:\/\/www.gasia.com.tr\/en\/wp-json\/wp\/v2\/product\/39896\/revisions"}],"predecessor-version":[{"id":39899,"href":"https:\/\/www.gasia.com.tr\/en\/wp-json\/wp\/v2\/product\/39896\/revisions\/39899"}],"wp:featuredmedia":[{"embeddable":true,"href":"https:\/\/www.gasia.com.tr\/en\/wp-json\/wp\/v2\/media\/39897"}],"wp:attachment":[{"href":"https:\/\/www.gasia.com.tr\/en\/wp-json\/wp\/v2\/media?parent=39896"}],"wp:term":[{"taxonomy":"product_brand","embeddable":true,"href":"https:\/\/www.gasia.com.tr\/en\/wp-json\/wp\/v2\/product_brand?post=39896"},{"taxonomy":"product_cat","embeddable":true,"href":"https:\/\/www.gasia.com.tr\/en\/wp-json\/wp\/v2\/product_cat?post=39896"},{"taxonomy":"product_tag","embeddable":true,"href":"https:\/\/www.gasia.com.tr\/en\/wp-json\/wp\/v2\/product_tag?post=39896"}],"curies":[{"name":"wp","href":"https:\/\/api.w.org\/{rel}","templated":true}]}}