{"id":39900,"date":"2026-01-20T00:00:00","date_gmt":"2026-01-19T21:00:00","guid":{"rendered":"https:\/\/www.gasia.com.tr\/?post_type=product&#038;p=39900"},"modified":"2026-04-08T14:25:47","modified_gmt":"2026-04-08T11:25:47","slug":"hilal-kolye-sari-pirlanta-detayli-isiltili-tasarim","status":"publish","type":"product","link":"https:\/\/www.gasia.com.tr\/en\/collections\/hilal-kolye-sari-pirlanta-detayli-isiltili-tasarim\/","title":{"rendered":"Hilal Kolye \u2013 Sar\u0131 P\u0131rlanta Detayl\u0131 I\u015f\u0131lt\u0131l\u0131 Tasar\u0131m"},"content":{"rendered":"<p>Hilal formundan ilham alan bu kolye, sar\u0131 p\u0131rlanta detaylar\u0131yla zarif ve g\u00f6z al\u0131c\u0131 bir g\u00f6r\u00fcn\u00fcm sunar. I\u015f\u0131lt\u0131l\u0131 ta\u015f dizilimi ve modern tasar\u0131m\u0131 sayesinde hem g\u00fcnl\u00fck kombinlerde hem \u00f6zel anlarda \u015f\u0131kl\u0131\u011f\u0131n\u0131z\u0131 tamamlar. Minimal ama dikkat \u00e7ekici bir stil i\u00e7in ideal bir par\u00e7ad\u0131r.<\/p>","protected":false},"excerpt":{"rendered":"<ul>\n<li>14 Ayar Alt\u0131n<\/li>\n<li>3,60 ct renkli P\u0131rlanta<\/li>\n<li>0,25 ct Yuvarlak P\u0131rlanta<\/li>\n<li>45 cm Uzunlu\u011funda zincir<\/li>\n<\/ul>","protected":false},"featured_media":39901,"comment_status":"open","ping_status":"closed","template":"","meta":[],"product_brand":[77],"product_cat":[207,75],"product_tag":[1793,1739,294,1637,1655,1362,473,1417,1792,1737,276,1363,474,329,1632,1370],"class_list":{"0":"post-39900","1":"product","2":"type-product","3":"status-publish","4":"has-post-thumbnail","6":"product_brand-gasia","7":"product_cat-ay-koleksiyonu","8":"product_cat-kolye","9":"product_tag-ay-kolyesi","10":"product_tag-crescent-necklace","11":"product_tag-diamond-necklace","12":"product_tag-elegant-necklace","13":"product_tag-fine-jewelry","14":"product_tag-hilal-kolye","15":"product_tag-kadin-kolye","16":"product_tag-luxury-necklace","17":"product_tag-modern-taki","18":"product_tag-moon-necklace","19":"product_tag-pirlanta-kolye","20":"product_tag-sari-pirlanta-kolye","21":"product_tag-sik-kolye","22":"product_tag-tasli-kolye","23":"product_tag-women-necklace","24":"product_tag-yellow-diamond-necklace","25":"pa_cinsiyet-kadin","27":"first","28":"instock","29":"shipping-taxable","30":"product-type-simple"},"_links":{"self":[{"href":"https:\/\/www.gasia.com.tr\/en\/wp-json\/wp\/v2\/product\/39900","targetHints":{"allow":["GET"]}}],"collection":[{"href":"https:\/\/www.gasia.com.tr\/en\/wp-json\/wp\/v2\/product"}],"about":[{"href":"https:\/\/www.gasia.com.tr\/en\/wp-json\/wp\/v2\/types\/product"}],"replies":[{"embeddable":true,"href":"https:\/\/www.gasia.com.tr\/en\/wp-json\/wp\/v2\/comments?post=39900"}],"version-history":[{"count":2,"href":"https:\/\/www.gasia.com.tr\/en\/wp-json\/wp\/v2\/product\/39900\/revisions"}],"predecessor-version":[{"id":41569,"href":"https:\/\/www.gasia.com.tr\/en\/wp-json\/wp\/v2\/product\/39900\/revisions\/41569"}],"wp:featuredmedia":[{"embeddable":true,"href":"https:\/\/www.gasia.com.tr\/en\/wp-json\/wp\/v2\/media\/39901"}],"wp:attachment":[{"href":"https:\/\/www.gasia.com.tr\/en\/wp-json\/wp\/v2\/media?parent=39900"}],"wp:term":[{"taxonomy":"product_brand","embeddable":true,"href":"https:\/\/www.gasia.com.tr\/en\/wp-json\/wp\/v2\/product_brand?post=39900"},{"taxonomy":"product_cat","embeddable":true,"href":"https:\/\/www.gasia.com.tr\/en\/wp-json\/wp\/v2\/product_cat?post=39900"},{"taxonomy":"product_tag","embeddable":true,"href":"https:\/\/www.gasia.com.tr\/en\/wp-json\/wp\/v2\/product_tag?post=39900"}],"curies":[{"name":"wp","href":"https:\/\/api.w.org\/{rel}","templated":true}]}}