{"id":39904,"date":"2026-01-20T00:00:00","date_gmt":"2026-01-19T21:00:00","guid":{"rendered":"https:\/\/www.gasia.com.tr\/?post_type=product&#038;p=39904"},"modified":"2026-04-08T14:28:23","modified_gmt":"2026-04-08T11:28:23","slug":"mavi-safir-ve-pirlanta-detayli-hilal-kolye","status":"publish","type":"product","link":"https:\/\/www.gasia.com.tr\/en\/collections\/mavi-safir-ve-pirlanta-detayli-hilal-kolye\/","title":{"rendered":"Mavi Safir ve P\u0131rlanta Detayl\u0131 Hilal Kolye"},"content":{"rendered":"<p>Hilal formuyla tasarlanan bu kolye, mavi safir ta\u015flar\u0131n derin tonunu p\u0131rlanta detaylarla birle\u015ftirerek etkileyici bir \u0131\u015f\u0131lt\u0131 sunar. Zarif k\u0131vr\u0131ml\u0131 formu ve ta\u015f dizilimi sayesinde hem modern hem de zamans\u0131z bir \u015f\u0131kl\u0131k sa\u011flar. G\u00fcnl\u00fck kullan\u0131mda oldu\u011fu kadar \u00f6zel anlarda da stilinizi tamamlayan dikkat \u00e7ekici bir par\u00e7ad\u0131r.<\/p>","protected":false},"excerpt":{"rendered":"<ul>\n<li>14 Ayar Kolye<\/li>\n<li>0,45 ct P\u0131rlanta<\/li>\n<li>5,90 ct Do\u011fal Avustralya Safir<\/li>\n<\/ul>","protected":false},"featured_media":39905,"comment_status":"open","ping_status":"closed","template":"","meta":[],"product_brand":[],"product_cat":[207,75],"product_tag":[1793,1733,1739,294,1637,811,1362,473,1667,1668,1732,1737,276,1794,1795,474,329,1632],"class_list":{"0":"post-39904","1":"product","2":"type-product","3":"status-publish","4":"has-post-thumbnail","6":"product_cat-ay-koleksiyonu","7":"product_cat-kolye","8":"product_tag-ay-kolyesi","9":"product_tag-blue-sapphire-necklace","10":"product_tag-crescent-necklace","11":"product_tag-diamond-necklace","12":"product_tag-elegant-necklace","13":"product_tag-gemstone-necklace","14":"product_tag-hilal-kolye","15":"product_tag-kadin-kolye","16":"product_tag-luks-taki","17":"product_tag-luxury-jewelry","18":"product_tag-mavi-safir-kolye","19":"product_tag-moon-necklace","20":"product_tag-pirlanta-kolye","21":"product_tag-safir-kolye","22":"product_tag-sapphire-necklace","23":"product_tag-sik-kolye","24":"product_tag-tasli-kolye","25":"product_tag-women-necklace","26":"pa_cinsiyet-kadin","28":"first","29":"instock","30":"shipping-taxable","31":"product-type-simple"},"_links":{"self":[{"href":"https:\/\/www.gasia.com.tr\/en\/wp-json\/wp\/v2\/product\/39904","targetHints":{"allow":["GET"]}}],"collection":[{"href":"https:\/\/www.gasia.com.tr\/en\/wp-json\/wp\/v2\/product"}],"about":[{"href":"https:\/\/www.gasia.com.tr\/en\/wp-json\/wp\/v2\/types\/product"}],"replies":[{"embeddable":true,"href":"https:\/\/www.gasia.com.tr\/en\/wp-json\/wp\/v2\/comments?post=39904"}],"version-history":[{"count":2,"href":"https:\/\/www.gasia.com.tr\/en\/wp-json\/wp\/v2\/product\/39904\/revisions"}],"predecessor-version":[{"id":41570,"href":"https:\/\/www.gasia.com.tr\/en\/wp-json\/wp\/v2\/product\/39904\/revisions\/41570"}],"wp:featuredmedia":[{"embeddable":true,"href":"https:\/\/www.gasia.com.tr\/en\/wp-json\/wp\/v2\/media\/39905"}],"wp:attachment":[{"href":"https:\/\/www.gasia.com.tr\/en\/wp-json\/wp\/v2\/media?parent=39904"}],"wp:term":[{"taxonomy":"product_brand","embeddable":true,"href":"https:\/\/www.gasia.com.tr\/en\/wp-json\/wp\/v2\/product_brand?post=39904"},{"taxonomy":"product_cat","embeddable":true,"href":"https:\/\/www.gasia.com.tr\/en\/wp-json\/wp\/v2\/product_cat?post=39904"},{"taxonomy":"product_tag","embeddable":true,"href":"https:\/\/www.gasia.com.tr\/en\/wp-json\/wp\/v2\/product_tag?post=39904"}],"curies":[{"name":"wp","href":"https:\/\/api.w.org\/{rel}","templated":true}]}}