{"id":39908,"date":"2026-01-20T00:00:00","date_gmt":"2026-01-19T21:00:00","guid":{"rendered":"https:\/\/www.gasia.com.tr\/?post_type=product&#038;p=39908"},"modified":"2026-04-08T14:13:13","modified_gmt":"2026-04-08T11:13:13","slug":"hilal-kolye-elmas-kesim-pirlanta-detayli-vintage-tasarim","status":"publish","type":"product","link":"https:\/\/www.gasia.com.tr\/en\/collections\/hilal-kolye-elmas-kesim-pirlanta-detayli-vintage-tasarim\/","title":{"rendered":"Hilal Kolye \u2013 Elmas Kesim P\u0131rlanta Detayl\u0131 Vintage Tasar\u0131m"},"content":{"rendered":"<p>Hilal formuyla tasarlanan bu kolye, elmas kesim p\u0131rlanta ta\u015flar\u0131n g\u00f6z al\u0131c\u0131 \u0131\u015f\u0131lt\u0131s\u0131yla vintage bir \u015f\u0131kl\u0131k sunar. Koyu ton zemin \u00fczerindeki ta\u015f yerle\u015fimi, tasar\u0131ma derinlik ve karakter kazand\u0131r\u0131r. Zamans\u0131z esteti\u011fiyle hem klasik hem modern stillerle uyum sa\u011flayan \u00f6zel bir par\u00e7ad\u0131r.<\/p>","protected":false},"excerpt":{"rendered":"<ul>\n<li>14 Ayar Alt\u0131n<\/li>\n<li>925 Ayar Okside G\u00fcm\u00fc\u015f<\/li>\n<li>3,01 Ct Elmas<\/li>\n<li>0,48 Ct P\u0131rlanta<\/li>\n<li>45 cm Uzunlu\u011funda Zincir<\/li>\n<\/ul>","protected":false},"featured_media":39909,"comment_status":"open","ping_status":"closed","template":"","meta":[],"product_brand":[77],"product_cat":[207,75],"product_tag":[1793,1739,1797,294,1637,1796,811,1362,473,1667,1668,1737,276,474,329,628,1798,1632],"class_list":{"0":"post-39908","1":"product","2":"type-product","3":"status-publish","4":"has-post-thumbnail","6":"product_brand-gasia","7":"product_cat-ay-koleksiyonu","8":"product_cat-kolye","9":"product_tag-ay-kolyesi","10":"product_tag-crescent-necklace","11":"product_tag-diamond-cut-necklace","12":"product_tag-diamond-necklace","13":"product_tag-elegant-necklace","14":"product_tag-elmas-kesim-kolye","15":"product_tag-gemstone-necklace","16":"product_tag-hilal-kolye","17":"product_tag-kadin-kolye","18":"product_tag-luks-taki","19":"product_tag-luxury-jewelry","20":"product_tag-moon-necklace","21":"product_tag-pirlanta-kolye","22":"product_tag-sik-kolye","23":"product_tag-tasli-kolye","24":"product_tag-vintage-kolye","25":"product_tag-vintage-necklace","26":"product_tag-women-necklace","27":"pa_cinsiyet-kadin","29":"first","30":"instock","31":"shipping-taxable","32":"product-type-simple"},"_links":{"self":[{"href":"https:\/\/www.gasia.com.tr\/en\/wp-json\/wp\/v2\/product\/39908","targetHints":{"allow":["GET"]}}],"collection":[{"href":"https:\/\/www.gasia.com.tr\/en\/wp-json\/wp\/v2\/product"}],"about":[{"href":"https:\/\/www.gasia.com.tr\/en\/wp-json\/wp\/v2\/types\/product"}],"replies":[{"embeddable":true,"href":"https:\/\/www.gasia.com.tr\/en\/wp-json\/wp\/v2\/comments?post=39908"}],"version-history":[{"count":2,"href":"https:\/\/www.gasia.com.tr\/en\/wp-json\/wp\/v2\/product\/39908\/revisions"}],"predecessor-version":[{"id":41565,"href":"https:\/\/www.gasia.com.tr\/en\/wp-json\/wp\/v2\/product\/39908\/revisions\/41565"}],"wp:featuredmedia":[{"embeddable":true,"href":"https:\/\/www.gasia.com.tr\/en\/wp-json\/wp\/v2\/media\/39909"}],"wp:attachment":[{"href":"https:\/\/www.gasia.com.tr\/en\/wp-json\/wp\/v2\/media?parent=39908"}],"wp:term":[{"taxonomy":"product_brand","embeddable":true,"href":"https:\/\/www.gasia.com.tr\/en\/wp-json\/wp\/v2\/product_brand?post=39908"},{"taxonomy":"product_cat","embeddable":true,"href":"https:\/\/www.gasia.com.tr\/en\/wp-json\/wp\/v2\/product_cat?post=39908"},{"taxonomy":"product_tag","embeddable":true,"href":"https:\/\/www.gasia.com.tr\/en\/wp-json\/wp\/v2\/product_tag?post=39908"}],"curies":[{"name":"wp","href":"https:\/\/api.w.org\/{rel}","templated":true}]}}