{"id":39912,"date":"2026-03-17T23:07:54","date_gmt":"2026-03-17T20:07:54","guid":{"rendered":"https:\/\/www.gasia.com.tr\/?post_type=product&#038;p=39912"},"modified":"2026-04-14T09:54:04","modified_gmt":"2026-04-14T06:54:04","slug":"kalin-halka-zincir-bileklik-modern-ve-guclu-tasarim","status":"publish","type":"product","link":"https:\/\/www.gasia.com.tr\/en\/collections\/kalin-halka-zincir-bileklik-modern-ve-guclu-tasarim\/","title":{"rendered":"Kal\u0131n Halka Zincir Bileklik \u2013 Modern ve G\u00fc\u00e7l\u00fc Tasar\u0131m"},"content":{"rendered":"<p>Kal\u0131n halka formuyla tasarlanan bu zincir bileklik, g\u00fc\u00e7l\u00fc ve modern bir stil sunar. Parlak y\u00fczeyi ve hacimli yap\u0131s\u0131 sayesinde tek ba\u015f\u0131na dikkat \u00e7ekici bir g\u00f6r\u00fcn\u00fcm olu\u015fturur. G\u00fcnl\u00fck kombinlerden \u00f6zel davetlere kadar her stile uyum sa\u011flayan zamans\u0131z bir aksesuard\u0131r.<\/p>","protected":false},"excerpt":{"rendered":"<ul>\n<li>14 Ayar 25,30 Gr Alt\u0131n<\/li>\n<\/ul>","protected":false},"featured_media":39913,"comment_status":"open","ping_status":"closed","template":"","meta":[],"product_brand":[],"product_cat":[73],"product_tag":[1799,1801,512,1802,365,1800,513,1667,1668,363,742,366,1804,1805,1803,435],"class_list":{"0":"post-39912","1":"product","2":"type-product","3":"status-publish","4":"has-post-thumbnail","6":"product_cat-altin-pirlanta-bileklik","7":"product_tag-chain-bracelet","8":"product_tag-chunky-chain-bracelet","9":"product_tag-elegant-bracelet","10":"product_tag-halka-bileklik","11":"product_tag-kadin-bileklik","12":"product_tag-kalin-zincir-bileklik","13":"product_tag-link-bracelet","14":"product_tag-luks-taki","15":"product_tag-luxury-jewelry","16":"product_tag-modern-bileklik","17":"product_tag-modern-jewelry","18":"product_tag-sik-bileklik","19":"product_tag-statement-bileklik","20":"product_tag-statement-bracelet","21":"product_tag-women-bracelet","22":"product_tag-zincir-bileklik","23":"pa_cinsiyet-kadin","25":"first","26":"instock","27":"shipping-taxable","28":"purchasable","29":"product-type-simple"},"_links":{"self":[{"href":"https:\/\/www.gasia.com.tr\/en\/wp-json\/wp\/v2\/product\/39912","targetHints":{"allow":["GET"]}}],"collection":[{"href":"https:\/\/www.gasia.com.tr\/en\/wp-json\/wp\/v2\/product"}],"about":[{"href":"https:\/\/www.gasia.com.tr\/en\/wp-json\/wp\/v2\/types\/product"}],"replies":[{"embeddable":true,"href":"https:\/\/www.gasia.com.tr\/en\/wp-json\/wp\/v2\/comments?post=39912"}],"version-history":[{"count":3,"href":"https:\/\/www.gasia.com.tr\/en\/wp-json\/wp\/v2\/product\/39912\/revisions"}],"predecessor-version":[{"id":42194,"href":"https:\/\/www.gasia.com.tr\/en\/wp-json\/wp\/v2\/product\/39912\/revisions\/42194"}],"wp:featuredmedia":[{"embeddable":true,"href":"https:\/\/www.gasia.com.tr\/en\/wp-json\/wp\/v2\/media\/39913"}],"wp:attachment":[{"href":"https:\/\/www.gasia.com.tr\/en\/wp-json\/wp\/v2\/media?parent=39912"}],"wp:term":[{"taxonomy":"product_brand","embeddable":true,"href":"https:\/\/www.gasia.com.tr\/en\/wp-json\/wp\/v2\/product_brand?post=39912"},{"taxonomy":"product_cat","embeddable":true,"href":"https:\/\/www.gasia.com.tr\/en\/wp-json\/wp\/v2\/product_cat?post=39912"},{"taxonomy":"product_tag","embeddable":true,"href":"https:\/\/www.gasia.com.tr\/en\/wp-json\/wp\/v2\/product_tag?post=39912"}],"curies":[{"name":"wp","href":"https:\/\/api.w.org\/{rel}","templated":true}]}}