{"id":39915,"date":"2025-10-09T00:00:00","date_gmt":"2025-10-08T21:00:00","guid":{"rendered":"https:\/\/www.gasia.com.tr\/?post_type=product&#038;p=39915"},"modified":"2026-03-30T13:47:18","modified_gmt":"2026-03-30T10:47:18","slug":"boncuk-form-tek-kupe-pirlanta-cicek-detayli-zarif-tasarim","status":"publish","type":"product","link":"https:\/\/www.gasia.com.tr\/en\/collections\/boncuk-form-tek-kupe-pirlanta-cicek-detayli-zarif-tasarim\/","title":{"rendered":"Boncuk Form Tek K\u00fcpe \u2013 P\u0131rlanta \u00c7i\u00e7ek Detayl\u0131 Zarif Tasar\u0131m"},"content":{"rendered":"<p>Boncuk form halka tasar\u0131m\u0131yla modern bir g\u00f6r\u00fcn\u00fcm sunan bu tek k\u00fcpe, ucundaki p\u0131rlanta ta\u015fl\u0131 \u00e7i\u00e7ek detay\u0131yla zarif bir \u0131\u015f\u0131lt\u0131 kazan\u0131r. P\u0131rlantalar\u0131n net ve parlak g\u00f6r\u00fcn\u00fcm\u00fc, tasar\u0131ma sofistike bir dokunu\u015f katar. Minimal ama dikkat \u00e7ekici bir stil arayanlar i\u00e7in ideal bir par\u00e7ad\u0131r.<\/p>","protected":false},"excerpt":{"rendered":"<p>Boncuk form halka tasar\u0131m\u0131yla modern bir g\u00f6r\u00fcn\u00fcm sunan bu tek k\u00fcpe, ucundaki p\u0131rlanta ta\u015fl\u0131 \u00e7i\u00e7ek detay\u0131yla zarif bir \u0131\u015f\u0131lt\u0131 kazan\u0131r.<\/p>","protected":false},"featured_media":39916,"comment_status":"open","ping_status":"closed","template":"","meta":[],"product_brand":[],"product_cat":[74],"product_tag":[1808,1807,843,1751,1750,1595,1655,1806,395,1792,374,814,1747,375,1746,1596],"class_list":{"0":"post-39915","1":"product","2":"type-product","3":"status-publish","4":"has-post-thumbnail","6":"product_cat-kupe-modelleri","7":"product_tag-beaded-hoop-earring","8":"product_tag-boncuk-kupe","9":"product_tag-cicek-kupe","10":"product_tag-dangle-earring","11":"product_tag-diamond-earring","12":"product_tag-elegant-earrings","13":"product_tag-fine-jewelry","14":"product_tag-flower-earring","15":"product_tag-kadin-kupe","16":"product_tag-modern-taki","17":"product_tag-pirlanta-kupe","18":"product_tag-sallantili-kupe","19":"product_tag-single-earring","20":"product_tag-sik-kupe","21":"product_tag-tek-kupe","22":"product_tag-women-earrings","23":"pa_cinsiyet-kadin","25":"first","26":"instock","27":"shipping-taxable","28":"product-type-simple"},"_links":{"self":[{"href":"https:\/\/www.gasia.com.tr\/en\/wp-json\/wp\/v2\/product\/39915","targetHints":{"allow":["GET"]}}],"collection":[{"href":"https:\/\/www.gasia.com.tr\/en\/wp-json\/wp\/v2\/product"}],"about":[{"href":"https:\/\/www.gasia.com.tr\/en\/wp-json\/wp\/v2\/types\/product"}],"replies":[{"embeddable":true,"href":"https:\/\/www.gasia.com.tr\/en\/wp-json\/wp\/v2\/comments?post=39915"}],"version-history":[{"count":2,"href":"https:\/\/www.gasia.com.tr\/en\/wp-json\/wp\/v2\/product\/39915\/revisions"}],"predecessor-version":[{"id":39918,"href":"https:\/\/www.gasia.com.tr\/en\/wp-json\/wp\/v2\/product\/39915\/revisions\/39918"}],"wp:featuredmedia":[{"embeddable":true,"href":"https:\/\/www.gasia.com.tr\/en\/wp-json\/wp\/v2\/media\/39916"}],"wp:attachment":[{"href":"https:\/\/www.gasia.com.tr\/en\/wp-json\/wp\/v2\/media?parent=39915"}],"wp:term":[{"taxonomy":"product_brand","embeddable":true,"href":"https:\/\/www.gasia.com.tr\/en\/wp-json\/wp\/v2\/product_brand?post=39915"},{"taxonomy":"product_cat","embeddable":true,"href":"https:\/\/www.gasia.com.tr\/en\/wp-json\/wp\/v2\/product_cat?post=39915"},{"taxonomy":"product_tag","embeddable":true,"href":"https:\/\/www.gasia.com.tr\/en\/wp-json\/wp\/v2\/product_tag?post=39915"}],"curies":[{"name":"wp","href":"https:\/\/api.w.org\/{rel}","templated":true}]}}