{"id":39919,"date":"2026-03-17T23:16:39","date_gmt":"2026-03-17T20:16:39","guid":{"rendered":"https:\/\/www.gasia.com.tr\/?post_type=product&#038;p=39919"},"modified":"2026-04-14T09:51:42","modified_gmt":"2026-04-14T06:51:42","slug":"oval-zincir-kolye-halka-kilit-detayli-modern-tasarim","status":"publish","type":"product","link":"https:\/\/www.gasia.com.tr\/en\/collections\/oval-zincir-kolye-halka-kilit-detayli-modern-tasarim\/","title":{"rendered":"Oval Zincir Kolye \u2013 Halka Kilit Detayl\u0131 Modern Tasar\u0131m"},"content":{"rendered":"<p>Oval form zincir halkalar\u0131 ve dikkat \u00e7ekici halka kilit detay\u0131yla tasarlanan bu kolye, modern ve g\u00fc\u00e7l\u00fc bir stil sunar. Minimal \u00e7izgisi sayesinde g\u00fcnl\u00fck kullan\u0131ma uyum sa\u011flarken, kilit detay\u0131yla \u00f6zg\u00fcn bir karakter kazan\u0131r. Tek ba\u015f\u0131na ya da farkl\u0131 kolyelerle kombinlenerek \u015f\u0131k bir g\u00f6r\u00fcn\u00fcm olu\u015fturur.<\/p>","protected":false},"excerpt":{"rendered":"<ul>\n<li>14 Ayar 6,09 Gr Alt\u0131n<\/li>\n<\/ul>","protected":false},"featured_media":39920,"comment_status":"open","ping_status":"closed","template":"","meta":[],"product_brand":[],"product_cat":[75],"product_tag":[1810,1637,1813,473,1812,273,1767,742,277,1811,474,1815,489,1814,1632,1809],"class_list":{"0":"post-39919","1":"product","2":"type-product","3":"status-publish","4":"has-post-thumbnail","6":"product_cat-kolye","7":"product_tag-chain-necklace","8":"product_tag-elegant-necklace","9":"product_tag-halka-kilit-kolye","10":"product_tag-kadin-kolye","11":"product_tag-link-necklace","12":"product_tag-minimal-kolye","13":"product_tag-minimalist-necklace","14":"product_tag-modern-jewelry","15":"product_tag-modern-kolye","16":"product_tag-oval-zincir-kolye","17":"product_tag-sik-kolye","18":"product_tag-statement-kolye","19":"product_tag-statement-necklace","20":"product_tag-toggle-necklace","21":"product_tag-women-necklace","22":"product_tag-zincir-kolye","23":"pa_cinsiyet-kadin","25":"first","26":"instock","27":"shipping-taxable","28":"purchasable","29":"product-type-simple"},"_links":{"self":[{"href":"https:\/\/www.gasia.com.tr\/en\/wp-json\/wp\/v2\/product\/39919","targetHints":{"allow":["GET"]}}],"collection":[{"href":"https:\/\/www.gasia.com.tr\/en\/wp-json\/wp\/v2\/product"}],"about":[{"href":"https:\/\/www.gasia.com.tr\/en\/wp-json\/wp\/v2\/types\/product"}],"replies":[{"embeddable":true,"href":"https:\/\/www.gasia.com.tr\/en\/wp-json\/wp\/v2\/comments?post=39919"}],"version-history":[{"count":3,"href":"https:\/\/www.gasia.com.tr\/en\/wp-json\/wp\/v2\/product\/39919\/revisions"}],"predecessor-version":[{"id":42192,"href":"https:\/\/www.gasia.com.tr\/en\/wp-json\/wp\/v2\/product\/39919\/revisions\/42192"}],"wp:featuredmedia":[{"embeddable":true,"href":"https:\/\/www.gasia.com.tr\/en\/wp-json\/wp\/v2\/media\/39920"}],"wp:attachment":[{"href":"https:\/\/www.gasia.com.tr\/en\/wp-json\/wp\/v2\/media?parent=39919"}],"wp:term":[{"taxonomy":"product_brand","embeddable":true,"href":"https:\/\/www.gasia.com.tr\/en\/wp-json\/wp\/v2\/product_brand?post=39919"},{"taxonomy":"product_cat","embeddable":true,"href":"https:\/\/www.gasia.com.tr\/en\/wp-json\/wp\/v2\/product_cat?post=39919"},{"taxonomy":"product_tag","embeddable":true,"href":"https:\/\/www.gasia.com.tr\/en\/wp-json\/wp\/v2\/product_tag?post=39919"}],"curies":[{"name":"wp","href":"https:\/\/api.w.org\/{rel}","templated":true}]}}