{"id":39922,"date":"2026-03-24T21:17:53","date_gmt":"2026-03-24T18:17:53","guid":{"rendered":"https:\/\/www.gasia.com.tr\/?post_type=product&#038;p=39922"},"modified":"2026-03-24T22:09:33","modified_gmt":"2026-03-24T19:09:33","slug":"damla-elmas-kesim-london-blue-topaz-kupe","status":"publish","type":"product","link":"https:\/\/www.gasia.com.tr\/en\/collections\/damla-elmas-kesim-london-blue-topaz-kupe\/","title":{"rendered":"Damla Elmas Kesim London Blue Topaz Kupe"},"content":{"rendered":"<p>Damla kesim London Blue Topaz ta\u015flar\u0131yla tasarlanan bu k\u00fcpe, derin mavi tonlar\u0131yla sofistike bir \u015f\u0131kl\u0131k sunar. I\u015f\u0131\u011f\u0131 yans\u0131tan kesimi ve zarif formu sayesinde hem g\u00fcnl\u00fck kullan\u0131mda hem \u00f6zel anlarda dikkat \u00e7ekici bir g\u00f6r\u00fcn\u00fcm sa\u011flar. Zamans\u0131z ve \u015f\u0131k bir stilin vazge\u00e7ilmez par\u00e7as\u0131d\u0131r.<\/p>","protected":false},"excerpt":{"rendered":"<ul>\n<li>14 Ayar Alt\u0131n<\/li>\n<li>925 Ayar Okside G\u00fcm\u00fc\u015f<\/li>\n<li>9.40 ct 13 mm \/ 10 mm London Blue Topaz<\/li>\n<\/ul>","protected":false},"featured_media":40703,"comment_status":"open","ping_status":"closed","template":"","meta":[],"product_brand":[],"product_cat":[74],"product_tag":[841,1817,1818,1595,1655,395,1816,1667,1668,1820,1792,1819,375,1822,1821,1596],"class_list":{"0":"post-39922","1":"product","2":"type-product","3":"status-publish","4":"has-post-thumbnail","6":"product_cat-kupe-modelleri","7":"product_tag-blue-gemstone-earrings","8":"product_tag-blue-topaz-earrings","9":"product_tag-damla-kesim-kupe","10":"product_tag-elegant-earrings","11":"product_tag-fine-jewelry","12":"product_tag-kadin-kupe","13":"product_tag-london-blue-topaz-kupe","14":"product_tag-luks-taki","15":"product_tag-luxury-jewelry","16":"product_tag-mavi-tasli-kupe","17":"product_tag-modern-taki","18":"product_tag-pear-cut-earrings","19":"product_tag-sik-kupe","20":"product_tag-topaz-earrings","21":"product_tag-topaz-kupe","22":"product_tag-women-earrings","23":"pa_cinsiyet-kadin","25":"first","26":"instock","27":"shipping-taxable","28":"purchasable","29":"product-type-simple"},"_links":{"self":[{"href":"https:\/\/www.gasia.com.tr\/en\/wp-json\/wp\/v2\/product\/39922","targetHints":{"allow":["GET"]}}],"collection":[{"href":"https:\/\/www.gasia.com.tr\/en\/wp-json\/wp\/v2\/product"}],"about":[{"href":"https:\/\/www.gasia.com.tr\/en\/wp-json\/wp\/v2\/types\/product"}],"replies":[{"embeddable":true,"href":"https:\/\/www.gasia.com.tr\/en\/wp-json\/wp\/v2\/comments?post=39922"}],"version-history":[{"count":2,"href":"https:\/\/www.gasia.com.tr\/en\/wp-json\/wp\/v2\/product\/39922\/revisions"}],"predecessor-version":[{"id":40704,"href":"https:\/\/www.gasia.com.tr\/en\/wp-json\/wp\/v2\/product\/39922\/revisions\/40704"}],"wp:featuredmedia":[{"embeddable":true,"href":"https:\/\/www.gasia.com.tr\/en\/wp-json\/wp\/v2\/media\/40703"}],"wp:attachment":[{"href":"https:\/\/www.gasia.com.tr\/en\/wp-json\/wp\/v2\/media?parent=39922"}],"wp:term":[{"taxonomy":"product_brand","embeddable":true,"href":"https:\/\/www.gasia.com.tr\/en\/wp-json\/wp\/v2\/product_brand?post=39922"},{"taxonomy":"product_cat","embeddable":true,"href":"https:\/\/www.gasia.com.tr\/en\/wp-json\/wp\/v2\/product_cat?post=39922"},{"taxonomy":"product_tag","embeddable":true,"href":"https:\/\/www.gasia.com.tr\/en\/wp-json\/wp\/v2\/product_tag?post=39922"}],"curies":[{"name":"wp","href":"https:\/\/api.w.org\/{rel}","templated":true}]}}