{"id":39926,"date":"2026-03-17T23:19:07","date_gmt":"2026-03-17T20:19:07","guid":{"rendered":"https:\/\/www.gasia.com.tr\/?post_type=product&#038;p=39926"},"modified":"2026-04-13T15:38:00","modified_gmt":"2026-04-13T12:38:00","slug":"mercan-ve-pirlanta-detayli-damla-form-altin-kolye","status":"publish","type":"product","link":"https:\/\/www.gasia.com.tr\/en\/collections\/mercan-ve-pirlanta-detayli-damla-form-altin-kolye\/","title":{"rendered":"Mercan ve P\u0131rlanta Detayl\u0131 Damla Form Alt\u0131n Kolye"},"content":{"rendered":"<p>Damla form mercan ta\u015f\u0131n zarif g\u00f6r\u00fcn\u00fcm\u00fc, p\u0131rlanta detayl\u0131 k\u0131vr\u0131ml\u0131 motifle birle\u015ferek sofistike bir tasar\u0131m sunar. Do\u011fal tonlar\u0131 ve \u0131\u015f\u0131lt\u0131l\u0131 dokunu\u015flar\u0131yla hem klasik hem modern stillere uyum sa\u011flar. \u00d6zel g\u00fcnlerde \u015f\u0131kl\u0131\u011f\u0131n\u0131z\u0131 tamamlayan dikkat \u00e7ekici bir par\u00e7ad\u0131r.<\/p>","protected":false},"excerpt":{"rendered":"<ul>\n<li>18 Ayar Alt\u0131n<\/li>\n<li>925 Ayar Okside G\u00fcm\u00fc\u015f<\/li>\n<li>0,63 ct P\u0131rlanta<\/li>\n<li>32,70 ct Mercan<\/li>\n<\/ul>","protected":false},"featured_media":41343,"comment_status":"open","ping_status":"closed","template":"","meta":[],"product_brand":[77],"product_cat":[269,75],"product_tag":[1088,1823,1824,1605,294,1623,1825,1637,1996,811,3035,1995,473,1667,1668,637,1826,1630,472,276,474,2678,329,2953,1632,476],"class_list":{"0":"post-39926","1":"product","2":"type-product","3":"status-publish","4":"has-post-thumbnail","6":"product_brand-gasia","7":"product_cat-gem-world-degerli-tasli-mucevher","8":"product_cat-kolye","9":"product_tag-altin-kolye-kadin","10":"product_tag-coral-necklace","11":"product_tag-damla-kolye","12":"product_tag-diamond-detail-necklace","13":"product_tag-diamond-necklace","14":"product_tag-dogal-tas-kolye","15":"product_tag-drop-necklace","16":"product_tag-elegant-necklace","17":"product_tag-everyday-necklace","18":"product_tag-gemstone-necklace","19":"product_tag-gold-necklace-for-women","20":"product_tag-gunluk-kolye","21":"product_tag-kadin-kolye","22":"product_tag-luks-taki","23":"product_tag-luxury-jewelry","24":"product_tag-mercan-kolye","25":"product_tag-natural-stone-jewelry","26":"product_tag-natural-stone-necklace","27":"product_tag-pirlanta-detayli-kolye","28":"product_tag-pirlanta-kolye","29":"product_tag-sik-kolye","30":"product_tag-stylish-necklace","31":"product_tag-tasli-kolye","32":"product_tag-teardrop-necklace","33":"product_tag-women-necklace","34":"product_tag-zarif-kolye","35":"pa_cinsiyet-kadin","37":"first","38":"instock","39":"shipping-taxable","40":"purchasable","41":"product-type-simple"},"_links":{"self":[{"href":"https:\/\/www.gasia.com.tr\/en\/wp-json\/wp\/v2\/product\/39926","targetHints":{"allow":["GET"]}}],"collection":[{"href":"https:\/\/www.gasia.com.tr\/en\/wp-json\/wp\/v2\/product"}],"about":[{"href":"https:\/\/www.gasia.com.tr\/en\/wp-json\/wp\/v2\/types\/product"}],"replies":[{"embeddable":true,"href":"https:\/\/www.gasia.com.tr\/en\/wp-json\/wp\/v2\/comments?post=39926"}],"version-history":[{"count":3,"href":"https:\/\/www.gasia.com.tr\/en\/wp-json\/wp\/v2\/product\/39926\/revisions"}],"predecessor-version":[{"id":42017,"href":"https:\/\/www.gasia.com.tr\/en\/wp-json\/wp\/v2\/product\/39926\/revisions\/42017"}],"wp:featuredmedia":[{"embeddable":true,"href":"https:\/\/www.gasia.com.tr\/en\/wp-json\/wp\/v2\/media\/41343"}],"wp:attachment":[{"href":"https:\/\/www.gasia.com.tr\/en\/wp-json\/wp\/v2\/media?parent=39926"}],"wp:term":[{"taxonomy":"product_brand","embeddable":true,"href":"https:\/\/www.gasia.com.tr\/en\/wp-json\/wp\/v2\/product_brand?post=39926"},{"taxonomy":"product_cat","embeddable":true,"href":"https:\/\/www.gasia.com.tr\/en\/wp-json\/wp\/v2\/product_cat?post=39926"},{"taxonomy":"product_tag","embeddable":true,"href":"https:\/\/www.gasia.com.tr\/en\/wp-json\/wp\/v2\/product_tag?post=39926"}],"curies":[{"name":"wp","href":"https:\/\/api.w.org\/{rel}","templated":true}]}}