{"id":39930,"date":"2025-12-27T00:00:00","date_gmt":"2025-12-26T21:00:00","guid":{"rendered":"https:\/\/www.gasia.com.tr\/?post_type=product&#038;p=39930"},"modified":"2026-03-30T22:48:30","modified_gmt":"2026-03-30T19:48:30","slug":"pirlanta-sirali-kolye-boncuk-zincir-detayli-zarif-tasarim","status":"publish","type":"product","link":"https:\/\/www.gasia.com.tr\/en\/collections\/pirlanta-sirali-kolye-boncuk-zincir-detayli-zarif-tasarim\/","title":{"rendered":"P\u0131rlanta S\u0131ral\u0131 Kolye \u2013 Boncuk Zincir Detayl\u0131 Zarif Tasar\u0131m"},"content":{"rendered":"<p>\u0130nce boncuk form zincir \u00fczerine s\u0131ralanan p\u0131rlanta ta\u015flar, bu kolyeye zarif ve \u0131\u015f\u0131l \u0131\u015f\u0131l bir g\u00f6r\u00fcn\u00fcm kazand\u0131r\u0131r. Dengeli ta\u015f dizilimi sayesinde boyunda \u015f\u0131k bir hat olu\u015fturur ve her kombinle kolayca uyum sa\u011flar. G\u00fcnl\u00fck kullan\u0131mda zarif bir dokunu\u015f, \u00f6zel anlarda ise sofistike bir tamamlay\u0131c\u0131d\u0131r.<\/p>","protected":false},"excerpt":{"rendered":"<p>\u0130nce boncuk form zincir \u00fczerine s\u0131ralanan p\u0131rlanta ta\u015flar, bu kolyeye zarif ve \u0131\u015f\u0131l \u0131\u015f\u0131l bir g\u00f6r\u00fcn\u00fcm kazand\u0131r\u0131r. Dengeli ta\u015f dizilimi<\/p>","protected":false},"featured_media":39931,"comment_status":"open","ping_status":"closed","template":"","meta":[],"product_brand":[77],"product_cat":[75],"product_tag":[1830,1829,294,1637,1655,473,1667,1668,273,1767,1792,276,474,1827,1828,1632],"class_list":{"0":"post-39930","1":"product","2":"type-product","3":"status-publish","4":"has-post-thumbnail","6":"product_brand-gasia","7":"product_cat-kolye","8":"product_tag-beaded-chain-necklace","9":"product_tag-boncuk-zincir-kolye","10":"product_tag-diamond-necklace","11":"product_tag-elegant-necklace","12":"product_tag-fine-jewelry","13":"product_tag-kadin-kolye","14":"product_tag-luks-taki","15":"product_tag-luxury-jewelry","16":"product_tag-minimal-kolye","17":"product_tag-minimalist-necklace","18":"product_tag-modern-taki","19":"product_tag-pirlanta-kolye","20":"product_tag-sik-kolye","21":"product_tag-sirali-kolye","22":"product_tag-tennis-necklace","23":"product_tag-women-necklace","24":"pa_cinsiyet-kadin","26":"first","27":"instock","28":"shipping-taxable","29":"product-type-simple"},"_links":{"self":[{"href":"https:\/\/www.gasia.com.tr\/en\/wp-json\/wp\/v2\/product\/39930","targetHints":{"allow":["GET"]}}],"collection":[{"href":"https:\/\/www.gasia.com.tr\/en\/wp-json\/wp\/v2\/product"}],"about":[{"href":"https:\/\/www.gasia.com.tr\/en\/wp-json\/wp\/v2\/types\/product"}],"replies":[{"embeddable":true,"href":"https:\/\/www.gasia.com.tr\/en\/wp-json\/wp\/v2\/comments?post=39930"}],"version-history":[{"count":1,"href":"https:\/\/www.gasia.com.tr\/en\/wp-json\/wp\/v2\/product\/39930\/revisions"}],"predecessor-version":[{"id":39932,"href":"https:\/\/www.gasia.com.tr\/en\/wp-json\/wp\/v2\/product\/39930\/revisions\/39932"}],"wp:featuredmedia":[{"embeddable":true,"href":"https:\/\/www.gasia.com.tr\/en\/wp-json\/wp\/v2\/media\/39931"}],"wp:attachment":[{"href":"https:\/\/www.gasia.com.tr\/en\/wp-json\/wp\/v2\/media?parent=39930"}],"wp:term":[{"taxonomy":"product_brand","embeddable":true,"href":"https:\/\/www.gasia.com.tr\/en\/wp-json\/wp\/v2\/product_brand?post=39930"},{"taxonomy":"product_cat","embeddable":true,"href":"https:\/\/www.gasia.com.tr\/en\/wp-json\/wp\/v2\/product_cat?post=39930"},{"taxonomy":"product_tag","embeddable":true,"href":"https:\/\/www.gasia.com.tr\/en\/wp-json\/wp\/v2\/product_tag?post=39930"}],"curies":[{"name":"wp","href":"https:\/\/api.w.org\/{rel}","templated":true}]}}