{"id":39933,"date":"2025-10-09T23:23:50","date_gmt":"2025-10-09T20:23:50","guid":{"rendered":"https:\/\/www.gasia.com.tr\/?post_type=product&#038;p=39933"},"modified":"2026-03-30T16:12:45","modified_gmt":"2026-03-30T13:12:45","slug":"cicek-form-tek-kupe-pirlanta-tasli-zarif-tasarim","status":"publish","type":"product","link":"https:\/\/www.gasia.com.tr\/en\/collections\/cicek-form-tek-kupe-pirlanta-tasli-zarif-tasarim\/","title":{"rendered":"\u00c7i\u00e7ek Form Tek K\u00fcpe \u2013 P\u0131rlanta Ta\u015fl\u0131 Zarif Tasar\u0131m"},"content":{"rendered":"<p>Zarif halka form \u00fczerine tasarlanan bu tek k\u00fcpe, p\u0131rlanta ta\u015flarla s\u00fcslenmi\u015f \u00e7i\u00e7ek detay\u0131yla \u015f\u0131k ve feminen bir g\u00f6r\u00fcn\u00fcm sunar. I\u015f\u0131lt\u0131l\u0131 y\u00fczeyi sayesinde minimal kombinlere zarif bir dokunu\u015f katar. Tek k\u00fcpe olarak modern ve \u00f6zg\u00fcn bir stil olu\u015fturmak isteyenler i\u00e7in ideal bir par\u00e7ad\u0131r.<\/p>","protected":false},"excerpt":{"rendered":"<p>Zarif halka form \u00fczerine tasarlanan bu tek k\u00fcpe, p\u0131rlanta ta\u015flarla s\u00fcslenmi\u015f \u00e7i\u00e7ek detay\u0131yla \u015f\u0131k ve feminen bir g\u00f6r\u00fcn\u00fcm sunar. I\u015f\u0131lt\u0131l\u0131<\/p>","protected":false},"featured_media":40085,"comment_status":"open","ping_status":"closed","template":"","meta":[],"product_brand":[77],"product_cat":[74],"product_tag":[843,1751,1750,1595,1655,1806,1768,1831,395,1792,374,814,1747,375,1746,1596],"class_list":{"0":"post-39933","1":"product","2":"type-product","3":"status-publish","4":"has-post-thumbnail","6":"product_brand-gasia","7":"product_cat-kupe-modelleri","8":"product_tag-cicek-kupe","9":"product_tag-dangle-earring","10":"product_tag-diamond-earring","11":"product_tag-elegant-earrings","12":"product_tag-fine-jewelry","13":"product_tag-flower-earring","14":"product_tag-halka-kupe","15":"product_tag-hoop-earring","16":"product_tag-kadin-kupe","17":"product_tag-modern-taki","18":"product_tag-pirlanta-kupe","19":"product_tag-sallantili-kupe","20":"product_tag-single-earring","21":"product_tag-sik-kupe","22":"product_tag-tek-kupe","23":"product_tag-women-earrings","24":"pa_cinsiyet-kadin","26":"first","27":"instock","28":"shipping-taxable","29":"product-type-simple"},"_links":{"self":[{"href":"https:\/\/www.gasia.com.tr\/en\/wp-json\/wp\/v2\/product\/39933","targetHints":{"allow":["GET"]}}],"collection":[{"href":"https:\/\/www.gasia.com.tr\/en\/wp-json\/wp\/v2\/product"}],"about":[{"href":"https:\/\/www.gasia.com.tr\/en\/wp-json\/wp\/v2\/types\/product"}],"replies":[{"embeddable":true,"href":"https:\/\/www.gasia.com.tr\/en\/wp-json\/wp\/v2\/comments?post=39933"}],"version-history":[{"count":2,"href":"https:\/\/www.gasia.com.tr\/en\/wp-json\/wp\/v2\/product\/39933\/revisions"}],"predecessor-version":[{"id":39936,"href":"https:\/\/www.gasia.com.tr\/en\/wp-json\/wp\/v2\/product\/39933\/revisions\/39936"}],"wp:featuredmedia":[{"embeddable":true,"href":"https:\/\/www.gasia.com.tr\/en\/wp-json\/wp\/v2\/media\/40085"}],"wp:attachment":[{"href":"https:\/\/www.gasia.com.tr\/en\/wp-json\/wp\/v2\/media?parent=39933"}],"wp:term":[{"taxonomy":"product_brand","embeddable":true,"href":"https:\/\/www.gasia.com.tr\/en\/wp-json\/wp\/v2\/product_brand?post=39933"},{"taxonomy":"product_cat","embeddable":true,"href":"https:\/\/www.gasia.com.tr\/en\/wp-json\/wp\/v2\/product_cat?post=39933"},{"taxonomy":"product_tag","embeddable":true,"href":"https:\/\/www.gasia.com.tr\/en\/wp-json\/wp\/v2\/product_tag?post=39933"}],"curies":[{"name":"wp","href":"https:\/\/api.w.org\/{rel}","templated":true}]}}