{"id":39937,"date":"2026-03-17T23:27:43","date_gmt":"2026-03-17T20:27:43","guid":{"rendered":"https:\/\/www.gasia.com.tr\/?post_type=product&#038;p=39937"},"modified":"2026-04-15T16:57:44","modified_gmt":"2026-04-15T13:57:44","slug":"aquamarine-ve-morganite-tasli-sallantili-kupe","status":"publish","type":"product","link":"https:\/\/www.gasia.com.tr\/en\/collections\/aquamarine-ve-morganite-tasli-sallantili-kupe\/","title":{"rendered":"Aquamarine ve Morganite Ta\u015fl\u0131 Sallant\u0131l\u0131 K\u00fcpe"},"content":{"rendered":"<p>Morganite ve aquamarine ta\u015flar\u0131n uyumlu renk ge\u00e7i\u015fiyle tasarlanan bu sallant\u0131l\u0131 k\u00fcpe, zarif ve sofistike bir g\u00f6r\u00fcn\u00fcm sunar. Farkl\u0131 boyutlardaki ta\u015flar\u0131n katmanl\u0131 dizilimi, hareketli ve \u0131\u015f\u0131lt\u0131l\u0131 bir etki yarat\u0131r. \u00d6zel davetlerden g\u00fcnl\u00fck \u015f\u0131kl\u0131\u011fa kadar stilinizi tamamlayan dikkat \u00e7ekici bir par\u00e7ad\u0131r.<\/p>\n<ul>\n<li>Aquamarine-G\u00f6kz\u00fcmr\u00fct\n<p>S\u00fcmerler ve M\u0131s\u0131rl\u0131lar i\u00e7in gen\u00e7li\u011fin enerjisi ve mutlulu\u011fun simgesiydi.Romal\u0131lar dostlu\u011fu ve a\u015fk\u0131 peki\u015ftirdi\u011fine inand\u0131l\u0131ar. Orta \u00e7a\u011f\u0131n gemici ve sava\u015fc\u0131lar\u0131 ondan cesaret ald\u0131 ve \u00f6l\u00fcm korkusunu unuttu.G\u00f6kz\u00fcmr\u00fct herkesin bildi\u011fi Z\u00fcmr\u00fct\u00fcn yak\u0131n akrabas\u0131d\u0131r.Her ikisi de Beryl mineralidir.Sadece G\u00f6kz\u00fcmr\u00fctte Demir,Aquamarinede Krom bulunur. Cesaretiniz k\u0131r\u0131ld\u0131\u011f\u0131nda ta\u015f\u0131n g\u00fcven tazeledi\u011fine inan\u0131l\u0131yor ve negatif enerjiden koruyor.<\/li>\n<\/ul>","protected":false},"excerpt":{"rendered":"<ul>\n<li>18 Ayar Alt\u0131n<\/li>\n<li>0,97 ct Prenses Kesim P\u0131rlanta<\/li>\n<li>1,48 ct P\u0131rlanta<\/li>\n<li>5,96 ct Morganite<\/li>\n<li>7,08 ct Aqua Marine<\/li>\n<\/ul>","protected":false},"featured_media":41107,"comment_status":"open","ping_status":"closed","template":"","meta":[],"product_brand":[],"product_cat":[74],"product_tag":[1835,1834,1684,1595,1594,395,1667,1668,1833,1832,1837,1836,814,375,813,1596],"class_list":{"0":"post-39937","1":"product","2":"type-product","3":"status-publish","4":"has-post-thumbnail","6":"product_cat-kupe-modelleri","7":"product_tag-aquamarine-earrings","8":"product_tag-aquamarine-kupe","9":"product_tag-dangle-earrings","10":"product_tag-elegant-earrings","11":"product_tag-gemstone-earrings","12":"product_tag-kadin-kupe","13":"product_tag-luks-taki","14":"product_tag-luxury-jewelry","15":"product_tag-morganite-earrings","16":"product_tag-morganite-kupe","17":"product_tag-pastel-gemstone-earrings","18":"product_tag-renkli-tasli-kupe","19":"product_tag-sallantili-kupe","20":"product_tag-sik-kupe","21":"product_tag-tasli-kupe","22":"product_tag-women-earrings","23":"pa_cinsiyet-kadin","25":"first","26":"instock","27":"shipping-taxable","28":"purchasable","29":"product-type-simple"},"_links":{"self":[{"href":"https:\/\/www.gasia.com.tr\/en\/wp-json\/wp\/v2\/product\/39937","targetHints":{"allow":["GET"]}}],"collection":[{"href":"https:\/\/www.gasia.com.tr\/en\/wp-json\/wp\/v2\/product"}],"about":[{"href":"https:\/\/www.gasia.com.tr\/en\/wp-json\/wp\/v2\/types\/product"}],"replies":[{"embeddable":true,"href":"https:\/\/www.gasia.com.tr\/en\/wp-json\/wp\/v2\/comments?post=39937"}],"version-history":[{"count":4,"href":"https:\/\/www.gasia.com.tr\/en\/wp-json\/wp\/v2\/product\/39937\/revisions"}],"predecessor-version":[{"id":42251,"href":"https:\/\/www.gasia.com.tr\/en\/wp-json\/wp\/v2\/product\/39937\/revisions\/42251"}],"wp:featuredmedia":[{"embeddable":true,"href":"https:\/\/www.gasia.com.tr\/en\/wp-json\/wp\/v2\/media\/41107"}],"wp:attachment":[{"href":"https:\/\/www.gasia.com.tr\/en\/wp-json\/wp\/v2\/media?parent=39937"}],"wp:term":[{"taxonomy":"product_brand","embeddable":true,"href":"https:\/\/www.gasia.com.tr\/en\/wp-json\/wp\/v2\/product_brand?post=39937"},{"taxonomy":"product_cat","embeddable":true,"href":"https:\/\/www.gasia.com.tr\/en\/wp-json\/wp\/v2\/product_cat?post=39937"},{"taxonomy":"product_tag","embeddable":true,"href":"https:\/\/www.gasia.com.tr\/en\/wp-json\/wp\/v2\/product_tag?post=39937"}],"curies":[{"name":"wp","href":"https:\/\/api.w.org\/{rel}","templated":true}]}}