{"id":39941,"date":"2026-03-17T23:44:56","date_gmt":"2026-03-17T20:44:56","guid":{"rendered":"https:\/\/www.gasia.com.tr\/?post_type=product&#038;p=39941"},"modified":"2026-04-13T13:40:12","modified_gmt":"2026-04-13T10:40:12","slug":"peridot-ve-pirlanta-detayli-sallantili-kupe-zarif-tasarim","status":"publish","type":"product","link":"https:\/\/www.gasia.com.tr\/en\/collections\/peridot-ve-pirlanta-detayli-sallantili-kupe-zarif-tasarim\/","title":{"rendered":"Peridot ve P\u0131rlanta Detayl\u0131 Sallant\u0131l\u0131 K\u00fcpe \u2013 Zarif Tasar\u0131m"},"content":{"rendered":"<p>Canl\u0131 ye\u015fil tonlar\u0131yla \u00f6ne \u00e7\u0131kan peridot ta\u015flar, p\u0131rlanta detaylarla birle\u015ferek zarif ve \u0131\u015f\u0131lt\u0131l\u0131 bir g\u00f6r\u00fcn\u00fcm sunar. \u0130nce ve hareketli tasar\u0131m\u0131 sayesinde kula\u011fa \u015f\u0131k bir d\u00fc\u015f\u00fc\u015f sa\u011flar. G\u00fcnl\u00fck kullan\u0131mda enerjik bir dokunu\u015f, \u00f6zel anlarda ise dikkat \u00e7ekici bir tamamlay\u0131c\u0131d\u0131r.<\/p>","protected":false},"excerpt":{"rendered":"<ul>\n<li>24 Ayar Alt\u0131n<\/li>\n<li>0,17 ct P\u0131rlanta<\/li>\n<li>1,77 ct Peridot<\/li>\n<\/ul>","protected":false},"featured_media":39942,"comment_status":"open","ping_status":"closed","template":"","meta":[],"product_brand":[],"product_cat":[74],"product_tag":[1684,1715,1595,1655,1841,1840,395,1667,1839,1838,374,1836,814,375,1596,1585],"class_list":{"0":"post-39941","1":"product","2":"type-product","3":"status-publish","4":"has-post-thumbnail","6":"product_cat-kupe-modelleri","7":"product_tag-dangle-earrings","8":"product_tag-diamond-earrings","9":"product_tag-elegant-earrings","10":"product_tag-fine-jewelry","11":"product_tag-gemstone-jewelry","12":"product_tag-green-gemstone-earrings","13":"product_tag-kadin-kupe","14":"product_tag-luks-taki","15":"product_tag-peridot-earrings","16":"product_tag-peridot-kupe","17":"product_tag-pirlanta-kupe","18":"product_tag-renkli-tasli-kupe","19":"product_tag-sallantili-kupe","20":"product_tag-sik-kupe","21":"product_tag-women-earrings","22":"product_tag-yesil-tasli-kupe","23":"pa_cinsiyet-kadin","25":"first","26":"instock","27":"shipping-taxable","28":"purchasable","29":"product-type-simple"},"_links":{"self":[{"href":"https:\/\/www.gasia.com.tr\/en\/wp-json\/wp\/v2\/product\/39941","targetHints":{"allow":["GET"]}}],"collection":[{"href":"https:\/\/www.gasia.com.tr\/en\/wp-json\/wp\/v2\/product"}],"about":[{"href":"https:\/\/www.gasia.com.tr\/en\/wp-json\/wp\/v2\/types\/product"}],"replies":[{"embeddable":true,"href":"https:\/\/www.gasia.com.tr\/en\/wp-json\/wp\/v2\/comments?post=39941"}],"version-history":[{"count":3,"href":"https:\/\/www.gasia.com.tr\/en\/wp-json\/wp\/v2\/product\/39941\/revisions"}],"predecessor-version":[{"id":42007,"href":"https:\/\/www.gasia.com.tr\/en\/wp-json\/wp\/v2\/product\/39941\/revisions\/42007"}],"wp:featuredmedia":[{"embeddable":true,"href":"https:\/\/www.gasia.com.tr\/en\/wp-json\/wp\/v2\/media\/39942"}],"wp:attachment":[{"href":"https:\/\/www.gasia.com.tr\/en\/wp-json\/wp\/v2\/media?parent=39941"}],"wp:term":[{"taxonomy":"product_brand","embeddable":true,"href":"https:\/\/www.gasia.com.tr\/en\/wp-json\/wp\/v2\/product_brand?post=39941"},{"taxonomy":"product_cat","embeddable":true,"href":"https:\/\/www.gasia.com.tr\/en\/wp-json\/wp\/v2\/product_cat?post=39941"},{"taxonomy":"product_tag","embeddable":true,"href":"https:\/\/www.gasia.com.tr\/en\/wp-json\/wp\/v2\/product_tag?post=39941"}],"curies":[{"name":"wp","href":"https:\/\/api.w.org\/{rel}","templated":true}]}}