{"id":39944,"date":"2025-10-09T00:00:00","date_gmt":"2025-10-08T21:00:00","guid":{"rendered":"https:\/\/www.gasia.com.tr\/?post_type=product&#038;p=39944"},"modified":"2026-03-30T13:47:18","modified_gmt":"2026-03-30T10:47:18","slug":"cicek-form-tek-kupe-minimal-pirlanta-detayli-zarif-tasarim","status":"publish","type":"product","link":"https:\/\/www.gasia.com.tr\/en\/collections\/cicek-form-tek-kupe-minimal-pirlanta-detayli-zarif-tasarim\/","title":{"rendered":"\u00c7i\u00e7ek Form Tek K\u00fcpe \u2013 Minimal P\u0131rlanta Detayl\u0131 Zarif Tasar\u0131m"},"content":{"rendered":"<p>Halka form \u00fczerine tasarlanan bu tek k\u00fcpe, sade \u00e7izgilerle olu\u015fturulmu\u015f \u00e7i\u00e7ek fig\u00fcr\u00fc ve zarif p\u0131rlanta detaylar\u0131yla modern bir \u015f\u0131kl\u0131k sunar. Minimal tasar\u0131m\u0131 sayesinde g\u00fcnl\u00fck kullan\u0131ma uygunken, \u0131\u015f\u0131lt\u0131l\u0131 dokunu\u015flar\u0131yla stilinize zarif bir vurgu katar. Tek k\u00fcpe olarak kullan\u0131ld\u0131\u011f\u0131nda \u00f6zg\u00fcn ve \u00e7a\u011fda\u015f bir g\u00f6r\u00fcn\u00fcm olu\u015fturur.<\/p>","protected":false},"excerpt":{"rendered":"<p>Halka form \u00fczerine tasarlanan bu tek k\u00fcpe, sade \u00e7izgilerle olu\u015fturulmu\u015f \u00e7i\u00e7ek fig\u00fcr\u00fc ve zarif p\u0131rlanta detaylar\u0131yla modern bir \u015f\u0131kl\u0131k sunar.<\/p>","protected":false},"featured_media":39945,"comment_status":"open","ping_status":"closed","template":"","meta":[],"product_brand":[77],"product_cat":[74],"product_tag":[843,1751,1750,1655,1806,1768,1831,395,1537,1788,1792,374,814,1747,1746,1596],"class_list":{"0":"post-39944","1":"product","2":"type-product","3":"status-publish","4":"has-post-thumbnail","6":"product_brand-gasia","7":"product_cat-kupe-modelleri","8":"product_tag-cicek-kupe","9":"product_tag-dangle-earring","10":"product_tag-diamond-earring","11":"product_tag-fine-jewelry","12":"product_tag-flower-earring","13":"product_tag-halka-kupe","14":"product_tag-hoop-earring","15":"product_tag-kadin-kupe","16":"product_tag-minimal-kupe","17":"product_tag-minimalist-earrings","18":"product_tag-modern-taki","19":"product_tag-pirlanta-kupe","20":"product_tag-sallantili-kupe","21":"product_tag-single-earring","22":"product_tag-tek-kupe","23":"product_tag-women-earrings","24":"pa_cinsiyet-kadin","26":"first","27":"instock","28":"shipping-taxable","29":"product-type-simple"},"_links":{"self":[{"href":"https:\/\/www.gasia.com.tr\/en\/wp-json\/wp\/v2\/product\/39944","targetHints":{"allow":["GET"]}}],"collection":[{"href":"https:\/\/www.gasia.com.tr\/en\/wp-json\/wp\/v2\/product"}],"about":[{"href":"https:\/\/www.gasia.com.tr\/en\/wp-json\/wp\/v2\/types\/product"}],"replies":[{"embeddable":true,"href":"https:\/\/www.gasia.com.tr\/en\/wp-json\/wp\/v2\/comments?post=39944"}],"version-history":[{"count":1,"href":"https:\/\/www.gasia.com.tr\/en\/wp-json\/wp\/v2\/product\/39944\/revisions"}],"predecessor-version":[{"id":39946,"href":"https:\/\/www.gasia.com.tr\/en\/wp-json\/wp\/v2\/product\/39944\/revisions\/39946"}],"wp:featuredmedia":[{"embeddable":true,"href":"https:\/\/www.gasia.com.tr\/en\/wp-json\/wp\/v2\/media\/39945"}],"wp:attachment":[{"href":"https:\/\/www.gasia.com.tr\/en\/wp-json\/wp\/v2\/media?parent=39944"}],"wp:term":[{"taxonomy":"product_brand","embeddable":true,"href":"https:\/\/www.gasia.com.tr\/en\/wp-json\/wp\/v2\/product_brand?post=39944"},{"taxonomy":"product_cat","embeddable":true,"href":"https:\/\/www.gasia.com.tr\/en\/wp-json\/wp\/v2\/product_cat?post=39944"},{"taxonomy":"product_tag","embeddable":true,"href":"https:\/\/www.gasia.com.tr\/en\/wp-json\/wp\/v2\/product_tag?post=39944"}],"curies":[{"name":"wp","href":"https:\/\/api.w.org\/{rel}","templated":true}]}}